{"id":2628,"date":"2018-01-01T08:56:14","date_gmt":"2018-01-01T07:56:14","guid":{"rendered":"http:\/\/menabeplongee.com\/produit\/bahia-46\/"},"modified":"2020-02-04T08:34:45","modified_gmt":"2020-02-04T07:34:45","slug":"bahia-46","status":"publish","type":"product","link":"https:\/\/menabeplongee.com\/en\/produit\/bahia-46\/","title":{"rendered":"Bahia 46"},"content":{"rendered":"<table width=\"652\">\n<tbody>\n<tr>\n<td colspan=\"2\" width=\"170\"><strong>Type:\u00a0\u00a0\u00a0\u00a0\u00a0\u00a0\u00a0\u00a0\u00a0\u00a0\u00a0\u00a0\u00a0\u00a0\u00a0\u00a0 <\/strong><\/td>\n<td width=\"151\">Catamaran<\/td>\n<td width=\"104\"><strong>Engine:<\/strong><\/td>\n<td width=\"226\">2 x 38 cv Yanmar<\/td>\n<\/tr>\n<tr>\n<td colspan=\"2\" width=\"170\"><strong>Year of construction:<\/strong><\/td>\n<td width=\"151\">2004<\/td>\n<td width=\"104\"><strong>Water:<\/strong><\/td>\n<td width=\"226\">500 L<\/td>\n<\/tr>\n<tr>\n<td colspan=\"2\" width=\"170\"><strong>Length:<\/strong><\/td>\n<td width=\"151\">46 ft<\/td>\n<td width=\"104\"><strong>Fuel:<\/strong><\/td>\n<td width=\"226\">400 L<\/td>\n<\/tr>\n<tr>\n<td colspan=\"2\" width=\"170\"><strong>Width:<\/strong><\/td>\n<td width=\"151\">7,40m<\/td>\n<td width=\"104\"><strong>Electricity:<\/strong><\/td>\n<td width=\"226\">12v \u2013 220v<\/td>\n<\/tr>\n<tr>\n<td colspan=\"2\" width=\"170\"><strong>Drawing water:<\/strong><\/td>\n<td width=\"151\">0,90m<\/td>\n<td width=\"104\"><strong>Electronic:<\/strong><\/td>\n<td width=\"226\">Navigation Center &#8211; VHF &#8211; Plotter &#8211; GPS<\/td>\n<\/tr>\n<tr>\n<td width=\"159\"><strong>\u00a0<\/strong><\/p>\n<p><strong>\u00a0<\/strong><\/p>\n<p><strong>\u00a0<\/strong><\/p>\n<p><strong>Crew:<\/strong><\/td>\n<td colspan=\"4\" width=\"493\">&nbsp;<\/p>\n<p>&nbsp;<\/p>\n<p>&nbsp;<\/p>\n<p>1 Skipper \u2013 1 Cooker \/ sailor man<\/td>\n<\/tr>\n<tr>\n<td width=\"159\"><strong>Accommodations:<\/strong><\/td>\n<td colspan=\"4\" width=\"493\">Maximum passengers numbers : 8<\/p>\n<p>4 rooms with private toilet and shower\/WC<\/td>\n<\/tr>\n<tr>\n<td width=\"159\"><strong>Kitchen:<\/strong><\/td>\n<td colspan=\"4\" width=\"493\">Oven &#8211; Refrigerator &#8211; Freezer<\/td>\n<\/tr>\n<tr>\n<td width=\"159\"><strong>On board:<\/strong><\/td>\n<td colspan=\"4\" width=\"493\">1 dingy<\/td>\n<\/tr>\n<tr>\n<td width=\"159\"><\/td>\n<td colspan=\"4\" width=\"493\"><\/td>\n<\/tr>\n<\/tbody>\n<\/table>\n","protected":false},"excerpt":{"rendered":"<p>Type:\u00a0\u00a0\u00a0\u00a0\u00a0\u00a0\u00a0\u00a0\u00a0\u00a0\u00a0\u00a0\u00a0\u00a0\u00a0\u00a0 Catamaran Engine: 2 x 38 cv Yanmar Year of construction: 2004 Water: 500 L Length: 46 ft Fuel: 400&hellip;<\/p>\n","protected":false},"featured_media":2082,"template":"","meta":[],"product_brand":[],"product_cat":[88,89],"product_tag":[],"class_list":{"0":"post-2628","1":"product","2":"type-product","3":"status-publish","4":"has-post-thumbnail","6":"product_cat-catamaran-en","7":"product_cat-tout-en","9":"first","10":"instock","11":"shipping-taxable","12":"product-type-simple"},"yoast_head":"<!-- This site is optimized with the Yoast SEO plugin v25.3.1 - https:\/\/yoast.com\/wordpress\/plugins\/seo\/ -->\n<title>Bahia 46 - Menabe Plong\u00e9e<\/title>\n<meta name=\"robots\" content=\"index, follow, max-snippet:-1, max-image-preview:large, max-video-preview:-1\" \/>\n<link rel=\"canonical\" href=\"https:\/\/menabeplongee.com\/produit\/bahia-46\/\" \/>\n<meta property=\"og:locale\" content=\"en_US\" \/>\n<meta property=\"og:type\" content=\"article\" \/>\n<meta property=\"og:title\" content=\"Bahia 46 - Menabe Plong\u00e9e\" \/>\n<meta property=\"og:description\" content=\"Type:\u00a0\u00a0\u00a0\u00a0\u00a0\u00a0\u00a0\u00a0\u00a0\u00a0\u00a0\u00a0\u00a0\u00a0\u00a0\u00a0 Catamaran Engine: 2 x 38 cv Yanmar Year of construction: 2004 Water: 500 L Length: 46 ft Fuel: 400&hellip;\" \/>\n<meta property=\"og:url\" content=\"https:\/\/menabeplongee.com\/produit\/bahia-46\/\" \/>\n<meta property=\"og:site_name\" content=\"Menabe Plong\u00e9e\" \/>\n<meta property=\"article:publisher\" content=\"https:\/\/www.facebook.com\/croisiereplongeeNosybe\/\" \/>\n<meta property=\"article:modified_time\" content=\"2020-02-04T07:34:45+00:00\" \/>\n<meta property=\"og:image\" content=\"https:\/\/menabeplongee.com\/wp-content\/uploads\/2018\/01\/1-2.jpg\" \/>\n\t<meta property=\"og:image:width\" content=\"800\" \/>\n\t<meta property=\"og:image:height\" content=\"600\" \/>\n\t<meta property=\"og:image:type\" content=\"image\/jpeg\" \/>\n<meta name=\"twitter:card\" content=\"summary_large_image\" \/>\n<script type=\"application\/ld+json\" class=\"yoast-schema-graph\">{\"@context\":\"https:\/\/schema.org\",\"@graph\":[{\"@type\":\"WebPage\",\"@id\":\"https:\/\/menabeplongee.com\/produit\/bahia-46\/\",\"url\":\"https:\/\/menabeplongee.com\/produit\/bahia-46\/\",\"name\":\"Bahia 46 - Menabe Plong\u00e9e\",\"isPartOf\":{\"@id\":\"https:\/\/menabeplongee.com\/#website\"},\"primaryImageOfPage\":{\"@id\":\"https:\/\/menabeplongee.com\/produit\/bahia-46\/#primaryimage\"},\"image\":{\"@id\":\"https:\/\/menabeplongee.com\/produit\/bahia-46\/#primaryimage\"},\"thumbnailUrl\":\"https:\/\/menabeplongee.com\/wp-content\/uploads\/2018\/01\/1-2.jpg\",\"datePublished\":\"2018-01-01T07:56:14+00:00\",\"dateModified\":\"2020-02-04T07:34:45+00:00\",\"breadcrumb\":{\"@id\":\"https:\/\/menabeplongee.com\/produit\/bahia-46\/#breadcrumb\"},\"inLanguage\":\"en-US\",\"potentialAction\":[{\"@type\":\"ReadAction\",\"target\":[\"https:\/\/menabeplongee.com\/produit\/bahia-46\/\"]}]},{\"@type\":\"ImageObject\",\"inLanguage\":\"en-US\",\"@id\":\"https:\/\/menabeplongee.com\/produit\/bahia-46\/#primaryimage\",\"url\":\"https:\/\/menabeplongee.com\/wp-content\/uploads\/2018\/01\/1-2.jpg\",\"contentUrl\":\"https:\/\/menabeplongee.com\/wp-content\/uploads\/2018\/01\/1-2.jpg\",\"width\":800,\"height\":600},{\"@type\":\"BreadcrumbList\",\"@id\":\"https:\/\/menabeplongee.com\/produit\/bahia-46\/#breadcrumb\",\"itemListElement\":[{\"@type\":\"ListItem\",\"position\":1,\"name\":\"Home\",\"item\":\"https:\/\/menabeplongee.com\/en\/\"},{\"@type\":\"ListItem\",\"position\":2,\"name\":\"Catamaran\",\"item\":\"https:\/\/menabeplongee.com\/catamaran\/\"},{\"@type\":\"ListItem\",\"position\":3,\"name\":\"Bahia 46\"}]},{\"@type\":\"WebSite\",\"@id\":\"https:\/\/menabeplongee.com\/#website\",\"url\":\"https:\/\/menabeplongee.com\/\",\"name\":\"Menabe Plong\u00e9e\",\"description\":\"Croisi\u00e8re plong\u00e9e a Nosy be MADAGASCAR\",\"potentialAction\":[{\"@type\":\"SearchAction\",\"target\":{\"@type\":\"EntryPoint\",\"urlTemplate\":\"https:\/\/menabeplongee.com\/?s={search_term_string}\"},\"query-input\":{\"@type\":\"PropertyValueSpecification\",\"valueRequired\":true,\"valueName\":\"search_term_string\"}}],\"inLanguage\":\"en-US\"}]}<\/script>\n<!-- \/ Yoast SEO plugin. -->","yoast_head_json":{"title":"Bahia 46 - Menabe Plong\u00e9e","robots":{"index":"index","follow":"follow","max-snippet":"max-snippet:-1","max-image-preview":"max-image-preview:large","max-video-preview":"max-video-preview:-1"},"canonical":"https:\/\/menabeplongee.com\/produit\/bahia-46\/","og_locale":"en_US","og_type":"article","og_title":"Bahia 46 - Menabe Plong\u00e9e","og_description":"Type:\u00a0\u00a0\u00a0\u00a0\u00a0\u00a0\u00a0\u00a0\u00a0\u00a0\u00a0\u00a0\u00a0\u00a0\u00a0\u00a0 Catamaran Engine: 2 x 38 cv Yanmar Year of construction: 2004 Water: 500 L Length: 46 ft Fuel: 400&hellip;","og_url":"https:\/\/menabeplongee.com\/produit\/bahia-46\/","og_site_name":"Menabe Plong\u00e9e","article_publisher":"https:\/\/www.facebook.com\/croisiereplongeeNosybe\/","article_modified_time":"2020-02-04T07:34:45+00:00","og_image":[{"width":800,"height":600,"url":"https:\/\/menabeplongee.com\/wp-content\/uploads\/2018\/01\/1-2.jpg","type":"image\/jpeg"}],"twitter_card":"summary_large_image","schema":{"@context":"https:\/\/schema.org","@graph":[{"@type":"WebPage","@id":"https:\/\/menabeplongee.com\/produit\/bahia-46\/","url":"https:\/\/menabeplongee.com\/produit\/bahia-46\/","name":"Bahia 46 - Menabe Plong\u00e9e","isPartOf":{"@id":"https:\/\/menabeplongee.com\/#website"},"primaryImageOfPage":{"@id":"https:\/\/menabeplongee.com\/produit\/bahia-46\/#primaryimage"},"image":{"@id":"https:\/\/menabeplongee.com\/produit\/bahia-46\/#primaryimage"},"thumbnailUrl":"https:\/\/menabeplongee.com\/wp-content\/uploads\/2018\/01\/1-2.jpg","datePublished":"2018-01-01T07:56:14+00:00","dateModified":"2020-02-04T07:34:45+00:00","breadcrumb":{"@id":"https:\/\/menabeplongee.com\/produit\/bahia-46\/#breadcrumb"},"inLanguage":"en-US","potentialAction":[{"@type":"ReadAction","target":["https:\/\/menabeplongee.com\/produit\/bahia-46\/"]}]},{"@type":"ImageObject","inLanguage":"en-US","@id":"https:\/\/menabeplongee.com\/produit\/bahia-46\/#primaryimage","url":"https:\/\/menabeplongee.com\/wp-content\/uploads\/2018\/01\/1-2.jpg","contentUrl":"https:\/\/menabeplongee.com\/wp-content\/uploads\/2018\/01\/1-2.jpg","width":800,"height":600},{"@type":"BreadcrumbList","@id":"https:\/\/menabeplongee.com\/produit\/bahia-46\/#breadcrumb","itemListElement":[{"@type":"ListItem","position":1,"name":"Home","item":"https:\/\/menabeplongee.com\/en\/"},{"@type":"ListItem","position":2,"name":"Catamaran","item":"https:\/\/menabeplongee.com\/catamaran\/"},{"@type":"ListItem","position":3,"name":"Bahia 46"}]},{"@type":"WebSite","@id":"https:\/\/menabeplongee.com\/#website","url":"https:\/\/menabeplongee.com\/","name":"Menabe Plong\u00e9e","description":"Croisi\u00e8re plong\u00e9e a Nosy be MADAGASCAR","potentialAction":[{"@type":"SearchAction","target":{"@type":"EntryPoint","urlTemplate":"https:\/\/menabeplongee.com\/?s={search_term_string}"},"query-input":{"@type":"PropertyValueSpecification","valueRequired":true,"valueName":"search_term_string"}}],"inLanguage":"en-US"}]}},"_links":{"self":[{"href":"https:\/\/menabeplongee.com\/en\/wp-json\/wp\/v2\/product\/2628","targetHints":{"allow":["GET"]}}],"collection":[{"href":"https:\/\/menabeplongee.com\/en\/wp-json\/wp\/v2\/product"}],"about":[{"href":"https:\/\/menabeplongee.com\/en\/wp-json\/wp\/v2\/types\/product"}],"wp:featuredmedia":[{"embeddable":true,"href":"https:\/\/menabeplongee.com\/en\/wp-json\/wp\/v2\/media\/2082"}],"wp:attachment":[{"href":"https:\/\/menabeplongee.com\/en\/wp-json\/wp\/v2\/media?parent=2628"}],"wp:term":[{"taxonomy":"product_brand","embeddable":true,"href":"https:\/\/menabeplongee.com\/en\/wp-json\/wp\/v2\/product_brand?post=2628"},{"taxonomy":"product_cat","embeddable":true,"href":"https:\/\/menabeplongee.com\/en\/wp-json\/wp\/v2\/product_cat?post=2628"},{"taxonomy":"product_tag","embeddable":true,"href":"https:\/\/menabeplongee.com\/en\/wp-json\/wp\/v2\/product_tag?post=2628"}],"curies":[{"name":"wp","href":"https:\/\/api.w.org\/{rel}","templated":true}]}}