{"id":2626,"date":"2018-01-26T12:22:44","date_gmt":"2018-01-26T11:22:44","guid":{"rendered":"http:\/\/menabeplongee.com\/produit\/catamaran-de-1240m\/"},"modified":"2020-02-04T08:38:02","modified_gmt":"2020-02-04T07:38:02","slug":"catamaran-de-1240m","status":"publish","type":"product","link":"https:\/\/menabeplongee.com\/en\/produit\/catamaran-de-1240m\/","title":{"rendered":"Lagoon 41"},"content":{"rendered":"<table width=\"670\">\n<tbody>\n<tr>\n<td colspan=\"3\" width=\"180\"><strong>Type:\u00a0\u00a0\u00a0\u00a0\u00a0\u00a0\u00a0\u00a0\u00a0\u00a0\u00a0\u00a0\u00a0\u00a0\u00a0\u00a0 <\/strong><\/td>\n<td width=\"132\">Lagoon 410<\/td>\n<td width=\"103\"><strong>Engine:<\/strong><\/td>\n<td width=\"255\">2X40 CV<\/td>\n<\/tr>\n<tr>\n<td colspan=\"3\" width=\"180\"><strong>Year of construction:<\/strong><\/td>\n<td width=\"132\">2003<\/td>\n<td width=\"103\"><strong>Water:<\/strong><\/td>\n<td width=\"255\">440 L<\/td>\n<\/tr>\n<tr>\n<td colspan=\"3\" width=\"180\"><strong>Length:<\/strong><\/td>\n<td width=\"132\">41 ft<\/td>\n<td width=\"103\"><strong>Fuel:<\/strong><\/td>\n<td width=\"255\">200 L<\/td>\n<\/tr>\n<tr>\n<td colspan=\"3\" width=\"180\"><strong>Width:<\/strong><\/td>\n<td width=\"132\">7,10 m<\/td>\n<td width=\"103\"><strong>Electricity:<\/strong><\/td>\n<td width=\"255\">12v \u2013 220v<\/td>\n<\/tr>\n<tr>\n<td colspan=\"3\" width=\"180\"><strong>Drawing water:<\/strong><\/td>\n<td width=\"132\">1,20 m<\/td>\n<td width=\"103\"><strong>Electronic:<\/strong><\/td>\n<td width=\"255\">NKE &#8211; GPS<\/td>\n<\/tr>\n<tr>\n<td width=\"18\"><\/td>\n<td width=\"159\"><strong>\u00a0<\/strong><\/p>\n<p><strong>Crew:<\/strong><\/td>\n<td colspan=\"4\" width=\"493\">&nbsp;<\/p>\n<p>1 Skipper \u2013 1 Cooker \/ Sailor man<\/td>\n<\/tr>\n<tr>\n<td width=\"18\"><\/td>\n<td width=\"159\"><strong>Accommodations:<\/strong><\/td>\n<td colspan=\"4\" width=\"493\">Maximum passengers numbers: 8<\/p>\n<p>4 rooms with bathroom\/WC \u2013 1 outside shower<\/td>\n<\/tr>\n<tr>\n<td width=\"18\"><\/td>\n<td width=\"159\"><strong>Kitchen:<\/strong><\/td>\n<td colspan=\"4\" width=\"493\">Oven &#8211; Refrigerator<\/td>\n<\/tr>\n<tr>\n<td width=\"18\"><\/td>\n<td width=\"159\"><strong>On board:<\/strong><\/td>\n<td colspan=\"4\" width=\"493\">1 dingy with engine HB CV5\u00a0 \u2013 CD player \u2013 fishing equipments<\/td>\n<\/tr>\n<tr>\n<td width=\"18\"><\/td>\n<td width=\"159\"><\/td>\n<td colspan=\"4\" width=\"493\"><\/td>\n<\/tr>\n<\/tbody>\n<\/table>\n","protected":false},"excerpt":{"rendered":"<p>Type:\u00a0\u00a0\u00a0\u00a0\u00a0\u00a0\u00a0\u00a0\u00a0\u00a0\u00a0\u00a0\u00a0\u00a0\u00a0\u00a0 Lagoon 410 Engine: 2X40 CV Year of construction: 2003 Water: 440 L Length: 41 ft Fuel: 200 L Width:&hellip;<\/p>\n","protected":false},"featured_media":1932,"template":"","meta":[],"product_brand":[],"product_cat":[88,89],"product_tag":[],"class_list":{"0":"post-2626","1":"product","2":"type-product","3":"status-publish","4":"has-post-thumbnail","6":"product_cat-catamaran-en","7":"product_cat-tout-en","9":"first","10":"instock","11":"shipping-taxable","12":"product-type-simple"},"yoast_head":"<!-- This site is optimized with the Yoast SEO plugin v25.3.1 - https:\/\/yoast.com\/wordpress\/plugins\/seo\/ -->\n<title>Lagoon 41 - Menabe Plong\u00e9e<\/title>\n<meta name=\"robots\" content=\"index, follow, max-snippet:-1, max-image-preview:large, max-video-preview:-1\" \/>\n<link rel=\"canonical\" href=\"https:\/\/menabeplongee.com\/produit\/catamaran-de-1240m\/\" \/>\n<meta property=\"og:locale\" content=\"en_US\" \/>\n<meta property=\"og:type\" content=\"article\" \/>\n<meta property=\"og:title\" content=\"Lagoon 41 - Menabe Plong\u00e9e\" \/>\n<meta property=\"og:description\" content=\"Type:\u00a0\u00a0\u00a0\u00a0\u00a0\u00a0\u00a0\u00a0\u00a0\u00a0\u00a0\u00a0\u00a0\u00a0\u00a0\u00a0 Lagoon 410 Engine: 2X40 CV Year of construction: 2003 Water: 440 L Length: 41 ft Fuel: 200 L Width:&hellip;\" \/>\n<meta property=\"og:url\" content=\"https:\/\/menabeplongee.com\/produit\/catamaran-de-1240m\/\" \/>\n<meta property=\"og:site_name\" content=\"Menabe Plong\u00e9e\" \/>\n<meta property=\"article:publisher\" content=\"https:\/\/www.facebook.com\/croisiereplongeeNosybe\/\" \/>\n<meta property=\"article:modified_time\" content=\"2020-02-04T07:38:02+00:00\" \/>\n<meta property=\"og:image\" content=\"https:\/\/menabeplongee.com\/wp-content\/uploads\/2018\/01\/shadock1.jpg\" \/>\n\t<meta property=\"og:image:width\" content=\"1080\" \/>\n\t<meta property=\"og:image:height\" content=\"1440\" \/>\n\t<meta property=\"og:image:type\" content=\"image\/jpeg\" \/>\n<meta name=\"twitter:card\" content=\"summary_large_image\" \/>\n<script type=\"application\/ld+json\" class=\"yoast-schema-graph\">{\"@context\":\"https:\/\/schema.org\",\"@graph\":[{\"@type\":\"WebPage\",\"@id\":\"https:\/\/menabeplongee.com\/produit\/catamaran-de-1240m\/\",\"url\":\"https:\/\/menabeplongee.com\/produit\/catamaran-de-1240m\/\",\"name\":\"Lagoon 41 - Menabe Plong\u00e9e\",\"isPartOf\":{\"@id\":\"https:\/\/menabeplongee.com\/#website\"},\"primaryImageOfPage\":{\"@id\":\"https:\/\/menabeplongee.com\/produit\/catamaran-de-1240m\/#primaryimage\"},\"image\":{\"@id\":\"https:\/\/menabeplongee.com\/produit\/catamaran-de-1240m\/#primaryimage\"},\"thumbnailUrl\":\"https:\/\/menabeplongee.com\/wp-content\/uploads\/2018\/01\/shadock1.jpg\",\"datePublished\":\"2018-01-26T11:22:44+00:00\",\"dateModified\":\"2020-02-04T07:38:02+00:00\",\"breadcrumb\":{\"@id\":\"https:\/\/menabeplongee.com\/produit\/catamaran-de-1240m\/#breadcrumb\"},\"inLanguage\":\"en-US\",\"potentialAction\":[{\"@type\":\"ReadAction\",\"target\":[\"https:\/\/menabeplongee.com\/produit\/catamaran-de-1240m\/\"]}]},{\"@type\":\"ImageObject\",\"inLanguage\":\"en-US\",\"@id\":\"https:\/\/menabeplongee.com\/produit\/catamaran-de-1240m\/#primaryimage\",\"url\":\"https:\/\/menabeplongee.com\/wp-content\/uploads\/2018\/01\/shadock1.jpg\",\"contentUrl\":\"https:\/\/menabeplongee.com\/wp-content\/uploads\/2018\/01\/shadock1.jpg\",\"width\":1080,\"height\":1440,\"caption\":\"OLYMPUS DIGITAL CAMERA\"},{\"@type\":\"BreadcrumbList\",\"@id\":\"https:\/\/menabeplongee.com\/produit\/catamaran-de-1240m\/#breadcrumb\",\"itemListElement\":[{\"@type\":\"ListItem\",\"position\":1,\"name\":\"Home\",\"item\":\"https:\/\/menabeplongee.com\/en\/\"},{\"@type\":\"ListItem\",\"position\":2,\"name\":\"Catamaran\",\"item\":\"https:\/\/menabeplongee.com\/catamaran\/\"},{\"@type\":\"ListItem\",\"position\":3,\"name\":\"Lagoon 41\"}]},{\"@type\":\"WebSite\",\"@id\":\"https:\/\/menabeplongee.com\/#website\",\"url\":\"https:\/\/menabeplongee.com\/\",\"name\":\"Menabe Plong\u00e9e\",\"description\":\"Croisi\u00e8re plong\u00e9e a Nosy be MADAGASCAR\",\"potentialAction\":[{\"@type\":\"SearchAction\",\"target\":{\"@type\":\"EntryPoint\",\"urlTemplate\":\"https:\/\/menabeplongee.com\/?s={search_term_string}\"},\"query-input\":{\"@type\":\"PropertyValueSpecification\",\"valueRequired\":true,\"valueName\":\"search_term_string\"}}],\"inLanguage\":\"en-US\"}]}<\/script>\n<!-- \/ Yoast SEO plugin. -->","yoast_head_json":{"title":"Lagoon 41 - Menabe Plong\u00e9e","robots":{"index":"index","follow":"follow","max-snippet":"max-snippet:-1","max-image-preview":"max-image-preview:large","max-video-preview":"max-video-preview:-1"},"canonical":"https:\/\/menabeplongee.com\/produit\/catamaran-de-1240m\/","og_locale":"en_US","og_type":"article","og_title":"Lagoon 41 - Menabe Plong\u00e9e","og_description":"Type:\u00a0\u00a0\u00a0\u00a0\u00a0\u00a0\u00a0\u00a0\u00a0\u00a0\u00a0\u00a0\u00a0\u00a0\u00a0\u00a0 Lagoon 410 Engine: 2X40 CV Year of construction: 2003 Water: 440 L Length: 41 ft Fuel: 200 L Width:&hellip;","og_url":"https:\/\/menabeplongee.com\/produit\/catamaran-de-1240m\/","og_site_name":"Menabe Plong\u00e9e","article_publisher":"https:\/\/www.facebook.com\/croisiereplongeeNosybe\/","article_modified_time":"2020-02-04T07:38:02+00:00","og_image":[{"width":1080,"height":1440,"url":"https:\/\/menabeplongee.com\/wp-content\/uploads\/2018\/01\/shadock1.jpg","type":"image\/jpeg"}],"twitter_card":"summary_large_image","schema":{"@context":"https:\/\/schema.org","@graph":[{"@type":"WebPage","@id":"https:\/\/menabeplongee.com\/produit\/catamaran-de-1240m\/","url":"https:\/\/menabeplongee.com\/produit\/catamaran-de-1240m\/","name":"Lagoon 41 - Menabe Plong\u00e9e","isPartOf":{"@id":"https:\/\/menabeplongee.com\/#website"},"primaryImageOfPage":{"@id":"https:\/\/menabeplongee.com\/produit\/catamaran-de-1240m\/#primaryimage"},"image":{"@id":"https:\/\/menabeplongee.com\/produit\/catamaran-de-1240m\/#primaryimage"},"thumbnailUrl":"https:\/\/menabeplongee.com\/wp-content\/uploads\/2018\/01\/shadock1.jpg","datePublished":"2018-01-26T11:22:44+00:00","dateModified":"2020-02-04T07:38:02+00:00","breadcrumb":{"@id":"https:\/\/menabeplongee.com\/produit\/catamaran-de-1240m\/#breadcrumb"},"inLanguage":"en-US","potentialAction":[{"@type":"ReadAction","target":["https:\/\/menabeplongee.com\/produit\/catamaran-de-1240m\/"]}]},{"@type":"ImageObject","inLanguage":"en-US","@id":"https:\/\/menabeplongee.com\/produit\/catamaran-de-1240m\/#primaryimage","url":"https:\/\/menabeplongee.com\/wp-content\/uploads\/2018\/01\/shadock1.jpg","contentUrl":"https:\/\/menabeplongee.com\/wp-content\/uploads\/2018\/01\/shadock1.jpg","width":1080,"height":1440,"caption":"OLYMPUS DIGITAL CAMERA"},{"@type":"BreadcrumbList","@id":"https:\/\/menabeplongee.com\/produit\/catamaran-de-1240m\/#breadcrumb","itemListElement":[{"@type":"ListItem","position":1,"name":"Home","item":"https:\/\/menabeplongee.com\/en\/"},{"@type":"ListItem","position":2,"name":"Catamaran","item":"https:\/\/menabeplongee.com\/catamaran\/"},{"@type":"ListItem","position":3,"name":"Lagoon 41"}]},{"@type":"WebSite","@id":"https:\/\/menabeplongee.com\/#website","url":"https:\/\/menabeplongee.com\/","name":"Menabe Plong\u00e9e","description":"Croisi\u00e8re plong\u00e9e a Nosy be MADAGASCAR","potentialAction":[{"@type":"SearchAction","target":{"@type":"EntryPoint","urlTemplate":"https:\/\/menabeplongee.com\/?s={search_term_string}"},"query-input":{"@type":"PropertyValueSpecification","valueRequired":true,"valueName":"search_term_string"}}],"inLanguage":"en-US"}]}},"_links":{"self":[{"href":"https:\/\/menabeplongee.com\/en\/wp-json\/wp\/v2\/product\/2626","targetHints":{"allow":["GET"]}}],"collection":[{"href":"https:\/\/menabeplongee.com\/en\/wp-json\/wp\/v2\/product"}],"about":[{"href":"https:\/\/menabeplongee.com\/en\/wp-json\/wp\/v2\/types\/product"}],"wp:featuredmedia":[{"embeddable":true,"href":"https:\/\/menabeplongee.com\/en\/wp-json\/wp\/v2\/media\/1932"}],"wp:attachment":[{"href":"https:\/\/menabeplongee.com\/en\/wp-json\/wp\/v2\/media?parent=2626"}],"wp:term":[{"taxonomy":"product_brand","embeddable":true,"href":"https:\/\/menabeplongee.com\/en\/wp-json\/wp\/v2\/product_brand?post=2626"},{"taxonomy":"product_cat","embeddable":true,"href":"https:\/\/menabeplongee.com\/en\/wp-json\/wp\/v2\/product_cat?post=2626"},{"taxonomy":"product_tag","embeddable":true,"href":"https:\/\/menabeplongee.com\/en\/wp-json\/wp\/v2\/product_tag?post=2626"}],"curies":[{"name":"wp","href":"https:\/\/api.w.org\/{rel}","templated":true}]}}