{"id":2527,"date":"2018-02-06T07:59:13","date_gmt":"2018-02-06T06:59:13","guid":{"rendered":"http:\/\/menabeplongee.com\/galerie\/videos\/"},"modified":"2020-01-25T11:22:05","modified_gmt":"2020-01-25T10:22:05","slug":"videos","status":"publish","type":"page","link":"https:\/\/menabeplongee.com\/en\/gallery\/videos\/","title":{"rendered":"Videos"},"content":{"rendered":"<section id=\"huge_it_videogallery_content_1\" class=\"gallery-video-content\"\r\n         data-gallery-video-id=\"1\"\r\n         data-gallery-video-perpage=\"5\">\r\n    <div id=\"huge_it_videogallery_container_1\"\r\n         class=\"huge_it_videogallery_container super-list variable-sizes clearfix view-lightbox-gallery\"\r\n         data-show-center=\"off\">\r\n        <div id=\"huge_it_videogallery_container_moving_1\"\r\n             class=\"super-list variable-sizes clearfix\">\r\n            <input type=\"hidden\" class=\"pagenum\" value=\"1\"\/>\r\n            <input type=\"hidden\" id=\"total\" value=\"2\"\/>\r\n                            <div data-id=\"19\"\r\n                     class=\"video-element_1 video-element\" tabindex=\"0\"\r\n                     data-symbol=\"Radama\"\r\n                     data-category=\"alkaline-earth\">\r\n                    <div class=\"image-block_1\">\r\n                                                    <a class=\"vyoutube huge_it_videogallery_item group1\"\r\n                               href=\"\/\/www.youtube.com\/embed\/mRBQvAa0mUQ\"\r\n                               title=\"Radama\"\r\n                               data-description=\"\"\r\n                               data-id=\"19\">\r\n                                <img decoding=\"async\" src=\"\/\/img.youtube.com\/vi\/mRBQvAa0mUQ\/mqdefault.jpg\"\r\n                                     alt=\"Radama\"\/>\r\n                                <div class=\"play-icon http:\/\/youtube-icon\"><\/div>\r\n                            <\/a>\r\n                                                <\/div>\r\n                                            <div class=\"title-block_1\">\r\n                                                    Radama                                                <\/div>\r\n                                    <\/div>\r\n                                <div data-id=\"18\"\r\n                     class=\"video-element_1 video-element\" tabindex=\"0\"\r\n                     data-symbol=\"Croisi\u00e8re Plong\u00e9e\"\r\n                     data-category=\"alkaline-earth\">\r\n                    <div class=\"image-block_1\">\r\n                                                    <a class=\"vyoutube huge_it_videogallery_item group1\"\r\n                               href=\"\/\/www.youtube.com\/embed\/weMfv85zwkI\"\r\n                               title=\"Croisi\u00e8re Plong\u00e9e\"\r\n                               data-description=\"\"\r\n                               data-id=\"18\">\r\n                                <img decoding=\"async\" src=\"\/\/img.youtube.com\/vi\/weMfv85zwkI\/mqdefault.jpg\"\r\n                                     alt=\"Croisi\u00e8re Plong\u00e9e\"\/>\r\n                                <div class=\"play-icon http:\/\/youtube-icon\"><\/div>\r\n                            <\/a>\r\n                                                <\/div>\r\n                                            <div class=\"title-block_1\">\r\n                                                    Croisi\u00e8re Plong\u00e9e                                                <\/div>\r\n                                    <\/div>\r\n                                <div data-id=\"17\"\r\n                     class=\"video-element_1 video-element\" tabindex=\"0\"\r\n                     data-symbol=\"Rencontre en navigation...\"\r\n                     data-category=\"alkaline-earth\">\r\n                    <div class=\"image-block_1\">\r\n                                                    <a class=\"vyoutube huge_it_videogallery_item group1\"\r\n                               href=\"\/\/www.youtube.com\/embed\/2RDX7N4PTiU\"\r\n                               title=\"Rencontre en navigation...\"\r\n                               data-description=\"\"\r\n                               data-id=\"17\">\r\n                                <img decoding=\"async\" src=\"\/\/img.youtube.com\/vi\/2RDX7N4PTiU\/mqdefault.jpg\"\r\n                                     alt=\"Rencontre en navigation...\"\/>\r\n                                <div class=\"play-icon http:\/\/youtube-icon\"><\/div>\r\n                            <\/a>\r\n                                                <\/div>\r\n                                            <div class=\"title-block_1\">\r\n                                                    Rencontre en navigation...                                                <\/div>\r\n                                    <\/div>\r\n                                <div data-id=\"16\"\r\n                     class=\"video-element_1 video-element\" tabindex=\"0\"\r\n                     data-symbol=\"Petit castor Mitsio\"\r\n                     data-category=\"alkaline-earth\">\r\n                    <div class=\"image-block_1\">\r\n                                                    <a class=\"vyoutube huge_it_videogallery_item group1\"\r\n                               href=\"\/\/www.youtube.com\/embed\/4zFnT0spSGI\"\r\n                               title=\"Petit castor Mitsio\"\r\n                               data-description=\"\"\r\n                               data-id=\"16\">\r\n                                <img decoding=\"async\" src=\"\/\/img.youtube.com\/vi\/4zFnT0spSGI\/mqdefault.jpg\"\r\n                                     alt=\"Petit castor Mitsio\"\/>\r\n                                <div class=\"play-icon http:\/\/youtube-icon\"><\/div>\r\n                            <\/a>\r\n                                                <\/div>\r\n                                            <div class=\"title-block_1\">\r\n                                                    Petit castor Mitsio                                                <\/div>\r\n                                    <\/div>\r\n                                <div data-id=\"15\"\r\n                     class=\"video-element_1 video-element\" tabindex=\"0\"\r\n                     data-symbol=\"Radama\"\r\n                     data-category=\"alkaline-earth\">\r\n                    <div class=\"image-block_1\">\r\n                                                    <a class=\"vyoutube huge_it_videogallery_item group1\"\r\n                               href=\"\/\/www.youtube.com\/embed\/stzQ_qf1ZC8\"\r\n                               title=\"Radama\"\r\n                               data-description=\"\"\r\n                               data-id=\"15\">\r\n                                <img decoding=\"async\" src=\"\/\/img.youtube.com\/vi\/stzQ_qf1ZC8\/mqdefault.jpg\"\r\n                                     alt=\"Radama\"\/>\r\n                                <div class=\"play-icon http:\/\/youtube-icon\"><\/div>\r\n                            <\/a>\r\n                                                <\/div>\r\n                                            <div class=\"title-block_1\">\r\n                                                    Radama                                                <\/div>\r\n                                    <\/div>\r\n                                <div data-id=\"14\"\r\n                     class=\"video-element_1 video-element\" tabindex=\"0\"\r\n                     data-symbol=\"Requin baleine\"\r\n                     data-category=\"alkaline-earth\">\r\n                    <div class=\"image-block_1\">\r\n                                                    <a class=\"vyoutube huge_it_videogallery_item group1\"\r\n                               href=\"\/\/www.youtube.com\/embed\/J9yucKQn1lo\"\r\n                               title=\"Requin baleine\"\r\n                               data-description=\"\"\r\n                               data-id=\"14\">\r\n                                <img decoding=\"async\" src=\"\/\/img.youtube.com\/vi\/J9yucKQn1lo\/mqdefault.jpg\"\r\n                                     alt=\"Requin baleine\"\/>\r\n                                <div class=\"play-icon http:\/\/youtube-icon\"><\/div>\r\n                            <\/a>\r\n                                                <\/div>\r\n                                            <div class=\"title-block_1\">\r\n                                                    Requin baleine                                                <\/div>\r\n                                    <\/div>\r\n                                <div data-id=\"13\"\r\n                     class=\"video-element_1 video-element\" tabindex=\"0\"\r\n                     data-symbol=\"Mitsio\"\r\n                     data-category=\"alkaline-earth\">\r\n                    <div class=\"image-block_1\">\r\n                                                    <a class=\"vyoutube huge_it_videogallery_item group1\"\r\n                               href=\"\/\/www.youtube.com\/embed\/WAoe7ug8ryk\"\r\n                               title=\"Mitsio\"\r\n                               data-description=\"\"\r\n                               data-id=\"13\">\r\n                                <img decoding=\"async\" src=\"\/\/img.youtube.com\/vi\/WAoe7ug8ryk\/mqdefault.jpg\"\r\n                                     alt=\"Mitsio\"\/>\r\n                                <div class=\"play-icon http:\/\/youtube-icon\"><\/div>\r\n                            <\/a>\r\n                                                <\/div>\r\n                                            <div class=\"title-block_1\">\r\n                                                    Mitsio                                                <\/div>\r\n                                    <\/div>\r\n                                <div data-id=\"11\"\r\n                     class=\"video-element_1 video-element\" tabindex=\"0\"\r\n                     data-symbol=\"Diversit\u00e9\"\r\n                     data-category=\"alkaline-earth\">\r\n                    <div class=\"image-block_1\">\r\n                                                    <a class=\"vyoutube huge_it_videogallery_item group1\"\r\n                               href=\"\/\/www.youtube.com\/embed\/zCIxs9Wj3Gs\"\r\n                               title=\"Diversit\u00e9\"\r\n                               data-description=\"\"\r\n                               data-id=\"11\">\r\n                                <img decoding=\"async\" src=\"\/\/img.youtube.com\/vi\/zCIxs9Wj3Gs\/mqdefault.jpg\"\r\n                                     alt=\"Diversit\u00e9\"\/>\r\n                                <div class=\"play-icon http:\/\/youtube-icon\"><\/div>\r\n                            <\/a>\r\n                                                <\/div>\r\n                                            <div class=\"title-block_1\">\r\n                                                    Diversit\u00e9                                                <\/div>\r\n                                    <\/div>\r\n                        <\/div>\r\n    <\/div>\r\n\r\n    <\/section><style>\r\n\r\n.video-element_1 {\r\n    width: 100%;\r\n    max-width:275px;\r\n    margin:0 0 10px 0;\r\n    border:0px solid #EEEEEE;\r\n    border-radius:3px;\r\n    outline:none;\r\n    overflow:hidden;\r\n    box-sizing: content-box;\r\n}\r\n\r\n.video-element_1 .image-block_1 {\r\n    position:relative;\r\n    width: 100%;\r\n    max-width:275px;\r\n}\r\n\r\n.video-element_1 .image-block_1 a {display:block;box-shadow: none !important;}\r\n\r\n.video-element_1 .image-block_1 img {\r\n    width:275px !important;\r\n    height:auto;\r\n    display:block;\r\n    border-radius: 0 !important;\r\n    box-shadow: 0 0 0 rgba(0, 0, 0, 0) !important;\r\n}\r\n\r\n.video-element_1 .image-block_1 img:hover {\r\n    cursor: -webkit-zoom-in; cursor: -moz-zoom-in;\r\n}\r\n\r\n.video-element_1 .image-block_1 .play-icon {\r\n    position:absolute;\r\n    top:0;\r\n    left:0;\r\n    width:100%;\r\n    height:100%;\r\n    cursor: -webkit-zoom-in;\r\n    cursor: -moz-zoom-in;\r\n}\r\n\r\n.video-element_1 .image-block_1  .play-icon.youtube-icon {background:url(https:\/\/menabeplongee.com\/wp-content\/plugins\/gallery-video\/assets\/images\/admin_images\/play.youtube.png) center center no-repeat;}\r\n\r\n.video-element_1 .image-block_1  .play-icon.vimeo-icon {background:url(https:\/\/menabeplongee.com\/wp-content\/plugins\/gallery-video\/assets\/images\/admin_images\/play.vimeo.png) center center no-repeat;}\r\n\r\n\r\n.video-element_1 .title-block_1 {\r\n    position:absolute;\r\n    text-overflow: ellipsis;\r\n    overflow: hidden;\r\n    left:0;\r\n    width:100%;\r\n    height:30px;\r\n    bottom:-35px;\r\n    color:#C02121;\r\n    background: rgba(0,0,0,0.8)  !important;\r\n    -webkit-transition: bottom 0.3s ease-out 0.1s;\r\n    -moz-transition: bottom 0.3s ease-out 0.1s;\r\n    -o-transition: bottom 0.3s ease-out 0.1s;\r\n    transition: bottom 0.3s ease-out 0.1s;\r\n}\r\n.entry-content a{\r\n    border-bottom: 0;\r\n}\r\n.video-element_1:hover .title-block_1 {bottom:0;}\r\n\r\n.video-element_1 .title-block_1 a, .video-element_1 .title-block_1 a:link, .video-element_1 .title-block_1 a:visited {\r\n    position:relative;\r\n    margin:0;\r\n    padding:0 1% 0 2%;\r\n    width:97%;\r\n    text-decoration:none;\r\n    text-overflow: ellipsis;\r\n    overflow: hidden;\r\n    white-space:nowrap;\r\n    z-index:20;\r\n    font-size: 16px;\r\n    color:#C02121;\r\n    font-weight:normal;\r\n    box-shadow: none !important;\r\n}\r\n\r\n.video-element_1 .title-block_1 a:hover, .video-element_1 .title-block_1 a:focus, .video-element_1 .title-block_1 a:active {\r\n    color:#FF2C2C;\r\n    text-decoration:none;\r\n}\r\n\r\n.load_more4 {\r\n    margin: 10px 0;\r\n    position:relative;\r\n    text-align:center;\r\n    width:100%;\r\n}\r\n\r\n.load_more_button4 {\r\n    border-radius: 10px;\r\n    display:inline-block;\r\n    padding:5px 15px;\r\n    font-size:16px !important;;\r\n    color:#FF0D0D !important;;\r\n    background:#5CADFF !important;\r\n    cursor:pointer;\r\n\r\n}\r\n.load_more_button4:hover{\r\n    color:#FF4040 !important;\r\n    background:#99C5FF !important;\r\n}\r\n\r\n.loading4 {\r\n    display:none;\r\n}\r\n.paginate4{\r\n    font-size:19px !important;\r\n    color:#FF2C2C !important;\r\n    text-align: center;\r\n    margin-top: 25px;\r\n}\r\n.paginate4 a{\r\n    border-bottom: none !important;\r\n    box-shadow: none !important;\r\n}\r\n.icon-style4{\r\n    font-size: 21px !important;\r\n    color:#B82020 !important;\r\n}\r\n.clear{\r\n    clear:both;\r\n}\r\n<\/style>\n","protected":false},"excerpt":{"rendered":"Radama Croisi\u00e8re Plong\u00e9e Rencontre en navigation... Petit castor Mitsio Radama Requin baleine Mitsio Diversit\u00e9 .video-element_1 { width: 100%; max-width:275px; margin:0&hellip;","protected":false},"author":1,"featured_media":0,"parent":2512,"menu_order":0,"comment_status":"closed","ping_status":"closed","template":"","meta":{"footnotes":""},"class_list":["post-2527","page","type-page","status-publish","hentry"],"yoast_head":"<!-- This site is optimized with the Yoast SEO plugin v25.3.1 - https:\/\/yoast.com\/wordpress\/plugins\/seo\/ -->\n<title>Videos - Menabe Plong\u00e9e<\/title>\n<meta name=\"robots\" content=\"index, follow, max-snippet:-1, max-image-preview:large, max-video-preview:-1\" \/>\n<link rel=\"canonical\" href=\"https:\/\/menabeplongee.com\/galerie\/videos\/\" \/>\n<meta property=\"og:locale\" content=\"en_US\" \/>\n<meta property=\"og:type\" content=\"article\" \/>\n<meta property=\"og:title\" content=\"Videos - Menabe Plong\u00e9e\" \/>\n<meta property=\"og:url\" content=\"https:\/\/menabeplongee.com\/galerie\/videos\/\" \/>\n<meta property=\"og:site_name\" content=\"Menabe Plong\u00e9e\" \/>\n<meta property=\"article:publisher\" content=\"https:\/\/www.facebook.com\/croisiereplongeeNosybe\/\" \/>\n<meta property=\"article:modified_time\" content=\"2020-01-25T10:22:05+00:00\" \/>\n<meta property=\"og:image\" content=\"https:\/\/menabeplongee.com\/wp-content\/uploads\/2018\/02\/LOGO-menabe-plongee.png\" \/>\n<meta name=\"twitter:card\" content=\"summary_large_image\" \/>\n<script type=\"application\/ld+json\" class=\"yoast-schema-graph\">{\"@context\":\"https:\/\/schema.org\",\"@graph\":[{\"@type\":\"WebPage\",\"@id\":\"https:\/\/menabeplongee.com\/galerie\/videos\/\",\"url\":\"https:\/\/menabeplongee.com\/galerie\/videos\/\",\"name\":\"Videos - Menabe Plong\u00e9e\",\"isPartOf\":{\"@id\":\"https:\/\/menabeplongee.com\/#website\"},\"datePublished\":\"2018-02-06T06:59:13+00:00\",\"dateModified\":\"2020-01-25T10:22:05+00:00\",\"breadcrumb\":{\"@id\":\"https:\/\/menabeplongee.com\/galerie\/videos\/#breadcrumb\"},\"inLanguage\":\"en-US\",\"potentialAction\":[{\"@type\":\"ReadAction\",\"target\":[\"https:\/\/menabeplongee.com\/galerie\/videos\/\"]}]},{\"@type\":\"BreadcrumbList\",\"@id\":\"https:\/\/menabeplongee.com\/galerie\/videos\/#breadcrumb\",\"itemListElement\":[{\"@type\":\"ListItem\",\"position\":1,\"name\":\"Home\",\"item\":\"https:\/\/menabeplongee.com\/en\/\"},{\"@type\":\"ListItem\",\"position\":2,\"name\":\"Gallery\",\"item\":\"https:\/\/menabeplongee.com\/galerie\/\"},{\"@type\":\"ListItem\",\"position\":3,\"name\":\"Videos\"}]},{\"@type\":\"WebSite\",\"@id\":\"https:\/\/menabeplongee.com\/#website\",\"url\":\"https:\/\/menabeplongee.com\/\",\"name\":\"Menabe Plong\u00e9e\",\"description\":\"Croisi\u00e8re plong\u00e9e a Nosy be MADAGASCAR\",\"potentialAction\":[{\"@type\":\"SearchAction\",\"target\":{\"@type\":\"EntryPoint\",\"urlTemplate\":\"https:\/\/menabeplongee.com\/?s={search_term_string}\"},\"query-input\":{\"@type\":\"PropertyValueSpecification\",\"valueRequired\":true,\"valueName\":\"search_term_string\"}}],\"inLanguage\":\"en-US\"}]}<\/script>\n<!-- \/ Yoast SEO plugin. -->","yoast_head_json":{"title":"Videos - Menabe Plong\u00e9e","robots":{"index":"index","follow":"follow","max-snippet":"max-snippet:-1","max-image-preview":"max-image-preview:large","max-video-preview":"max-video-preview:-1"},"canonical":"https:\/\/menabeplongee.com\/galerie\/videos\/","og_locale":"en_US","og_type":"article","og_title":"Videos - Menabe Plong\u00e9e","og_url":"https:\/\/menabeplongee.com\/galerie\/videos\/","og_site_name":"Menabe Plong\u00e9e","article_publisher":"https:\/\/www.facebook.com\/croisiereplongeeNosybe\/","article_modified_time":"2020-01-25T10:22:05+00:00","og_image":[{"url":"https:\/\/menabeplongee.com\/wp-content\/uploads\/2018\/02\/LOGO-menabe-plongee.png","type":"","width":"","height":""}],"twitter_card":"summary_large_image","schema":{"@context":"https:\/\/schema.org","@graph":[{"@type":"WebPage","@id":"https:\/\/menabeplongee.com\/galerie\/videos\/","url":"https:\/\/menabeplongee.com\/galerie\/videos\/","name":"Videos - Menabe Plong\u00e9e","isPartOf":{"@id":"https:\/\/menabeplongee.com\/#website"},"datePublished":"2018-02-06T06:59:13+00:00","dateModified":"2020-01-25T10:22:05+00:00","breadcrumb":{"@id":"https:\/\/menabeplongee.com\/galerie\/videos\/#breadcrumb"},"inLanguage":"en-US","potentialAction":[{"@type":"ReadAction","target":["https:\/\/menabeplongee.com\/galerie\/videos\/"]}]},{"@type":"BreadcrumbList","@id":"https:\/\/menabeplongee.com\/galerie\/videos\/#breadcrumb","itemListElement":[{"@type":"ListItem","position":1,"name":"Home","item":"https:\/\/menabeplongee.com\/en\/"},{"@type":"ListItem","position":2,"name":"Gallery","item":"https:\/\/menabeplongee.com\/galerie\/"},{"@type":"ListItem","position":3,"name":"Videos"}]},{"@type":"WebSite","@id":"https:\/\/menabeplongee.com\/#website","url":"https:\/\/menabeplongee.com\/","name":"Menabe Plong\u00e9e","description":"Croisi\u00e8re plong\u00e9e a Nosy be MADAGASCAR","potentialAction":[{"@type":"SearchAction","target":{"@type":"EntryPoint","urlTemplate":"https:\/\/menabeplongee.com\/?s={search_term_string}"},"query-input":{"@type":"PropertyValueSpecification","valueRequired":true,"valueName":"search_term_string"}}],"inLanguage":"en-US"}]}},"_links":{"self":[{"href":"https:\/\/menabeplongee.com\/en\/wp-json\/wp\/v2\/pages\/2527","targetHints":{"allow":["GET"]}}],"collection":[{"href":"https:\/\/menabeplongee.com\/en\/wp-json\/wp\/v2\/pages"}],"about":[{"href":"https:\/\/menabeplongee.com\/en\/wp-json\/wp\/v2\/types\/page"}],"author":[{"embeddable":true,"href":"https:\/\/menabeplongee.com\/en\/wp-json\/wp\/v2\/users\/1"}],"replies":[{"embeddable":true,"href":"https:\/\/menabeplongee.com\/en\/wp-json\/wp\/v2\/comments?post=2527"}],"version-history":[{"count":0,"href":"https:\/\/menabeplongee.com\/en\/wp-json\/wp\/v2\/pages\/2527\/revisions"}],"up":[{"embeddable":true,"href":"https:\/\/menabeplongee.com\/en\/wp-json\/wp\/v2\/pages\/2512"}],"wp:attachment":[{"href":"https:\/\/menabeplongee.com\/en\/wp-json\/wp\/v2\/media?parent=2527"}],"curies":[{"name":"wp","href":"https:\/\/api.w.org\/{rel}","templated":true}]}}