{"id":2524,"date":"2018-02-03T08:13:57","date_gmt":"2018-02-03T07:13:57","guid":{"rendered":"http:\/\/menabeplongee.com\/galerie\/requins-baleines\/"},"modified":"2020-02-04T08:14:21","modified_gmt":"2020-02-04T07:14:21","slug":"whale-sharks","status":"publish","type":"page","link":"https:\/\/menabeplongee.com\/en\/gallery\/whale-sharks\/","title":{"rendered":"Whale sharks"},"content":{"rendered":"<p>[vc_row][vc_column]<div  id=\"sc_promo_305633294\" \n\tclass=\"scheme_light sc_promo sc_promo_width-style sc_promo_size_normal sc_promo_image_position_left\"><div class=\"sc_promo_image\" style=\"background-image:url(https:\/\/menabeplongee.com\/wp-content\/uploads\/2018\/02\/f19012352.jpg);width:60.4%;left: 0;\"><\/div><div class=\"sc_promo_text\" style=\"width: 50%;float: right;\">\n\t\t\t<div class=\"sc_promo_text_inner sc_align_center\" style=\" margin:5.4em 0 5.1em;\"><h3 class=\"sc_item_title sc_promo_title sc_align_default sc_item_title_style_default\">Whale sharks<\/h3><div class=\"sc_item_descr sc_promo_descr sc_align_default\">From mid-October to the end of December, ocean TITANS are very present in the northern waters of mozambique Canal.<br \/>\nCome and swim with the biggest fish on the planet.<\/p>\n<p>While your safari diving cruise, observations with fins\/mask\/snorkel will let you a amazing memories.<\/p>\n<p>Ploncton eaters, whale sharks often swim close to the surface, feeding very slowly.<\/p>\n<p>On the coast of Madagascar, there the special place for them to be feed of plankton.<\/div><div class=\"sc_item_button sc_item_button_default sc_promo_button sc_align_default sc_button_wrap\"><a href=\"#galerie\"\n\t id=\"sc_button_711792643\" \n\tclass=\"sc_button sc_button_default sc_button_size_normal sc_button_icon_left\"\n\t\t><span class=\"sc_button_text\"><span class=\"sc_button_title\">View the gallery<\/span><\/span><!-- \/.sc_button_text --><\/a><!-- \/.sc_button --><\/div><!-- \/.sc_item_button sc_item_button_default sc_promo_button sc_align_default --><\/div>\n\t\t<\/div><!-- \/.sc_promo_text --><\/div><!-- \/.sc_promo -->[vc_empty_space height=&#8221;150px&#8221; hide_on_mobile=&#8221;&#8221;][\/vc_column][\/vc_row][vc_row css=&#8221;.vc_custom_1517650280354{margin-right: -150px !important;margin-left: -150px !important;}&#8221; el_id=&#8221;galerie&#8221;][vc_column]<ul class=\"pinterest-container\" data-onclick=\"link_image\" data-itemwidth=\"340\" data-minwidth=\"240\" data-offset=\"5\" data-outeroffset=\"0\" data-id=\"252438\" data-imagesload=\"off\"><li style='list-style:none;display:none'><a href='https:\/\/menabeplongee.com\/wp-content\/uploads\/2018\/01\/requin-baleine-1.jpg' class='lightbox-link' rel='cq-pinterst-2524'><img src='https:\/\/menabeplongee.com\/wp-content\/uploads\/2018\/01\/requin-baleine-1-340x213.jpg' width='340' height='213' \/><\/a><\/li><li style='list-style:none;display:none'><a href='https:\/\/menabeplongee.com\/wp-content\/uploads\/2018\/02\/f19470656.jpg' class='lightbox-link' rel='cq-pinterst-2524'><img src='https:\/\/menabeplongee.com\/wp-content\/uploads\/2018\/02\/f19470656-340x191.jpg' width='340' height='191' \/><\/a><\/li><li style='list-style:none;display:none'><a href='https:\/\/menabeplongee.com\/wp-content\/uploads\/2018\/02\/f18971072.jpg' class='lightbox-link' rel='cq-pinterst-2524'><img src='https:\/\/menabeplongee.com\/wp-content\/uploads\/2018\/02\/f18971072-340x191.jpg' width='340' height='191' \/><\/a><\/li><li style='list-style:none;display:none'><a href='https:\/\/menabeplongee.com\/wp-content\/uploads\/2018\/02\/f18982208.jpg' class='lightbox-link' rel='cq-pinterst-2524'><img src='https:\/\/menabeplongee.com\/wp-content\/uploads\/2018\/02\/f18982208-340x191.jpg' width='340' height='191' \/><\/a><\/li><li style='list-style:none;display:none'><a href='https:\/\/menabeplongee.com\/wp-content\/uploads\/2018\/02\/DSCF7321.jpg' class='lightbox-link' rel='cq-pinterst-2524'><img src='https:\/\/menabeplongee.com\/wp-content\/uploads\/2018\/02\/DSCF7321-340x255.jpg' width='340' height='255' \/><\/a><\/li><li style='list-style:none;display:none'><a href='https:\/\/menabeplongee.com\/wp-content\/uploads\/2018\/02\/DSCF7317.jpg' class='lightbox-link' rel='cq-pinterst-2524'><img src='https:\/\/menabeplongee.com\/wp-content\/uploads\/2018\/02\/DSCF7317-340x255.jpg' width='340' height='255' \/><\/a><\/li><li style='list-style:none;display:none'><a href='https:\/\/menabeplongee.com\/wp-content\/uploads\/2018\/02\/f18998400.jpg' class='lightbox-link' rel='cq-pinterst-2524'><img src='https:\/\/menabeplongee.com\/wp-content\/uploads\/2018\/02\/f18998400-340x191.jpg' width='340' height='191' \/><\/a><\/li><li style='list-style:none;display:none'><a href='https:\/\/menabeplongee.com\/wp-content\/uploads\/2018\/02\/f19012352-1.jpg' class='lightbox-link' rel='cq-pinterst-2524'><img src='https:\/\/menabeplongee.com\/wp-content\/uploads\/2018\/02\/f19012352-1-340x191.jpg' width='340' height='191' \/><\/a><\/li><li style='list-style:none;display:none'><a href='https:\/\/menabeplongee.com\/wp-content\/uploads\/2018\/02\/f19151168.jpg' class='lightbox-link' rel='cq-pinterst-2524'><img src='https:\/\/menabeplongee.com\/wp-content\/uploads\/2018\/02\/f19151168-340x191.jpg' width='340' height='191' \/><\/a><\/li><li style='list-style:none;display:none'><a href='https:\/\/menabeplongee.com\/wp-content\/uploads\/2018\/02\/f18949120.jpg' class='lightbox-link' rel='cq-pinterst-2524'><img src='https:\/\/menabeplongee.com\/wp-content\/uploads\/2018\/02\/f18949120-340x191.jpg' width='340' height='191' \/><\/a><\/li><li style='list-style:none;display:none'><a href='https:\/\/menabeplongee.com\/wp-content\/uploads\/2018\/02\/f18971072-1.jpg' class='lightbox-link' rel='cq-pinterst-2524'><img src='https:\/\/menabeplongee.com\/wp-content\/uploads\/2018\/02\/f18971072-1-340x191.jpg' width='340' height='191' \/><\/a><\/li><\/ul>[\/vc_column][\/vc_row]<\/p>\n","protected":false},"excerpt":{"rendered":"<p>[vc_row][vc_column][vc_empty_space height=&#8221;150px&#8221; hide_on_mobile=&#8221;&#8221;][\/vc_column][\/vc_row][vc_row css=&#8221;.vc_custom_1517650280354{margin-right: -150px !important;margin-left: -150px !important;}&#8221; el_id=&#8221;galerie&#8221;][vc_column][\/vc_column][\/vc_row]<\/p>\n","protected":false},"author":1,"featured_media":0,"parent":2512,"menu_order":0,"comment_status":"closed","ping_status":"closed","template":"","meta":{"footnotes":""},"class_list":["post-2524","page","type-page","status-publish","hentry"],"yoast_head":"<!-- This site is optimized with the Yoast SEO plugin v25.3.1 - https:\/\/yoast.com\/wordpress\/plugins\/seo\/ -->\n<title>Whale sharks - Menabe Plong\u00e9e<\/title>\n<meta name=\"robots\" content=\"index, follow, max-snippet:-1, max-image-preview:large, max-video-preview:-1\" \/>\n<link rel=\"canonical\" href=\"https:\/\/menabeplongee.com\/galerie\/requins-baleines\/\" \/>\n<meta property=\"og:locale\" content=\"en_US\" \/>\n<meta property=\"og:type\" content=\"article\" \/>\n<meta property=\"og:title\" content=\"Whale sharks - Menabe Plong\u00e9e\" \/>\n<meta property=\"og:description\" content=\"[vc_row][vc_column][vc_empty_space height=&#8221;150px&#8221; hide_on_mobile=&#8221;&#8221;][\/vc_column][\/vc_row][vc_row css=&#8221;.vc_custom_1517650280354{margin-right: -150px !important;margin-left: -150px !important;}&#8221; el_id=&#8221;galerie&#8221;][vc_column][\/vc_column][\/vc_row]\" \/>\n<meta property=\"og:url\" content=\"https:\/\/menabeplongee.com\/galerie\/requins-baleines\/\" \/>\n<meta property=\"og:site_name\" content=\"Menabe Plong\u00e9e\" \/>\n<meta property=\"article:publisher\" content=\"https:\/\/www.facebook.com\/croisiereplongeeNosybe\/\" \/>\n<meta property=\"article:modified_time\" content=\"2020-02-04T07:14:21+00:00\" \/>\n<meta property=\"og:image\" content=\"https:\/\/menabeplongee.com\/wp-content\/uploads\/2018\/02\/LOGO-menabe-plongee.png\" \/>\n<meta name=\"twitter:card\" content=\"summary_large_image\" \/>\n<meta name=\"twitter:label1\" content=\"Est. reading time\" \/>\n\t<meta name=\"twitter:data1\" content=\"1 minute\" \/>\n<script type=\"application\/ld+json\" class=\"yoast-schema-graph\">{\"@context\":\"https:\/\/schema.org\",\"@graph\":[{\"@type\":\"WebPage\",\"@id\":\"https:\/\/menabeplongee.com\/galerie\/requins-baleines\/\",\"url\":\"https:\/\/menabeplongee.com\/galerie\/requins-baleines\/\",\"name\":\"Whale sharks - Menabe Plong\u00e9e\",\"isPartOf\":{\"@id\":\"https:\/\/menabeplongee.com\/#website\"},\"datePublished\":\"2018-02-03T07:13:57+00:00\",\"dateModified\":\"2020-02-04T07:14:21+00:00\",\"breadcrumb\":{\"@id\":\"https:\/\/menabeplongee.com\/galerie\/requins-baleines\/#breadcrumb\"},\"inLanguage\":\"en-US\",\"potentialAction\":[{\"@type\":\"ReadAction\",\"target\":[\"https:\/\/menabeplongee.com\/galerie\/requins-baleines\/\"]}]},{\"@type\":\"BreadcrumbList\",\"@id\":\"https:\/\/menabeplongee.com\/galerie\/requins-baleines\/#breadcrumb\",\"itemListElement\":[{\"@type\":\"ListItem\",\"position\":1,\"name\":\"Home\",\"item\":\"https:\/\/menabeplongee.com\/en\/\"},{\"@type\":\"ListItem\",\"position\":2,\"name\":\"Gallery\",\"item\":\"https:\/\/menabeplongee.com\/galerie\/\"},{\"@type\":\"ListItem\",\"position\":3,\"name\":\"Whale sharks\"}]},{\"@type\":\"WebSite\",\"@id\":\"https:\/\/menabeplongee.com\/#website\",\"url\":\"https:\/\/menabeplongee.com\/\",\"name\":\"Menabe Plong\u00e9e\",\"description\":\"Croisi\u00e8re plong\u00e9e a Nosy be MADAGASCAR\",\"potentialAction\":[{\"@type\":\"SearchAction\",\"target\":{\"@type\":\"EntryPoint\",\"urlTemplate\":\"https:\/\/menabeplongee.com\/?s={search_term_string}\"},\"query-input\":{\"@type\":\"PropertyValueSpecification\",\"valueRequired\":true,\"valueName\":\"search_term_string\"}}],\"inLanguage\":\"en-US\"}]}<\/script>\n<!-- \/ Yoast SEO plugin. -->","yoast_head_json":{"title":"Whale sharks - Menabe Plong\u00e9e","robots":{"index":"index","follow":"follow","max-snippet":"max-snippet:-1","max-image-preview":"max-image-preview:large","max-video-preview":"max-video-preview:-1"},"canonical":"https:\/\/menabeplongee.com\/galerie\/requins-baleines\/","og_locale":"en_US","og_type":"article","og_title":"Whale sharks - Menabe Plong\u00e9e","og_description":"[vc_row][vc_column][vc_empty_space height=&#8221;150px&#8221; hide_on_mobile=&#8221;&#8221;][\/vc_column][\/vc_row][vc_row css=&#8221;.vc_custom_1517650280354{margin-right: -150px !important;margin-left: -150px !important;}&#8221; el_id=&#8221;galerie&#8221;][vc_column][\/vc_column][\/vc_row]","og_url":"https:\/\/menabeplongee.com\/galerie\/requins-baleines\/","og_site_name":"Menabe Plong\u00e9e","article_publisher":"https:\/\/www.facebook.com\/croisiereplongeeNosybe\/","article_modified_time":"2020-02-04T07:14:21+00:00","og_image":[{"url":"https:\/\/menabeplongee.com\/wp-content\/uploads\/2018\/02\/LOGO-menabe-plongee.png","type":"","width":"","height":""}],"twitter_card":"summary_large_image","twitter_misc":{"Est. reading time":"1 minute"},"schema":{"@context":"https:\/\/schema.org","@graph":[{"@type":"WebPage","@id":"https:\/\/menabeplongee.com\/galerie\/requins-baleines\/","url":"https:\/\/menabeplongee.com\/galerie\/requins-baleines\/","name":"Whale sharks - Menabe Plong\u00e9e","isPartOf":{"@id":"https:\/\/menabeplongee.com\/#website"},"datePublished":"2018-02-03T07:13:57+00:00","dateModified":"2020-02-04T07:14:21+00:00","breadcrumb":{"@id":"https:\/\/menabeplongee.com\/galerie\/requins-baleines\/#breadcrumb"},"inLanguage":"en-US","potentialAction":[{"@type":"ReadAction","target":["https:\/\/menabeplongee.com\/galerie\/requins-baleines\/"]}]},{"@type":"BreadcrumbList","@id":"https:\/\/menabeplongee.com\/galerie\/requins-baleines\/#breadcrumb","itemListElement":[{"@type":"ListItem","position":1,"name":"Home","item":"https:\/\/menabeplongee.com\/en\/"},{"@type":"ListItem","position":2,"name":"Gallery","item":"https:\/\/menabeplongee.com\/galerie\/"},{"@type":"ListItem","position":3,"name":"Whale sharks"}]},{"@type":"WebSite","@id":"https:\/\/menabeplongee.com\/#website","url":"https:\/\/menabeplongee.com\/","name":"Menabe Plong\u00e9e","description":"Croisi\u00e8re plong\u00e9e a Nosy be MADAGASCAR","potentialAction":[{"@type":"SearchAction","target":{"@type":"EntryPoint","urlTemplate":"https:\/\/menabeplongee.com\/?s={search_term_string}"},"query-input":{"@type":"PropertyValueSpecification","valueRequired":true,"valueName":"search_term_string"}}],"inLanguage":"en-US"}]}},"_links":{"self":[{"href":"https:\/\/menabeplongee.com\/en\/wp-json\/wp\/v2\/pages\/2524","targetHints":{"allow":["GET"]}}],"collection":[{"href":"https:\/\/menabeplongee.com\/en\/wp-json\/wp\/v2\/pages"}],"about":[{"href":"https:\/\/menabeplongee.com\/en\/wp-json\/wp\/v2\/types\/page"}],"author":[{"embeddable":true,"href":"https:\/\/menabeplongee.com\/en\/wp-json\/wp\/v2\/users\/1"}],"replies":[{"embeddable":true,"href":"https:\/\/menabeplongee.com\/en\/wp-json\/wp\/v2\/comments?post=2524"}],"version-history":[{"count":6,"href":"https:\/\/menabeplongee.com\/en\/wp-json\/wp\/v2\/pages\/2524\/revisions"}],"predecessor-version":[{"id":2655,"href":"https:\/\/menabeplongee.com\/en\/wp-json\/wp\/v2\/pages\/2524\/revisions\/2655"}],"up":[{"embeddable":true,"href":"https:\/\/menabeplongee.com\/en\/wp-json\/wp\/v2\/pages\/2512"}],"wp:attachment":[{"href":"https:\/\/menabeplongee.com\/en\/wp-json\/wp\/v2\/media?parent=2524"}],"curies":[{"name":"wp","href":"https:\/\/api.w.org\/{rel}","templated":true}]}}