{"id":2522,"date":"2018-01-26T14:16:05","date_gmt":"2018-01-26T13:16:05","guid":{"rendered":"http:\/\/menabeplongee.com\/galerie\/plongee\/"},"modified":"2020-02-04T08:43:07","modified_gmt":"2020-02-04T07:43:07","slug":"diving","status":"publish","type":"page","link":"https:\/\/menabeplongee.com\/en\/gallery\/diving\/","title":{"rendered":"Scuba Diving"},"content":{"rendered":"<p>[vc_row][vc_column]<div  id=\"sc_promo_491071257\" \n\tclass=\"scheme_light sc_promo sc_promo_width-style sc_promo_size_normal sc_promo_image_position_left\"><div class=\"sc_promo_image\" style=\"background-image:url(https:\/\/menabeplongee.com\/wp-content\/uploads\/2018\/01\/2014-03-18-0834-272.jpg);width:60.4%;left: 0;\"><\/div><div class=\"sc_promo_text\" style=\"width: 50%;float: right;\">\n\t\t\t<div class=\"sc_promo_text_inner sc_align_center\" style=\" margin:5.4em 0 5.1em;\"><h3 class=\"sc_item_title sc_promo_title sc_align_default sc_item_title_style_default\">Diving<\/h3><div class=\"sc_item_descr sc_promo_descr sc_align_default\">Discover the diversity of flora and fauna along the Malagasy reef.<\/p>\n<p>Underwater divings spots are varied by encounters coral and topography of the bottom...<\/p>\n<p>Wall, coral reef or deep water will be your underwater landscape during these safari diving cruises.<\/p>\n<p>A Big diversity of fishs, soft and hard corals, giant sea fans, sponges and other sea anemones...<\/p>\n<p>The tropical waters of Madagascar contain many treasures to discover, always in small diving groups ...<\/div><div class=\"sc_item_button sc_item_button_default sc_promo_button sc_align_default sc_button_wrap\"><a href=\"#galerie\"\n\t id=\"sc_button_934294702\" \n\tclass=\"sc_button sc_button_default sc_button_size_normal sc_button_icon_left\"\n\t\t><span class=\"sc_button_text\"><span class=\"sc_button_title\">View the gallery<\/span><\/span><!-- \/.sc_button_text --><\/a><!-- \/.sc_button --><\/div><!-- \/.sc_item_button sc_item_button_default sc_promo_button sc_align_default --><\/div>\n\t\t<\/div><!-- \/.sc_promo_text --><\/div><!-- \/.sc_promo -->[vc_empty_space height=&#8221;150px&#8221; hide_on_mobile=&#8221;&#8221;][\/vc_column][\/vc_row][vc_row css=&#8221;.vc_custom_1517650280354{margin-right: -150px !important;margin-left: -150px !important;}&#8221; el_id=&#8221;galerie&#8221;][vc_column]<ul class=\"pinterest-container\" data-onclick=\"link_image\" data-itemwidth=\"340\" data-minwidth=\"240\" data-offset=\"5\" data-outeroffset=\"0\" data-id=\"252295\" data-imagesload=\"off\"><li style='list-style:none;display:none'><a href='https:\/\/menabeplongee.com\/wp-content\/uploads\/2018\/02\/2014-03-18-0820-259.jpg' class='lightbox-link' rel='cq-pinterst-2522'><img src='https:\/\/menabeplongee.com\/wp-content\/uploads\/2018\/02\/2014-03-18-0820-259-340x508.jpg' width='340' height='508' \/><\/a><\/li><li style='list-style:none;display:none'><a href='https:\/\/menabeplongee.com\/wp-content\/uploads\/2018\/02\/2014-03-18-0831-268.jpg' class='lightbox-link' rel='cq-pinterst-2522'><img src='https:\/\/menabeplongee.com\/wp-content\/uploads\/2018\/02\/2014-03-18-0831-268-340x227.jpg' width='340' height='227' \/><\/a><\/li><li style='list-style:none;display:none'><a href='https:\/\/menabeplongee.com\/wp-content\/uploads\/2018\/02\/2014-03-18-0855-296.jpg' class='lightbox-link' rel='cq-pinterst-2522'><img src='https:\/\/menabeplongee.com\/wp-content\/uploads\/2018\/02\/2014-03-18-0855-296-340x228.jpg' width='340' height='228' \/><\/a><\/li><li style='list-style:none;display:none'><a href='https:\/\/menabeplongee.com\/wp-content\/uploads\/2018\/02\/2014-03-18-0856-299.jpg' class='lightbox-link' rel='cq-pinterst-2522'><img src='https:\/\/menabeplongee.com\/wp-content\/uploads\/2018\/02\/2014-03-18-0856-299-340x508.jpg' width='340' height='508' \/><\/a><\/li><li style='list-style:none;display:none'><a href='https:\/\/menabeplongee.com\/wp-content\/uploads\/2018\/02\/2014-03-18-0900-311.jpg' class='lightbox-link' rel='cq-pinterst-2522'><img src='https:\/\/menabeplongee.com\/wp-content\/uploads\/2018\/02\/2014-03-18-0900-311-340x228.jpg' width='340' height='228' \/><\/a><\/li><li style='list-style:none;display:none'><a href='https:\/\/menabeplongee.com\/wp-content\/uploads\/2018\/02\/2014-03-18-0916-324.jpg' class='lightbox-link' rel='cq-pinterst-2522'><img src='https:\/\/menabeplongee.com\/wp-content\/uploads\/2018\/02\/2014-03-18-0916-324-340x228.jpg' width='340' height='228' \/><\/a><\/li><li style='list-style:none;display:none'><a href='https:\/\/menabeplongee.com\/wp-content\/uploads\/2018\/02\/2014-03-18-1137-348.jpg' class='lightbox-link' rel='cq-pinterst-2522'><img src='https:\/\/menabeplongee.com\/wp-content\/uploads\/2018\/02\/2014-03-18-1137-348-340x508.jpg' width='340' height='508' \/><\/a><\/li><li style='list-style:none;display:none'><a href='https:\/\/menabeplongee.com\/wp-content\/uploads\/2018\/02\/2014-03-18-1143-356.jpg' class='lightbox-link' rel='cq-pinterst-2522'><img src='https:\/\/menabeplongee.com\/wp-content\/uploads\/2018\/02\/2014-03-18-1143-356-340x228.jpg' width='340' height='228' \/><\/a><\/li><li style='list-style:none;display:none'><a href='https:\/\/menabeplongee.com\/wp-content\/uploads\/2018\/02\/2014-03-18-1155-366.jpg' class='lightbox-link' rel='cq-pinterst-2522'><img src='https:\/\/menabeplongee.com\/wp-content\/uploads\/2018\/02\/2014-03-18-1155-366-340x508.jpg' width='340' height='508' \/><\/a><\/li><li style='list-style:none;display:none'><a href='https:\/\/menabeplongee.com\/wp-content\/uploads\/2018\/02\/2014-03-18-1158-371.jpg' class='lightbox-link' rel='cq-pinterst-2522'><img src='https:\/\/menabeplongee.com\/wp-content\/uploads\/2018\/02\/2014-03-18-1158-371-340x228.jpg' width='340' height='228' \/><\/a><\/li><li style='list-style:none;display:none'><a href='https:\/\/menabeplongee.com\/wp-content\/uploads\/2018\/02\/2014-03-19-0822-018.jpg' class='lightbox-link' rel='cq-pinterst-2522'><img src='https:\/\/menabeplongee.com\/wp-content\/uploads\/2018\/02\/2014-03-19-0822-018-340x507.jpg' width='340' height='507' \/><\/a><\/li><li style='list-style:none;display:none'><a href='https:\/\/menabeplongee.com\/wp-content\/uploads\/2018\/02\/2014-03-19-0824-023.jpg' class='lightbox-link' rel='cq-pinterst-2522'><img src='https:\/\/menabeplongee.com\/wp-content\/uploads\/2018\/02\/2014-03-19-0824-023-340x228.jpg' width='340' height='228' \/><\/a><\/li><li style='list-style:none;display:none'><a href='https:\/\/menabeplongee.com\/wp-content\/uploads\/2018\/02\/2014-03-19-0846-049.jpg' class='lightbox-link' rel='cq-pinterst-2522'><img src='https:\/\/menabeplongee.com\/wp-content\/uploads\/2018\/02\/2014-03-19-0846-049-340x228.jpg' width='340' height='228' \/><\/a><\/li><li style='list-style:none;display:none'><a href='https:\/\/menabeplongee.com\/wp-content\/uploads\/2018\/02\/2014-03-19-1200-066.jpg' class='lightbox-link' rel='cq-pinterst-2522'><img src='https:\/\/menabeplongee.com\/wp-content\/uploads\/2018\/02\/2014-03-19-1200-066-340x228.jpg' width='340' height='228' \/><\/a><\/li><li style='list-style:none;display:none'><a href='https:\/\/menabeplongee.com\/wp-content\/uploads\/2018\/02\/2014-03-19-1204-069.jpg' class='lightbox-link' rel='cq-pinterst-2522'><img src='https:\/\/menabeplongee.com\/wp-content\/uploads\/2018\/02\/2014-03-19-1204-069-340x228.jpg' width='340' height='228' \/><\/a><\/li><li style='list-style:none;display:none'><a href='https:\/\/menabeplongee.com\/wp-content\/uploads\/2018\/02\/2014-03-19-1236-092.jpg' class='lightbox-link' rel='cq-pinterst-2522'><img src='https:\/\/menabeplongee.com\/wp-content\/uploads\/2018\/02\/2014-03-19-1236-092-340x228.jpg' width='340' height='228' \/><\/a><\/li><li style='list-style:none;display:none'><a href='https:\/\/menabeplongee.com\/wp-content\/uploads\/2018\/02\/2014-03-19-1237-093.jpg' class='lightbox-link' rel='cq-pinterst-2522'><img src='https:\/\/menabeplongee.com\/wp-content\/uploads\/2018\/02\/2014-03-19-1237-093-340x228.jpg' width='340' height='228' \/><\/a><\/li><li style='list-style:none;display:none'><a href='https:\/\/menabeplongee.com\/wp-content\/uploads\/2018\/02\/DSCF2585.jpg' class='lightbox-link' rel='cq-pinterst-2522'><img src='https:\/\/menabeplongee.com\/wp-content\/uploads\/2018\/02\/DSCF2585-340x250.jpg' width='340' height='250' \/><\/a><\/li><li style='list-style:none;display:none'><a href='https:\/\/menabeplongee.com\/wp-content\/uploads\/2018\/02\/DSCN1274.jpg' class='lightbox-link' rel='cq-pinterst-2522'><img src='https:\/\/menabeplongee.com\/wp-content\/uploads\/2018\/02\/DSCN1274-340x255.jpg' width='340' height='255' \/><\/a><\/li><li style='list-style:none;display:none'><a href='https:\/\/menabeplongee.com\/wp-content\/uploads\/2018\/02\/IMG_0048.jpg' class='lightbox-link' rel='cq-pinterst-2522'><img src='https:\/\/menabeplongee.com\/wp-content\/uploads\/2018\/02\/IMG_0048-340x239.jpg' width='340' height='239' \/><\/a><\/li><li style='list-style:none;display:none'><a href='https:\/\/menabeplongee.com\/wp-content\/uploads\/2018\/02\/IMG_0206.jpg' class='lightbox-link' rel='cq-pinterst-2522'><img src='https:\/\/menabeplongee.com\/wp-content\/uploads\/2018\/02\/IMG_0206-340x255.jpg' width='340' height='255' \/><\/a><\/li><li style='list-style:none;display:none'><a href='https:\/\/menabeplongee.com\/wp-content\/uploads\/2018\/02\/IMG_0651.jpg' class='lightbox-link' rel='cq-pinterst-2522'><img src='https:\/\/menabeplongee.com\/wp-content\/uploads\/2018\/02\/IMG_0651-340x241.jpg' width='340' height='241' \/><\/a><\/li><li style='list-style:none;display:none'><a href='https:\/\/menabeplongee.com\/wp-content\/uploads\/2018\/02\/IMG_1130.jpg' class='lightbox-link' rel='cq-pinterst-2522'><img src='https:\/\/menabeplongee.com\/wp-content\/uploads\/2018\/02\/IMG_1130-340x255.jpg' width='340' height='255' \/><\/a><\/li><li style='list-style:none;display:none'><a href='https:\/\/menabeplongee.com\/wp-content\/uploads\/2018\/02\/IMG_1335.jpg' class='lightbox-link' rel='cq-pinterst-2522'><img src='https:\/\/menabeplongee.com\/wp-content\/uploads\/2018\/02\/IMG_1335-340x435.jpg' width='340' height='435' \/><\/a><\/li><li style='list-style:none;display:none'><a href='https:\/\/menabeplongee.com\/wp-content\/uploads\/2018\/02\/IMG_3916.jpg' class='lightbox-link' rel='cq-pinterst-2522'><img src='https:\/\/menabeplongee.com\/wp-content\/uploads\/2018\/02\/IMG_3916-340x263.jpg' width='340' height='263' \/><\/a><\/li><li style='list-style:none;display:none'><a href='https:\/\/menabeplongee.com\/wp-content\/uploads\/2018\/02\/IMG_4044.jpg' class='lightbox-link' rel='cq-pinterst-2522'><img src='https:\/\/menabeplongee.com\/wp-content\/uploads\/2018\/02\/IMG_4044-340x261.jpg' width='340' height='261' \/><\/a><\/li><li style='list-style:none;display:none'><a href='https:\/\/menabeplongee.com\/wp-content\/uploads\/2018\/02\/IMG_4057.jpg' class='lightbox-link' rel='cq-pinterst-2522'><img src='https:\/\/menabeplongee.com\/wp-content\/uploads\/2018\/02\/IMG_4057-340x262.jpg' width='340' height='262' \/><\/a><\/li><li style='list-style:none;display:none'><a href='https:\/\/menabeplongee.com\/wp-content\/uploads\/2018\/02\/IMG_4077.jpg' class='lightbox-link' rel='cq-pinterst-2522'><img src='https:\/\/menabeplongee.com\/wp-content\/uploads\/2018\/02\/IMG_4077-340x255.jpg' width='340' height='255' \/><\/a><\/li><li style='list-style:none;display:none'><a href='https:\/\/menabeplongee.com\/wp-content\/uploads\/2018\/02\/IMG_4606.jpg' class='lightbox-link' rel='cq-pinterst-2522'><img src='https:\/\/menabeplongee.com\/wp-content\/uploads\/2018\/02\/IMG_4606-340x453.jpg' width='340' height='453' \/><\/a><\/li><li style='list-style:none;display:none'><a href='https:\/\/menabeplongee.com\/wp-content\/uploads\/2018\/02\/IMG_7025.jpg' class='lightbox-link' rel='cq-pinterst-2522'><img src='https:\/\/menabeplongee.com\/wp-content\/uploads\/2018\/02\/IMG_7025-340x453.jpg' width='340' height='453' \/><\/a><\/li><li style='list-style:none;display:none'><a href='https:\/\/menabeplongee.com\/wp-content\/uploads\/2018\/02\/IMG_7078.jpg' class='lightbox-link' rel='cq-pinterst-2522'><img src='https:\/\/menabeplongee.com\/wp-content\/uploads\/2018\/02\/IMG_7078-340x217.jpg' width='340' height='217' \/><\/a><\/li><li style='list-style:none;display:none'><a href='https:\/\/menabeplongee.com\/wp-content\/uploads\/2018\/02\/IMG_9407-Copy.jpg' class='lightbox-link' rel='cq-pinterst-2522'><img src='https:\/\/menabeplongee.com\/wp-content\/uploads\/2018\/02\/IMG_9407-Copy-340x180.jpg' width='340' height='180' \/><\/a><\/li><li style='list-style:none;display:none'><a href='https:\/\/menabeplongee.com\/wp-content\/uploads\/2018\/02\/Photo-nicoco-030.jpg' class='lightbox-link' rel='cq-pinterst-2522'><img src='https:\/\/menabeplongee.com\/wp-content\/uploads\/2018\/02\/Photo-nicoco-030-340x243.jpg' width='340' height='243' \/><\/a><\/li><li style='list-style:none;display:none'><a href='https:\/\/menabeplongee.com\/wp-content\/uploads\/2018\/02\/requin-corail-1.jpg' class='lightbox-link' rel='cq-pinterst-2522'><img src='https:\/\/menabeplongee.com\/wp-content\/uploads\/2018\/02\/requin-corail-1-340x179.jpg' width='340' height='179' \/><\/a><\/li><li style='list-style:none;display:none'><a href='https:\/\/menabeplongee.com\/wp-content\/uploads\/2018\/02\/requin-leopard.jpg' class='lightbox-link' rel='cq-pinterst-2522'><img src='https:\/\/menabeplongee.com\/wp-content\/uploads\/2018\/02\/requin-leopard-340x226.jpg' width='340' height='226' \/><\/a><\/li><li style='list-style:none;display:none'><a href='https:\/\/menabeplongee.com\/wp-content\/uploads\/2018\/02\/z.jpg' class='lightbox-link' rel='cq-pinterst-2522'><img src='https:\/\/menabeplongee.com\/wp-content\/uploads\/2018\/02\/z-340x255.jpg' width='340' height='255' \/><\/a><\/li><li style='list-style:none;display:none'><a href='https:\/\/menabeplongee.com\/wp-content\/uploads\/2018\/02\/1-2-1.jpg' class='lightbox-link' rel='cq-pinterst-2522'><img src='https:\/\/menabeplongee.com\/wp-content\/uploads\/2018\/02\/1-2-1-340x400.jpg' width='340' height='400' \/><\/a><\/li><li style='list-style:none;display:none'><a href='https:\/\/menabeplongee.com\/wp-content\/uploads\/2018\/02\/1-3.jpg' class='lightbox-link' rel='cq-pinterst-2522'><img src='https:\/\/menabeplongee.com\/wp-content\/uploads\/2018\/02\/1-3-340x228.jpg' width='340' height='228' \/><\/a><\/li><li style='list-style:none;display:none'><a href='https:\/\/menabeplongee.com\/wp-content\/uploads\/2018\/02\/2-2.jpg' class='lightbox-link' rel='cq-pinterst-2522'><img src='https:\/\/menabeplongee.com\/wp-content\/uploads\/2018\/02\/2-2-340x255.jpg' width='340' height='255' \/><\/a><\/li><li style='list-style:none;display:none'><a href='https:\/\/menabeplongee.com\/wp-content\/uploads\/2018\/02\/2.jpg' class='lightbox-link' rel='cq-pinterst-2522'><img src='https:\/\/menabeplongee.com\/wp-content\/uploads\/2018\/02\/2-340x228.jpg' width='340' height='228' \/><\/a><\/li><li style='list-style:none;display:none'><a href='https:\/\/menabeplongee.com\/wp-content\/uploads\/2018\/02\/3-1.jpg' class='lightbox-link' rel='cq-pinterst-2522'><img src='https:\/\/menabeplongee.com\/wp-content\/uploads\/2018\/02\/3-1-340x237.jpg' width='340' height='237' \/><\/a><\/li><li style='list-style:none;display:none'><a href='https:\/\/menabeplongee.com\/wp-content\/uploads\/2018\/02\/4.jpg' class='lightbox-link' rel='cq-pinterst-2522'><img src='https:\/\/menabeplongee.com\/wp-content\/uploads\/2018\/02\/4-340x228.jpg' width='340' height='228' \/><\/a><\/li><li style='list-style:none;display:none'><a href='https:\/\/menabeplongee.com\/wp-content\/uploads\/2018\/02\/6.jpg' class='lightbox-link' rel='cq-pinterst-2522'><img src='https:\/\/menabeplongee.com\/wp-content\/uploads\/2018\/02\/6-340x344.jpg' width='340' height='344' \/><\/a><\/li><li style='list-style:none;display:none'><a href='https:\/\/menabeplongee.com\/wp-content\/uploads\/2018\/02\/11.jpg' class='lightbox-link' rel='cq-pinterst-2522'><img src='https:\/\/menabeplongee.com\/wp-content\/uploads\/2018\/02\/11-340x226.jpg' width='340' height='226' \/><\/a><\/li><li style='list-style:none;display:none'><a href='https:\/\/menabeplongee.com\/wp-content\/uploads\/2018\/02\/2014-03-15-0752-004.jpg' class='lightbox-link' rel='cq-pinterst-2522'><img src='https:\/\/menabeplongee.com\/wp-content\/uploads\/2018\/02\/2014-03-15-0752-004-340x508.jpg' width='340' height='508' \/><\/a><\/li><li style='list-style:none;display:none'><a href='https:\/\/menabeplongee.com\/wp-content\/uploads\/2018\/02\/2014-03-15-0757-015.jpg' class='lightbox-link' rel='cq-pinterst-2522'><img src='https:\/\/menabeplongee.com\/wp-content\/uploads\/2018\/02\/2014-03-15-0757-015-340x508.jpg' width='340' height='508' \/><\/a><\/li><li style='list-style:none;display:none'><a href='https:\/\/menabeplongee.com\/wp-content\/uploads\/2018\/02\/2014-03-15-0835-065.jpg' class='lightbox-link' rel='cq-pinterst-2522'><img src='https:\/\/menabeplongee.com\/wp-content\/uploads\/2018\/02\/2014-03-15-0835-065-340x228.jpg' width='340' height='228' \/><\/a><\/li><li style='list-style:none;display:none'><a href='https:\/\/menabeplongee.com\/wp-content\/uploads\/2018\/02\/2014-03-15-1052-078.jpg' class='lightbox-link' rel='cq-pinterst-2522'><img src='https:\/\/menabeplongee.com\/wp-content\/uploads\/2018\/02\/2014-03-15-1052-078-340x228.jpg' width='340' height='228' \/><\/a><\/li><li style='list-style:none;display:none'><a href='https:\/\/menabeplongee.com\/wp-content\/uploads\/2018\/02\/2014-03-15-1106-094.jpg' class='lightbox-link' rel='cq-pinterst-2522'><img src='https:\/\/menabeplongee.com\/wp-content\/uploads\/2018\/02\/2014-03-15-1106-094-340x228.jpg' width='340' height='228' \/><\/a><\/li><li style='list-style:none;display:none'><a href='https:\/\/menabeplongee.com\/wp-content\/uploads\/2018\/02\/2014-03-15-1107-095.jpg' class='lightbox-link' rel='cq-pinterst-2522'><img src='https:\/\/menabeplongee.com\/wp-content\/uploads\/2018\/02\/2014-03-15-1107-095-340x508.jpg' width='340' height='508' \/><\/a><\/li><li style='list-style:none;display:none'><a href='https:\/\/menabeplongee.com\/wp-content\/uploads\/2019\/08\/2-2.jpg' class='lightbox-link' rel='cq-pinterst-2522'><img src='https:\/\/menabeplongee.com\/wp-content\/uploads\/2019\/08\/2-2-340x218.jpg' width='340' height='218' \/><\/a><\/li><li style='list-style:none;display:none'><a href='https:\/\/menabeplongee.com\/wp-content\/uploads\/2019\/08\/2-scaled.jpg' class='lightbox-link' rel='cq-pinterst-2522'><img src='https:\/\/menabeplongee.com\/wp-content\/uploads\/2019\/08\/2-scaled-340x248.jpg' width='340' height='248' \/><\/a><\/li><li style='list-style:none;display:none'><a href='https:\/\/menabeplongee.com\/wp-content\/uploads\/2019\/08\/3.jpg' class='lightbox-link' rel='cq-pinterst-2522'><img src='https:\/\/menabeplongee.com\/wp-content\/uploads\/2019\/08\/3-340x221.jpg' width='340' height='221' \/><\/a><\/li><li style='list-style:none;display:none'><a href='https:\/\/menabeplongee.com\/wp-content\/uploads\/2019\/08\/4-2.jpg' class='lightbox-link' rel='cq-pinterst-2522'><img src='https:\/\/menabeplongee.com\/wp-content\/uploads\/2019\/08\/4-2-340x217.jpg' width='340' height='217' \/><\/a><\/li><li style='list-style:none;display:none'><a href='https:\/\/menabeplongee.com\/wp-content\/uploads\/2019\/08\/6-2.jpg' class='lightbox-link' rel='cq-pinterst-2522'><img src='https:\/\/menabeplongee.com\/wp-content\/uploads\/2019\/08\/6-2-340x220.jpg' width='340' height='220' \/><\/a><\/li><li style='list-style:none;display:none'><a href='https:\/\/menabeplongee.com\/wp-content\/uploads\/2019\/08\/PB290352-scaled.jpg' class='lightbox-link' rel='cq-pinterst-2522'><img src='https:\/\/menabeplongee.com\/wp-content\/uploads\/2019\/08\/PB290352-scaled-340x453.jpg' width='340' height='453' \/><\/a><\/li><\/ul>[\/vc_column][\/vc_row]<\/p>\n","protected":false},"excerpt":{"rendered":"<p>[vc_row][vc_column][vc_empty_space height=&#8221;150px&#8221; hide_on_mobile=&#8221;&#8221;][\/vc_column][\/vc_row][vc_row css=&#8221;.vc_custom_1517650280354{margin-right: -150px !important;margin-left: -150px !important;}&#8221; el_id=&#8221;galerie&#8221;][vc_column][\/vc_column][\/vc_row]<\/p>\n","protected":false},"author":1,"featured_media":0,"parent":2512,"menu_order":0,"comment_status":"closed","ping_status":"closed","template":"","meta":{"footnotes":""},"class_list":["post-2522","page","type-page","status-publish","hentry"],"yoast_head":"<!-- This site is optimized with the Yoast SEO plugin v25.3.1 - https:\/\/yoast.com\/wordpress\/plugins\/seo\/ -->\n<title>Scuba Diving - Menabe Plong\u00e9e<\/title>\n<meta name=\"robots\" content=\"index, follow, max-snippet:-1, max-image-preview:large, max-video-preview:-1\" \/>\n<link rel=\"canonical\" href=\"https:\/\/menabeplongee.com\/galerie\/plongee\/\" \/>\n<meta property=\"og:locale\" content=\"en_US\" \/>\n<meta property=\"og:type\" content=\"article\" \/>\n<meta property=\"og:title\" content=\"Scuba Diving - Menabe Plong\u00e9e\" \/>\n<meta property=\"og:description\" content=\"[vc_row][vc_column][vc_empty_space height=&#8221;150px&#8221; hide_on_mobile=&#8221;&#8221;][\/vc_column][\/vc_row][vc_row css=&#8221;.vc_custom_1517650280354{margin-right: -150px !important;margin-left: -150px !important;}&#8221; el_id=&#8221;galerie&#8221;][vc_column][\/vc_column][\/vc_row]\" \/>\n<meta property=\"og:url\" content=\"https:\/\/menabeplongee.com\/galerie\/plongee\/\" \/>\n<meta property=\"og:site_name\" content=\"Menabe Plong\u00e9e\" \/>\n<meta property=\"article:publisher\" content=\"https:\/\/www.facebook.com\/croisiereplongeeNosybe\/\" \/>\n<meta property=\"article:modified_time\" content=\"2020-02-04T07:43:07+00:00\" \/>\n<meta property=\"og:image\" content=\"https:\/\/menabeplongee.com\/wp-content\/uploads\/2018\/02\/LOGO-menabe-plongee.png\" \/>\n<meta name=\"twitter:card\" content=\"summary_large_image\" \/>\n<meta name=\"twitter:label1\" content=\"Est. reading time\" \/>\n\t<meta name=\"twitter:data1\" content=\"1 minute\" \/>\n<script type=\"application\/ld+json\" class=\"yoast-schema-graph\">{\"@context\":\"https:\/\/schema.org\",\"@graph\":[{\"@type\":\"WebPage\",\"@id\":\"https:\/\/menabeplongee.com\/galerie\/plongee\/\",\"url\":\"https:\/\/menabeplongee.com\/galerie\/plongee\/\",\"name\":\"Scuba Diving - Menabe Plong\u00e9e\",\"isPartOf\":{\"@id\":\"https:\/\/menabeplongee.com\/#website\"},\"datePublished\":\"2018-01-26T13:16:05+00:00\",\"dateModified\":\"2020-02-04T07:43:07+00:00\",\"breadcrumb\":{\"@id\":\"https:\/\/menabeplongee.com\/galerie\/plongee\/#breadcrumb\"},\"inLanguage\":\"en-US\",\"potentialAction\":[{\"@type\":\"ReadAction\",\"target\":[\"https:\/\/menabeplongee.com\/galerie\/plongee\/\"]}]},{\"@type\":\"BreadcrumbList\",\"@id\":\"https:\/\/menabeplongee.com\/galerie\/plongee\/#breadcrumb\",\"itemListElement\":[{\"@type\":\"ListItem\",\"position\":1,\"name\":\"Home\",\"item\":\"https:\/\/menabeplongee.com\/en\/\"},{\"@type\":\"ListItem\",\"position\":2,\"name\":\"Gallery\",\"item\":\"https:\/\/menabeplongee.com\/galerie\/\"},{\"@type\":\"ListItem\",\"position\":3,\"name\":\"Scuba Diving\"}]},{\"@type\":\"WebSite\",\"@id\":\"https:\/\/menabeplongee.com\/#website\",\"url\":\"https:\/\/menabeplongee.com\/\",\"name\":\"Menabe Plong\u00e9e\",\"description\":\"Croisi\u00e8re plong\u00e9e a Nosy be MADAGASCAR\",\"potentialAction\":[{\"@type\":\"SearchAction\",\"target\":{\"@type\":\"EntryPoint\",\"urlTemplate\":\"https:\/\/menabeplongee.com\/?s={search_term_string}\"},\"query-input\":{\"@type\":\"PropertyValueSpecification\",\"valueRequired\":true,\"valueName\":\"search_term_string\"}}],\"inLanguage\":\"en-US\"}]}<\/script>\n<!-- \/ Yoast SEO plugin. -->","yoast_head_json":{"title":"Scuba Diving - Menabe Plong\u00e9e","robots":{"index":"index","follow":"follow","max-snippet":"max-snippet:-1","max-image-preview":"max-image-preview:large","max-video-preview":"max-video-preview:-1"},"canonical":"https:\/\/menabeplongee.com\/galerie\/plongee\/","og_locale":"en_US","og_type":"article","og_title":"Scuba Diving - Menabe Plong\u00e9e","og_description":"[vc_row][vc_column][vc_empty_space height=&#8221;150px&#8221; hide_on_mobile=&#8221;&#8221;][\/vc_column][\/vc_row][vc_row css=&#8221;.vc_custom_1517650280354{margin-right: -150px !important;margin-left: -150px !important;}&#8221; el_id=&#8221;galerie&#8221;][vc_column][\/vc_column][\/vc_row]","og_url":"https:\/\/menabeplongee.com\/galerie\/plongee\/","og_site_name":"Menabe Plong\u00e9e","article_publisher":"https:\/\/www.facebook.com\/croisiereplongeeNosybe\/","article_modified_time":"2020-02-04T07:43:07+00:00","og_image":[{"url":"https:\/\/menabeplongee.com\/wp-content\/uploads\/2018\/02\/LOGO-menabe-plongee.png","type":"","width":"","height":""}],"twitter_card":"summary_large_image","twitter_misc":{"Est. reading time":"1 minute"},"schema":{"@context":"https:\/\/schema.org","@graph":[{"@type":"WebPage","@id":"https:\/\/menabeplongee.com\/galerie\/plongee\/","url":"https:\/\/menabeplongee.com\/galerie\/plongee\/","name":"Scuba Diving - Menabe Plong\u00e9e","isPartOf":{"@id":"https:\/\/menabeplongee.com\/#website"},"datePublished":"2018-01-26T13:16:05+00:00","dateModified":"2020-02-04T07:43:07+00:00","breadcrumb":{"@id":"https:\/\/menabeplongee.com\/galerie\/plongee\/#breadcrumb"},"inLanguage":"en-US","potentialAction":[{"@type":"ReadAction","target":["https:\/\/menabeplongee.com\/galerie\/plongee\/"]}]},{"@type":"BreadcrumbList","@id":"https:\/\/menabeplongee.com\/galerie\/plongee\/#breadcrumb","itemListElement":[{"@type":"ListItem","position":1,"name":"Home","item":"https:\/\/menabeplongee.com\/en\/"},{"@type":"ListItem","position":2,"name":"Gallery","item":"https:\/\/menabeplongee.com\/galerie\/"},{"@type":"ListItem","position":3,"name":"Scuba Diving"}]},{"@type":"WebSite","@id":"https:\/\/menabeplongee.com\/#website","url":"https:\/\/menabeplongee.com\/","name":"Menabe Plong\u00e9e","description":"Croisi\u00e8re plong\u00e9e a Nosy be MADAGASCAR","potentialAction":[{"@type":"SearchAction","target":{"@type":"EntryPoint","urlTemplate":"https:\/\/menabeplongee.com\/?s={search_term_string}"},"query-input":{"@type":"PropertyValueSpecification","valueRequired":true,"valueName":"search_term_string"}}],"inLanguage":"en-US"}]}},"_links":{"self":[{"href":"https:\/\/menabeplongee.com\/en\/wp-json\/wp\/v2\/pages\/2522","targetHints":{"allow":["GET"]}}],"collection":[{"href":"https:\/\/menabeplongee.com\/en\/wp-json\/wp\/v2\/pages"}],"about":[{"href":"https:\/\/menabeplongee.com\/en\/wp-json\/wp\/v2\/types\/page"}],"author":[{"embeddable":true,"href":"https:\/\/menabeplongee.com\/en\/wp-json\/wp\/v2\/users\/1"}],"replies":[{"embeddable":true,"href":"https:\/\/menabeplongee.com\/en\/wp-json\/wp\/v2\/comments?post=2522"}],"version-history":[{"count":5,"href":"https:\/\/menabeplongee.com\/en\/wp-json\/wp\/v2\/pages\/2522\/revisions"}],"predecessor-version":[{"id":2662,"href":"https:\/\/menabeplongee.com\/en\/wp-json\/wp\/v2\/pages\/2522\/revisions\/2662"}],"up":[{"embeddable":true,"href":"https:\/\/menabeplongee.com\/en\/wp-json\/wp\/v2\/pages\/2512"}],"wp:attachment":[{"href":"https:\/\/menabeplongee.com\/en\/wp-json\/wp\/v2\/media?parent=2522"}],"curies":[{"name":"wp","href":"https:\/\/api.w.org\/{rel}","templated":true}]}}