{"id":2518,"date":"2018-01-30T16:36:19","date_gmt":"2018-01-30T15:36:19","guid":{"rendered":"http:\/\/menabeplongee.com\/galerie\/macro\/"},"modified":"2020-02-04T08:19:57","modified_gmt":"2020-02-04T07:19:57","slug":"macro","status":"publish","type":"page","link":"https:\/\/menabeplongee.com\/en\/gallery\/macro\/","title":{"rendered":"Macro"},"content":{"rendered":"<p>[vc_row][vc_column]<div  id=\"sc_promo_328504893\" \n\tclass=\"scheme_light sc_promo sc_promo_width-style sc_promo_size_normal sc_promo_image_position_left\"><div class=\"sc_promo_image\" style=\"background-image:url(https:\/\/menabeplongee.com\/wp-content\/uploads\/2018\/02\/IMG_7017-rotated.jpg);width:60.4%;left: 0;\"><\/div><div class=\"sc_promo_text\" style=\"width: 50%;float: right;\">\n\t\t\t<div class=\"sc_promo_text_inner sc_align_center\" style=\" margin:5.4em 0 5.1em;\"><h3 class=\"sc_item_title sc_promo_title sc_align_default sc_item_title_style_default\">Macro<\/h3><div class=\"sc_item_descr sc_promo_descr sc_align_default\">Very small fauna and flora, MACRO underwater photography allows to discover in detail a tiny life, full of colors and beautiful compositions.<\/p>\n<p>Take your time to admire the diversity and beauty of the very small... Take your time to observe a fauna and flora too often flown over.<br \/>\nTo marvel at this tiny life, which is part of the diversity of the underwater world.<\/div><div class=\"sc_item_button sc_item_button_default sc_promo_button sc_align_default sc_button_wrap\"><a href=\"#galerie\"\n\t id=\"sc_button_1061867729\" \n\tclass=\"sc_button sc_button_default sc_button_size_normal sc_button_icon_left\"\n\t\t><span class=\"sc_button_text\"><span class=\"sc_button_title\">View the gallery<\/span><\/span><!-- \/.sc_button_text --><\/a><!-- \/.sc_button --><\/div><!-- \/.sc_item_button sc_item_button_default sc_promo_button sc_align_default --><\/div>\n\t\t<\/div><!-- \/.sc_promo_text --><\/div><!-- \/.sc_promo -->[vc_empty_space height=&#8221;150px&#8221; hide_on_mobile=&#8221;&#8221;][\/vc_column][\/vc_row][vc_row css=&#8221;.vc_custom_1517650280354{margin-right: -150px !important;margin-left: -150px !important;}&#8221; el_id=&#8221;galerie&#8221;][vc_column]<ul class=\"pinterest-container\" data-onclick=\"link_image\" data-itemwidth=\"340\" data-minwidth=\"240\" data-offset=\"5\" data-outeroffset=\"0\" data-id=\"251854\" data-imagesload=\"off\"><li style='list-style:none;display:none'><a href='https:\/\/menabeplongee.com\/wp-content\/uploads\/2018\/02\/f23506240.jpg' class='lightbox-link' rel='cq-pinterst-2518'><img src='https:\/\/menabeplongee.com\/wp-content\/uploads\/2018\/02\/f23506240-340x191.jpg' width='340' height='191' \/><\/a><\/li><li style='list-style:none;display:none'><a href='https:\/\/menabeplongee.com\/wp-content\/uploads\/2018\/02\/f24634048.jpg' class='lightbox-link' rel='cq-pinterst-2518'><img src='https:\/\/menabeplongee.com\/wp-content\/uploads\/2018\/02\/f24634048-340x191.jpg' width='340' height='191' \/><\/a><\/li><li style='list-style:none;display:none'><a href='https:\/\/menabeplongee.com\/wp-content\/uploads\/2018\/02\/f29266304.jpg' class='lightbox-link' rel='cq-pinterst-2518'><img src='https:\/\/menabeplongee.com\/wp-content\/uploads\/2018\/02\/f29266304-340x412.jpg' width='340' height='412' \/><\/a><\/li><li style='list-style:none;display:none'><a href='https:\/\/menabeplongee.com\/wp-content\/uploads\/2018\/02\/f29447232.jpg' class='lightbox-link' rel='cq-pinterst-2518'><img src='https:\/\/menabeplongee.com\/wp-content\/uploads\/2018\/02\/f29447232-340x191.jpg' width='340' height='191' \/><\/a><\/li><li style='list-style:none;display:none'><a href='https:\/\/menabeplongee.com\/wp-content\/uploads\/2018\/02\/gg.jpg' class='lightbox-link' rel='cq-pinterst-2518'><img src='https:\/\/menabeplongee.com\/wp-content\/uploads\/2018\/02\/gg-340x259.jpg' width='340' height='259' \/><\/a><\/li><li style='list-style:none;display:none'><a href='https:\/\/menabeplongee.com\/wp-content\/uploads\/2018\/02\/IMG_0323.jpg' class='lightbox-link' rel='cq-pinterst-2518'><img src='https:\/\/menabeplongee.com\/wp-content\/uploads\/2018\/02\/IMG_0323-340x382.jpg' width='340' height='382' \/><\/a><\/li><li style='list-style:none;display:none'><a href='https:\/\/menabeplongee.com\/wp-content\/uploads\/2018\/02\/IMG_0618.jpg' class='lightbox-link' rel='cq-pinterst-2518'><img src='https:\/\/menabeplongee.com\/wp-content\/uploads\/2018\/02\/IMG_0618-340x255.jpg' width='340' height='255' \/><\/a><\/li><li style='list-style:none;display:none'><a href='https:\/\/menabeplongee.com\/wp-content\/uploads\/2018\/02\/IMG_1110.jpg' class='lightbox-link' rel='cq-pinterst-2518'><img src='https:\/\/menabeplongee.com\/wp-content\/uploads\/2018\/02\/IMG_1110-340x255.jpg' width='340' height='255' \/><\/a><\/li><li style='list-style:none;display:none'><a href='https:\/\/menabeplongee.com\/wp-content\/uploads\/2018\/02\/IMG_1329.jpg' class='lightbox-link' rel='cq-pinterst-2518'><img src='https:\/\/menabeplongee.com\/wp-content\/uploads\/2018\/02\/IMG_1329-340x479.jpg' width='340' height='479' \/><\/a><\/li><li style='list-style:none;display:none'><a href='https:\/\/menabeplongee.com\/wp-content\/uploads\/2018\/02\/IMG_1630.jpg' class='lightbox-link' rel='cq-pinterst-2518'><img src='https:\/\/menabeplongee.com\/wp-content\/uploads\/2018\/02\/IMG_1630-340x208.jpg' width='340' height='208' \/><\/a><\/li><li style='list-style:none;display:none'><a href='https:\/\/menabeplongee.com\/wp-content\/uploads\/2018\/02\/IMG_1863.jpg' class='lightbox-link' rel='cq-pinterst-2518'><img src='https:\/\/menabeplongee.com\/wp-content\/uploads\/2018\/02\/IMG_1863-340x246.jpg' width='340' height='246' \/><\/a><\/li><li style='list-style:none;display:none'><a href='https:\/\/menabeplongee.com\/wp-content\/uploads\/2018\/02\/IMG_2162.jpg' class='lightbox-link' rel='cq-pinterst-2518'><img src='https:\/\/menabeplongee.com\/wp-content\/uploads\/2018\/02\/IMG_2162-340x255.jpg' width='340' height='255' \/><\/a><\/li><li style='list-style:none;display:none'><a href='https:\/\/menabeplongee.com\/wp-content\/uploads\/2018\/02\/IMG_2389.jpg' class='lightbox-link' rel='cq-pinterst-2518'><img src='https:\/\/menabeplongee.com\/wp-content\/uploads\/2018\/02\/IMG_2389-340x255.jpg' width='340' height='255' \/><\/a><\/li><li style='list-style:none;display:none'><a href='https:\/\/menabeplongee.com\/wp-content\/uploads\/2018\/02\/IMG_2771.jpg' class='lightbox-link' rel='cq-pinterst-2518'><img src='https:\/\/menabeplongee.com\/wp-content\/uploads\/2018\/02\/IMG_2771-340x259.jpg' width='340' height='259' \/><\/a><\/li><li style='list-style:none;display:none'><a href='https:\/\/menabeplongee.com\/wp-content\/uploads\/2018\/02\/IMG_4027.jpg' class='lightbox-link' rel='cq-pinterst-2518'><img src='https:\/\/menabeplongee.com\/wp-content\/uploads\/2018\/02\/IMG_4027-340x244.jpg' width='340' height='244' \/><\/a><\/li><li style='list-style:none;display:none'><a href='https:\/\/menabeplongee.com\/wp-content\/uploads\/2018\/02\/IMG_4086.jpg' class='lightbox-link' rel='cq-pinterst-2518'><img src='https:\/\/menabeplongee.com\/wp-content\/uploads\/2018\/02\/IMG_4086-340x255.jpg' width='340' height='255' \/><\/a><\/li><li style='list-style:none;display:none'><a href='https:\/\/menabeplongee.com\/wp-content\/uploads\/2018\/02\/IMG_7017-rotated.jpg' class='lightbox-link' rel='cq-pinterst-2518'><img src='https:\/\/menabeplongee.com\/wp-content\/uploads\/2018\/02\/IMG_7017-rotated-340x286.jpg' width='340' height='286' \/><\/a><\/li><li style='list-style:none;display:none'><a href='https:\/\/menabeplongee.com\/wp-content\/uploads\/2018\/02\/IMG_9215.jpg' class='lightbox-link' rel='cq-pinterst-2518'><img src='https:\/\/menabeplongee.com\/wp-content\/uploads\/2018\/02\/IMG_9215-340x229.jpg' width='340' height='229' \/><\/a><\/li><li style='list-style:none;display:none'><a href='https:\/\/menabeplongee.com\/wp-content\/uploads\/2018\/02\/visayas-328.jpg' class='lightbox-link' rel='cq-pinterst-2518'><img src='https:\/\/menabeplongee.com\/wp-content\/uploads\/2018\/02\/visayas-328-340x227.jpg' width='340' height='227' \/><\/a><\/li><li style='list-style:none;display:none'><a href='https:\/\/menabeplongee.com\/wp-content\/uploads\/2018\/02\/3.jpg' class='lightbox-link' rel='cq-pinterst-2518'><img src='https:\/\/menabeplongee.com\/wp-content\/uploads\/2018\/02\/3-340x239.jpg' width='340' height='239' \/><\/a><\/li><li style='list-style:none;display:none'><a href='https:\/\/menabeplongee.com\/wp-content\/uploads\/2018\/02\/5.jpg' class='lightbox-link' rel='cq-pinterst-2518'><img src='https:\/\/menabeplongee.com\/wp-content\/uploads\/2018\/02\/5-340x266.jpg' width='340' height='266' \/><\/a><\/li><li style='list-style:none;display:none'><a href='https:\/\/menabeplongee.com\/wp-content\/uploads\/2018\/02\/9.jpg' class='lightbox-link' rel='cq-pinterst-2518'><img src='https:\/\/menabeplongee.com\/wp-content\/uploads\/2018\/02\/9-340x255.jpg' width='340' height='255' \/><\/a><\/li><li style='list-style:none;display:none'><a href='https:\/\/menabeplongee.com\/wp-content\/uploads\/2018\/02\/10-2.jpg' class='lightbox-link' rel='cq-pinterst-2518'><img src='https:\/\/menabeplongee.com\/wp-content\/uploads\/2018\/02\/10-2-340x227.jpg' width='340' height='227' \/><\/a><\/li><li style='list-style:none;display:none'><a href='https:\/\/menabeplongee.com\/wp-content\/uploads\/2018\/02\/Bcnidaire010MB.jpg' class='lightbox-link' rel='cq-pinterst-2518'><img src='https:\/\/menabeplongee.com\/wp-content\/uploads\/2018\/02\/Bcnidaire010MB-340x219.jpg' width='340' height='219' \/><\/a><\/li><li style='list-style:none;display:none'><a href='https:\/\/menabeplongee.com\/wp-content\/uploads\/2018\/02\/DSCN1196.jpg' class='lightbox-link' rel='cq-pinterst-2518'><img src='https:\/\/menabeplongee.com\/wp-content\/uploads\/2018\/02\/DSCN1196-340x239.jpg' width='340' height='239' \/><\/a><\/li><li style='list-style:none;display:none'><a href='https:\/\/menabeplongee.com\/wp-content\/uploads\/2018\/02\/f18787840.jpg' class='lightbox-link' rel='cq-pinterst-2518'><img src='https:\/\/menabeplongee.com\/wp-content\/uploads\/2018\/02\/f18787840-340x191.jpg' width='340' height='191' \/><\/a><\/li><li style='list-style:none;display:none'><a href='https:\/\/menabeplongee.com\/wp-content\/uploads\/2018\/02\/f21256768.jpg' class='lightbox-link' rel='cq-pinterst-2518'><img src='https:\/\/menabeplongee.com\/wp-content\/uploads\/2018\/02\/f21256768-340x259.jpg' width='340' height='259' \/><\/a><\/li><li style='list-style:none;display:none'><a href='https:\/\/menabeplongee.com\/wp-content\/uploads\/2019\/08\/10-scaled.jpg' class='lightbox-link' rel='cq-pinterst-2518'><img src='https:\/\/menabeplongee.com\/wp-content\/uploads\/2019\/08\/10-scaled-340x247.jpg' width='340' height='247' \/><\/a><\/li><li style='list-style:none;display:none'><a href='https:\/\/menabeplongee.com\/wp-content\/uploads\/2019\/08\/11-scaled.jpg' class='lightbox-link' rel='cq-pinterst-2518'><img src='https:\/\/menabeplongee.com\/wp-content\/uploads\/2019\/08\/11-scaled-340x443.jpg' width='340' height='443' \/><\/a><\/li><li style='list-style:none;display:none'><a href='https:\/\/menabeplongee.com\/wp-content\/uploads\/2019\/08\/13-scaled.jpg' class='lightbox-link' rel='cq-pinterst-2518'><img src='https:\/\/menabeplongee.com\/wp-content\/uploads\/2019\/08\/13-scaled-340x456.jpg' width='340' height='456' \/><\/a><\/li><li style='list-style:none;display:none'><a href='https:\/\/menabeplongee.com\/wp-content\/uploads\/2019\/08\/15.jpg' class='lightbox-link' rel='cq-pinterst-2518'><img src='https:\/\/menabeplongee.com\/wp-content\/uploads\/2019\/08\/15-340x273.jpg' width='340' height='273' \/><\/a><\/li><li style='list-style:none;display:none'><a href='https:\/\/menabeplongee.com\/wp-content\/uploads\/2019\/08\/17-scaled.jpg' class='lightbox-link' rel='cq-pinterst-2518'><img src='https:\/\/menabeplongee.com\/wp-content\/uploads\/2019\/08\/17-scaled-340x383.jpg' width='340' height='383' \/><\/a><\/li><li style='list-style:none;display:none'><a href='https:\/\/menabeplongee.com\/wp-content\/uploads\/2019\/08\/DSCN3770-scaled.jpg' class='lightbox-link' rel='cq-pinterst-2518'><img src='https:\/\/menabeplongee.com\/wp-content\/uploads\/2019\/08\/DSCN3770-scaled-340x413.jpg' width='340' height='413' \/><\/a><\/li><li style='list-style:none;display:none'><a href='https:\/\/menabeplongee.com\/wp-content\/uploads\/2019\/08\/PC010580-scaled.jpg' class='lightbox-link' rel='cq-pinterst-2518'><img src='https:\/\/menabeplongee.com\/wp-content\/uploads\/2019\/08\/PC010580-scaled-340x241.jpg' width='340' height='241' \/><\/a><\/li><li style='list-style:none;display:none'><a href='https:\/\/menabeplongee.com\/wp-content\/uploads\/2019\/08\/PC071483.jpg' class='lightbox-link' rel='cq-pinterst-2518'><img src='https:\/\/menabeplongee.com\/wp-content\/uploads\/2019\/08\/PC071483-340x273.jpg' width='340' height='273' \/><\/a><\/li><li style='list-style:none;display:none'><a href='https:\/\/menabeplongee.com\/wp-content\/uploads\/2019\/08\/PC071493-scaled.jpg' class='lightbox-link' rel='cq-pinterst-2518'><img src='https:\/\/menabeplongee.com\/wp-content\/uploads\/2019\/08\/PC071493-scaled-340x218.jpg' width='340' height='218' \/><\/a><\/li><li style='list-style:none;display:none'><a href='https:\/\/menabeplongee.com\/wp-content\/uploads\/2019\/08\/1-scaled.jpg' class='lightbox-link' rel='cq-pinterst-2518'><img src='https:\/\/menabeplongee.com\/wp-content\/uploads\/2019\/08\/1-scaled-340x244.jpg' width='340' height='244' \/><\/a><\/li><li style='list-style:none;display:none'><a href='https:\/\/menabeplongee.com\/wp-content\/uploads\/2019\/08\/2-2-1.jpg' class='lightbox-link' rel='cq-pinterst-2518'><img src='https:\/\/menabeplongee.com\/wp-content\/uploads\/2019\/08\/2-2-1-340x271.jpg' width='340' height='271' \/><\/a><\/li><li style='list-style:none;display:none'><a href='https:\/\/menabeplongee.com\/wp-content\/uploads\/2019\/08\/2-3.jpg' class='lightbox-link' rel='cq-pinterst-2518'><img src='https:\/\/menabeplongee.com\/wp-content\/uploads\/2019\/08\/2-3-340x259.jpg' width='340' height='259' \/><\/a><\/li><li style='list-style:none;display:none'><a href='https:\/\/menabeplongee.com\/wp-content\/uploads\/2019\/08\/3-1-scaled.jpg' class='lightbox-link' rel='cq-pinterst-2518'><img src='https:\/\/menabeplongee.com\/wp-content\/uploads\/2019\/08\/3-1-scaled-340x248.jpg' width='340' height='248' \/><\/a><\/li><li style='list-style:none;display:none'><a href='https:\/\/menabeplongee.com\/wp-content\/uploads\/2019\/08\/4-1-scaled.jpg' class='lightbox-link' rel='cq-pinterst-2518'><img src='https:\/\/menabeplongee.com\/wp-content\/uploads\/2019\/08\/4-1-scaled-340x254.jpg' width='340' height='254' \/><\/a><\/li><li style='list-style:none;display:none'><a href='https:\/\/menabeplongee.com\/wp-content\/uploads\/2019\/08\/5-scaled.jpg' class='lightbox-link' rel='cq-pinterst-2518'><img src='https:\/\/menabeplongee.com\/wp-content\/uploads\/2019\/08\/5-scaled-340x281.jpg' width='340' height='281' \/><\/a><\/li><li style='list-style:none;display:none'><a href='https:\/\/menabeplongee.com\/wp-content\/uploads\/2019\/08\/6-1.jpg' class='lightbox-link' rel='cq-pinterst-2518'><img src='https:\/\/menabeplongee.com\/wp-content\/uploads\/2019\/08\/6-1-340x283.jpg' width='340' height='283' \/><\/a><\/li><li style='list-style:none;display:none'><a href='https:\/\/menabeplongee.com\/wp-content\/uploads\/2019\/08\/7-1-scaled.jpg' class='lightbox-link' rel='cq-pinterst-2518'><img src='https:\/\/menabeplongee.com\/wp-content\/uploads\/2019\/08\/7-1-scaled-340x265.jpg' width='340' height='265' \/><\/a><\/li><li style='list-style:none;display:none'><a href='https:\/\/menabeplongee.com\/wp-content\/uploads\/2019\/08\/8-scaled.jpg' class='lightbox-link' rel='cq-pinterst-2518'><img src='https:\/\/menabeplongee.com\/wp-content\/uploads\/2019\/08\/8-scaled-340x271.jpg' width='340' height='271' \/><\/a><\/li><li style='list-style:none;display:none'><a href='https:\/\/menabeplongee.com\/wp-content\/uploads\/2019\/08\/9.jpg' class='lightbox-link' rel='cq-pinterst-2518'><img src='https:\/\/menabeplongee.com\/wp-content\/uploads\/2019\/08\/9-340x412.jpg' width='340' height='412' \/><\/a><\/li><\/ul>[\/vc_column][\/vc_row]<\/p>\n","protected":false},"excerpt":{"rendered":"<p>[vc_row][vc_column][vc_empty_space height=&#8221;150px&#8221; hide_on_mobile=&#8221;&#8221;][\/vc_column][\/vc_row][vc_row css=&#8221;.vc_custom_1517650280354{margin-right: -150px !important;margin-left: -150px !important;}&#8221; el_id=&#8221;galerie&#8221;][vc_column][\/vc_column][\/vc_row]<\/p>\n","protected":false},"author":1,"featured_media":0,"parent":2512,"menu_order":0,"comment_status":"closed","ping_status":"closed","template":"","meta":{"footnotes":""},"class_list":["post-2518","page","type-page","status-publish","hentry"],"yoast_head":"<!-- This site is optimized with the Yoast SEO plugin v25.3.1 - https:\/\/yoast.com\/wordpress\/plugins\/seo\/ -->\n<title>Macro - Menabe Plong\u00e9e<\/title>\n<meta name=\"robots\" content=\"index, follow, max-snippet:-1, max-image-preview:large, max-video-preview:-1\" \/>\n<link rel=\"canonical\" href=\"https:\/\/menabeplongee.com\/galerie\/macro\/\" \/>\n<meta property=\"og:locale\" content=\"en_US\" \/>\n<meta property=\"og:type\" content=\"article\" \/>\n<meta property=\"og:title\" content=\"Macro - Menabe Plong\u00e9e\" \/>\n<meta property=\"og:description\" content=\"[vc_row][vc_column][vc_empty_space height=&#8221;150px&#8221; hide_on_mobile=&#8221;&#8221;][\/vc_column][\/vc_row][vc_row css=&#8221;.vc_custom_1517650280354{margin-right: -150px !important;margin-left: -150px !important;}&#8221; el_id=&#8221;galerie&#8221;][vc_column][\/vc_column][\/vc_row]\" \/>\n<meta property=\"og:url\" content=\"https:\/\/menabeplongee.com\/galerie\/macro\/\" \/>\n<meta property=\"og:site_name\" content=\"Menabe Plong\u00e9e\" \/>\n<meta property=\"article:publisher\" content=\"https:\/\/www.facebook.com\/croisiereplongeeNosybe\/\" \/>\n<meta property=\"article:modified_time\" content=\"2020-02-04T07:19:57+00:00\" \/>\n<meta property=\"og:image\" content=\"https:\/\/menabeplongee.com\/wp-content\/uploads\/2018\/02\/LOGO-menabe-plongee.png\" \/>\n<meta name=\"twitter:card\" content=\"summary_large_image\" \/>\n<meta name=\"twitter:label1\" content=\"Est. reading time\" \/>\n\t<meta name=\"twitter:data1\" content=\"1 minute\" \/>\n<script type=\"application\/ld+json\" class=\"yoast-schema-graph\">{\"@context\":\"https:\/\/schema.org\",\"@graph\":[{\"@type\":\"WebPage\",\"@id\":\"https:\/\/menabeplongee.com\/galerie\/macro\/\",\"url\":\"https:\/\/menabeplongee.com\/galerie\/macro\/\",\"name\":\"Macro - Menabe Plong\u00e9e\",\"isPartOf\":{\"@id\":\"https:\/\/menabeplongee.com\/#website\"},\"datePublished\":\"2018-01-30T15:36:19+00:00\",\"dateModified\":\"2020-02-04T07:19:57+00:00\",\"breadcrumb\":{\"@id\":\"https:\/\/menabeplongee.com\/galerie\/macro\/#breadcrumb\"},\"inLanguage\":\"en-US\",\"potentialAction\":[{\"@type\":\"ReadAction\",\"target\":[\"https:\/\/menabeplongee.com\/galerie\/macro\/\"]}]},{\"@type\":\"BreadcrumbList\",\"@id\":\"https:\/\/menabeplongee.com\/galerie\/macro\/#breadcrumb\",\"itemListElement\":[{\"@type\":\"ListItem\",\"position\":1,\"name\":\"Home\",\"item\":\"https:\/\/menabeplongee.com\/en\/\"},{\"@type\":\"ListItem\",\"position\":2,\"name\":\"Gallery\",\"item\":\"https:\/\/menabeplongee.com\/galerie\/\"},{\"@type\":\"ListItem\",\"position\":3,\"name\":\"Macro\"}]},{\"@type\":\"WebSite\",\"@id\":\"https:\/\/menabeplongee.com\/#website\",\"url\":\"https:\/\/menabeplongee.com\/\",\"name\":\"Menabe Plong\u00e9e\",\"description\":\"Croisi\u00e8re plong\u00e9e a Nosy be MADAGASCAR\",\"potentialAction\":[{\"@type\":\"SearchAction\",\"target\":{\"@type\":\"EntryPoint\",\"urlTemplate\":\"https:\/\/menabeplongee.com\/?s={search_term_string}\"},\"query-input\":{\"@type\":\"PropertyValueSpecification\",\"valueRequired\":true,\"valueName\":\"search_term_string\"}}],\"inLanguage\":\"en-US\"}]}<\/script>\n<!-- \/ Yoast SEO plugin. -->","yoast_head_json":{"title":"Macro - Menabe Plong\u00e9e","robots":{"index":"index","follow":"follow","max-snippet":"max-snippet:-1","max-image-preview":"max-image-preview:large","max-video-preview":"max-video-preview:-1"},"canonical":"https:\/\/menabeplongee.com\/galerie\/macro\/","og_locale":"en_US","og_type":"article","og_title":"Macro - Menabe Plong\u00e9e","og_description":"[vc_row][vc_column][vc_empty_space height=&#8221;150px&#8221; hide_on_mobile=&#8221;&#8221;][\/vc_column][\/vc_row][vc_row css=&#8221;.vc_custom_1517650280354{margin-right: -150px !important;margin-left: -150px !important;}&#8221; el_id=&#8221;galerie&#8221;][vc_column][\/vc_column][\/vc_row]","og_url":"https:\/\/menabeplongee.com\/galerie\/macro\/","og_site_name":"Menabe Plong\u00e9e","article_publisher":"https:\/\/www.facebook.com\/croisiereplongeeNosybe\/","article_modified_time":"2020-02-04T07:19:57+00:00","og_image":[{"url":"https:\/\/menabeplongee.com\/wp-content\/uploads\/2018\/02\/LOGO-menabe-plongee.png","type":"","width":"","height":""}],"twitter_card":"summary_large_image","twitter_misc":{"Est. reading time":"1 minute"},"schema":{"@context":"https:\/\/schema.org","@graph":[{"@type":"WebPage","@id":"https:\/\/menabeplongee.com\/galerie\/macro\/","url":"https:\/\/menabeplongee.com\/galerie\/macro\/","name":"Macro - Menabe Plong\u00e9e","isPartOf":{"@id":"https:\/\/menabeplongee.com\/#website"},"datePublished":"2018-01-30T15:36:19+00:00","dateModified":"2020-02-04T07:19:57+00:00","breadcrumb":{"@id":"https:\/\/menabeplongee.com\/galerie\/macro\/#breadcrumb"},"inLanguage":"en-US","potentialAction":[{"@type":"ReadAction","target":["https:\/\/menabeplongee.com\/galerie\/macro\/"]}]},{"@type":"BreadcrumbList","@id":"https:\/\/menabeplongee.com\/galerie\/macro\/#breadcrumb","itemListElement":[{"@type":"ListItem","position":1,"name":"Home","item":"https:\/\/menabeplongee.com\/en\/"},{"@type":"ListItem","position":2,"name":"Gallery","item":"https:\/\/menabeplongee.com\/galerie\/"},{"@type":"ListItem","position":3,"name":"Macro"}]},{"@type":"WebSite","@id":"https:\/\/menabeplongee.com\/#website","url":"https:\/\/menabeplongee.com\/","name":"Menabe Plong\u00e9e","description":"Croisi\u00e8re plong\u00e9e a Nosy be MADAGASCAR","potentialAction":[{"@type":"SearchAction","target":{"@type":"EntryPoint","urlTemplate":"https:\/\/menabeplongee.com\/?s={search_term_string}"},"query-input":{"@type":"PropertyValueSpecification","valueRequired":true,"valueName":"search_term_string"}}],"inLanguage":"en-US"}]}},"_links":{"self":[{"href":"https:\/\/menabeplongee.com\/en\/wp-json\/wp\/v2\/pages\/2518","targetHints":{"allow":["GET"]}}],"collection":[{"href":"https:\/\/menabeplongee.com\/en\/wp-json\/wp\/v2\/pages"}],"about":[{"href":"https:\/\/menabeplongee.com\/en\/wp-json\/wp\/v2\/types\/page"}],"author":[{"embeddable":true,"href":"https:\/\/menabeplongee.com\/en\/wp-json\/wp\/v2\/users\/1"}],"replies":[{"embeddable":true,"href":"https:\/\/menabeplongee.com\/en\/wp-json\/wp\/v2\/comments?post=2518"}],"version-history":[{"count":3,"href":"https:\/\/menabeplongee.com\/en\/wp-json\/wp\/v2\/pages\/2518\/revisions"}],"predecessor-version":[{"id":2657,"href":"https:\/\/menabeplongee.com\/en\/wp-json\/wp\/v2\/pages\/2518\/revisions\/2657"}],"up":[{"embeddable":true,"href":"https:\/\/menabeplongee.com\/en\/wp-json\/wp\/v2\/pages\/2512"}],"wp:attachment":[{"href":"https:\/\/menabeplongee.com\/en\/wp-json\/wp\/v2\/media?parent=2518"}],"curies":[{"name":"wp","href":"https:\/\/api.w.org\/{rel}","templated":true}]}}