{"id":2516,"date":"2018-01-31T13:41:33","date_gmt":"2018-01-31T12:41:33","guid":{"rendered":"http:\/\/menabeplongee.com\/galerie\/escales\/"},"modified":"2020-02-04T08:08:05","modified_gmt":"2020-02-04T07:08:05","slug":"stopover","status":"publish","type":"page","link":"https:\/\/menabeplongee.com\/en\/gallery\/stopover\/","title":{"rendered":"Islands stops"},"content":{"rendered":"<p>[vc_row][vc_column]<div  id=\"sc_promo_328590245\" \n\tclass=\"scheme_light sc_promo sc_promo_width-style sc_promo_size_normal sc_promo_image_position_left\"><div class=\"sc_promo_image\" style=\"background-image:url(https:\/\/menabeplongee.com\/wp-content\/uploads\/2018\/01\/belle-plage2-1.jpg);width:60.4%;left: 0;\"><\/div><div class=\"sc_promo_text\" style=\"width: 50%;float: right;\">\n\t\t\t<div class=\"sc_promo_text_inner sc_align_center\" style=\" margin:5.4em 0 5.1em;\"><h3 class=\"sc_item_title sc_promo_title sc_align_default sc_item_title_style_default\">Islands stops<\/h3><div class=\"sc_item_descr sc_promo_descr sc_align_default\">Each cruise allows you to set foot on deserted islands, sandy banks or endless beaches... access authentic places.<\/p>\n<p>Every afternoon, relax on dreamy beaches and places accessible only by sea...<\/div><div class=\"sc_item_button sc_item_button_default sc_promo_button sc_align_default sc_button_wrap\"><a href=\"#galerie\"\n\t id=\"sc_button_161695591\" \n\tclass=\"sc_button sc_button_default sc_button_size_normal sc_button_icon_left\"\n\t\t><span class=\"sc_button_text\"><span class=\"sc_button_title\">View the gallery<\/span><\/span><!-- \/.sc_button_text --><\/a><!-- \/.sc_button --><\/div><!-- \/.sc_item_button sc_item_button_default sc_promo_button sc_align_default --><\/div>\n\t\t<\/div><!-- \/.sc_promo_text --><\/div><!-- \/.sc_promo -->[vc_empty_space height=&#8221;150px&#8221; hide_on_mobile=&#8221;&#8221;][\/vc_column][\/vc_row][vc_row css=&#8221;.vc_custom_1517650280354{margin-right: -150px !important;margin-left: -150px !important;}&#8221; el_id=&#8221;galerie&#8221;][vc_column]<ul class=\"pinterest-container\" data-onclick=\"link_image\" data-itemwidth=\"340\" data-minwidth=\"240\" data-offset=\"5\" data-outeroffset=\"0\" data-id=\"251682\" data-imagesload=\"off\"><li style='list-style:none;display:none'><a href='https:\/\/menabeplongee.com\/wp-content\/uploads\/2018\/02\/IMG_0555.jpg' class='lightbox-link' rel='cq-pinterst-2516'><img src='https:\/\/menabeplongee.com\/wp-content\/uploads\/2018\/02\/IMG_0555-340x453.jpg' width='340' height='453' \/><\/a><\/li><li style='list-style:none;display:none'><a href='https:\/\/menabeplongee.com\/wp-content\/uploads\/2018\/02\/IMG_0563.jpg' class='lightbox-link' rel='cq-pinterst-2516'><img src='https:\/\/menabeplongee.com\/wp-content\/uploads\/2018\/02\/IMG_0563-340x255.jpg' width='340' height='255' \/><\/a><\/li><li style='list-style:none;display:none'><a href='https:\/\/menabeplongee.com\/wp-content\/uploads\/2018\/02\/IMG_0587.jpg' class='lightbox-link' rel='cq-pinterst-2516'><img src='https:\/\/menabeplongee.com\/wp-content\/uploads\/2018\/02\/IMG_0587-340x255.jpg' width='340' height='255' \/><\/a><\/li><li style='list-style:none;display:none'><a href='https:\/\/menabeplongee.com\/wp-content\/uploads\/2018\/02\/IMG_0652.jpg' class='lightbox-link' rel='cq-pinterst-2516'><img src='https:\/\/menabeplongee.com\/wp-content\/uploads\/2018\/02\/IMG_0652-340x255.jpg' width='340' height='255' \/><\/a><\/li><li style='list-style:none;display:none'><a href='https:\/\/menabeplongee.com\/wp-content\/uploads\/2018\/02\/IMG_0700-2.jpg' class='lightbox-link' rel='cq-pinterst-2516'><img src='https:\/\/menabeplongee.com\/wp-content\/uploads\/2018\/02\/IMG_0700-2-340x255.jpg' width='340' height='255' \/><\/a><\/li><li style='list-style:none;display:none'><a href='https:\/\/menabeplongee.com\/wp-content\/uploads\/2018\/02\/IMG_4425.jpg' class='lightbox-link' rel='cq-pinterst-2516'><img src='https:\/\/menabeplongee.com\/wp-content\/uploads\/2018\/02\/IMG_4425-340x191.jpg' width='340' height='191' \/><\/a><\/li><li style='list-style:none;display:none'><a href='https:\/\/menabeplongee.com\/wp-content\/uploads\/2018\/02\/IMG_4480.jpg' class='lightbox-link' rel='cq-pinterst-2516'><img src='https:\/\/menabeplongee.com\/wp-content\/uploads\/2018\/02\/IMG_4480-340x255.jpg' width='340' height='255' \/><\/a><\/li><li style='list-style:none;display:none'><a href='https:\/\/menabeplongee.com\/wp-content\/uploads\/2018\/02\/IMG_6590.jpg' class='lightbox-link' rel='cq-pinterst-2516'><img src='https:\/\/menabeplongee.com\/wp-content\/uploads\/2018\/02\/IMG_6590-340x510.jpg' width='340' height='510' \/><\/a><\/li><li style='list-style:none;display:none'><a href='https:\/\/menabeplongee.com\/wp-content\/uploads\/2018\/02\/IMG_8119.jpg' class='lightbox-link' rel='cq-pinterst-2516'><img src='https:\/\/menabeplongee.com\/wp-content\/uploads\/2018\/02\/IMG_8119-340x453.jpg' width='340' height='453' \/><\/a><\/li><li style='list-style:none;display:none'><a href='https:\/\/menabeplongee.com\/wp-content\/uploads\/2018\/02\/IMG_9525.jpg' class='lightbox-link' rel='cq-pinterst-2516'><img src='https:\/\/menabeplongee.com\/wp-content\/uploads\/2018\/02\/IMG_9525-340x191.jpg' width='340' height='191' \/><\/a><\/li><li style='list-style:none;display:none'><a href='https:\/\/menabeplongee.com\/wp-content\/uploads\/2018\/02\/unnamed-file.jpg' class='lightbox-link' rel='cq-pinterst-2516'><img src='https:\/\/menabeplongee.com\/wp-content\/uploads\/2018\/02\/unnamed-file-340x191.jpg' width='340' height='191' \/><\/a><\/li><li style='list-style:none;display:none'><a href='https:\/\/menabeplongee.com\/wp-content\/uploads\/2018\/02\/2-1.jpg' class='lightbox-link' rel='cq-pinterst-2516'><img src='https:\/\/menabeplongee.com\/wp-content\/uploads\/2018\/02\/2-1-340x255.jpg' width='340' height='255' \/><\/a><\/li><li style='list-style:none;display:none'><a href='https:\/\/menabeplongee.com\/wp-content\/uploads\/2018\/02\/5-1.jpg' class='lightbox-link' rel='cq-pinterst-2516'><img src='https:\/\/menabeplongee.com\/wp-content\/uploads\/2018\/02\/5-1-340x240.jpg' width='340' height='240' \/><\/a><\/li><li style='list-style:none;display:none'><a href='https:\/\/menabeplongee.com\/wp-content\/uploads\/2018\/02\/8.jpg' class='lightbox-link' rel='cq-pinterst-2516'><img src='https:\/\/menabeplongee.com\/wp-content\/uploads\/2018\/02\/8-340x255.jpg' width='340' height='255' \/><\/a><\/li><li style='list-style:none;display:none'><a href='https:\/\/menabeplongee.com\/wp-content\/uploads\/2018\/02\/9-2.jpg' class='lightbox-link' rel='cq-pinterst-2516'><img src='https:\/\/menabeplongee.com\/wp-content\/uploads\/2018\/02\/9-2-340x453.jpg' width='340' height='453' \/><\/a><\/li><li style='list-style:none;display:none'><a href='https:\/\/menabeplongee.com\/wp-content\/uploads\/2018\/02\/9-1.jpg' class='lightbox-link' rel='cq-pinterst-2516'><img src='https:\/\/menabeplongee.com\/wp-content\/uploads\/2018\/02\/9-1-340x255.jpg' width='340' height='255' \/><\/a><\/li><li style='list-style:none;display:none'><a href='https:\/\/menabeplongee.com\/wp-content\/uploads\/2018\/02\/16.jpg' class='lightbox-link' rel='cq-pinterst-2516'><img src='https:\/\/menabeplongee.com\/wp-content\/uploads\/2018\/02\/16-340x255.jpg' width='340' height='255' \/><\/a><\/li><li style='list-style:none;display:none'><a href='https:\/\/menabeplongee.com\/wp-content\/uploads\/2018\/02\/22-2.jpg' class='lightbox-link' rel='cq-pinterst-2516'><img src='https:\/\/menabeplongee.com\/wp-content\/uploads\/2018\/02\/22-2-340x255.jpg' width='340' height='255' \/><\/a><\/li><li style='list-style:none;display:none'><a href='https:\/\/menabeplongee.com\/wp-content\/uploads\/2018\/02\/f20719488-1.jpg' class='lightbox-link' rel='cq-pinterst-2516'><img src='https:\/\/menabeplongee.com\/wp-content\/uploads\/2018\/02\/f20719488-1-340x255.jpg' width='340' height='255' \/><\/a><\/li><li style='list-style:none;display:none'><a href='https:\/\/menabeplongee.com\/wp-content\/uploads\/2018\/02\/f21176256-1.jpg' class='lightbox-link' rel='cq-pinterst-2516'><img src='https:\/\/menabeplongee.com\/wp-content\/uploads\/2018\/02\/f21176256-1-340x191.jpg' width='340' height='191' \/><\/a><\/li><li style='list-style:none;display:none'><a href='https:\/\/menabeplongee.com\/wp-content\/uploads\/2018\/02\/IMG_0021.jpg' class='lightbox-link' rel='cq-pinterst-2516'><img src='https:\/\/menabeplongee.com\/wp-content\/uploads\/2018\/02\/IMG_0021-340x255.jpg' width='340' height='255' \/><\/a><\/li><li style='list-style:none;display:none'><a href='https:\/\/menabeplongee.com\/wp-content\/uploads\/2018\/02\/IMG_0058.jpg' class='lightbox-link' rel='cq-pinterst-2516'><img src='https:\/\/menabeplongee.com\/wp-content\/uploads\/2018\/02\/IMG_0058-340x255.jpg' width='340' height='255' \/><\/a><\/li><li style='list-style:none;display:none'><a href='https:\/\/menabeplongee.com\/wp-content\/uploads\/2018\/02\/IMG_0508.jpg' class='lightbox-link' rel='cq-pinterst-2516'><img src='https:\/\/menabeplongee.com\/wp-content\/uploads\/2018\/02\/IMG_0508-340x453.jpg' width='340' height='453' \/><\/a><\/li><li style='list-style:none;display:none'><a href='https:\/\/menabeplongee.com\/wp-content\/uploads\/2018\/02\/IMG_0522.jpg' class='lightbox-link' rel='cq-pinterst-2516'><img src='https:\/\/menabeplongee.com\/wp-content\/uploads\/2018\/02\/IMG_0522-340x255.jpg' width='340' height='255' \/><\/a><\/li><li style='list-style:none;display:none'><a href='https:\/\/menabeplongee.com\/wp-content\/uploads\/2019\/08\/IMG_20170107_102959-scaled.jpg' class='lightbox-link' rel='cq-pinterst-2516'><img src='https:\/\/menabeplongee.com\/wp-content\/uploads\/2019\/08\/IMG_20170107_102959-scaled-340x445.jpg' width='340' height='445' \/><\/a><\/li><li style='list-style:none;display:none'><a href='https:\/\/menabeplongee.com\/wp-content\/uploads\/2019\/08\/IMG_20170108_082503.jpg' class='lightbox-link' rel='cq-pinterst-2516'><img src='https:\/\/menabeplongee.com\/wp-content\/uploads\/2019\/08\/IMG_20170108_082503-340x196.jpg' width='340' height='196' \/><\/a><\/li><li style='list-style:none;display:none'><a href='https:\/\/menabeplongee.com\/wp-content\/uploads\/2019\/08\/IMG_20170106_104345.jpg' class='lightbox-link' rel='cq-pinterst-2516'><img src='https:\/\/menabeplongee.com\/wp-content\/uploads\/2019\/08\/IMG_20170106_104345-340x245.jpg' width='340' height='245' \/><\/a><\/li><li style='list-style:none;display:none'><a href='https:\/\/menabeplongee.com\/wp-content\/uploads\/2019\/08\/IMG_20170107_051241.jpg' class='lightbox-link' rel='cq-pinterst-2516'><img src='https:\/\/menabeplongee.com\/wp-content\/uploads\/2019\/08\/IMG_20170107_051241-340x245.jpg' width='340' height='245' \/><\/a><\/li><\/ul>[\/vc_column][\/vc_row]<\/p>\n","protected":false},"excerpt":{"rendered":"<p>[vc_row][vc_column][vc_empty_space height=&#8221;150px&#8221; hide_on_mobile=&#8221;&#8221;][\/vc_column][\/vc_row][vc_row css=&#8221;.vc_custom_1517650280354{margin-right: -150px !important;margin-left: -150px !important;}&#8221; el_id=&#8221;galerie&#8221;][vc_column][\/vc_column][\/vc_row]<\/p>\n","protected":false},"author":1,"featured_media":0,"parent":2512,"menu_order":0,"comment_status":"closed","ping_status":"closed","template":"","meta":{"footnotes":""},"class_list":["post-2516","page","type-page","status-publish","hentry"],"yoast_head":"<!-- This site is optimized with the Yoast SEO plugin v25.3.1 - https:\/\/yoast.com\/wordpress\/plugins\/seo\/ -->\n<title>Islands stops - Menabe Plong\u00e9e<\/title>\n<meta name=\"robots\" content=\"index, follow, max-snippet:-1, max-image-preview:large, max-video-preview:-1\" \/>\n<link rel=\"canonical\" href=\"https:\/\/menabeplongee.com\/galerie\/escales\/\" \/>\n<meta property=\"og:locale\" content=\"en_US\" \/>\n<meta property=\"og:type\" content=\"article\" \/>\n<meta property=\"og:title\" content=\"Islands stops - Menabe Plong\u00e9e\" \/>\n<meta property=\"og:description\" content=\"[vc_row][vc_column][vc_empty_space height=&#8221;150px&#8221; hide_on_mobile=&#8221;&#8221;][\/vc_column][\/vc_row][vc_row css=&#8221;.vc_custom_1517650280354{margin-right: -150px !important;margin-left: -150px !important;}&#8221; el_id=&#8221;galerie&#8221;][vc_column][\/vc_column][\/vc_row]\" \/>\n<meta property=\"og:url\" content=\"https:\/\/menabeplongee.com\/galerie\/escales\/\" \/>\n<meta property=\"og:site_name\" content=\"Menabe Plong\u00e9e\" \/>\n<meta property=\"article:publisher\" content=\"https:\/\/www.facebook.com\/croisiereplongeeNosybe\/\" \/>\n<meta property=\"article:modified_time\" content=\"2020-02-04T07:08:05+00:00\" \/>\n<meta property=\"og:image\" content=\"https:\/\/menabeplongee.com\/wp-content\/uploads\/2018\/02\/LOGO-menabe-plongee.png\" \/>\n<meta name=\"twitter:card\" content=\"summary_large_image\" \/>\n<meta name=\"twitter:label1\" content=\"Est. reading time\" \/>\n\t<meta name=\"twitter:data1\" content=\"1 minute\" \/>\n<script type=\"application\/ld+json\" class=\"yoast-schema-graph\">{\"@context\":\"https:\/\/schema.org\",\"@graph\":[{\"@type\":\"WebPage\",\"@id\":\"https:\/\/menabeplongee.com\/galerie\/escales\/\",\"url\":\"https:\/\/menabeplongee.com\/galerie\/escales\/\",\"name\":\"Islands stops - Menabe Plong\u00e9e\",\"isPartOf\":{\"@id\":\"https:\/\/menabeplongee.com\/#website\"},\"datePublished\":\"2018-01-31T12:41:33+00:00\",\"dateModified\":\"2020-02-04T07:08:05+00:00\",\"breadcrumb\":{\"@id\":\"https:\/\/menabeplongee.com\/galerie\/escales\/#breadcrumb\"},\"inLanguage\":\"en-US\",\"potentialAction\":[{\"@type\":\"ReadAction\",\"target\":[\"https:\/\/menabeplongee.com\/galerie\/escales\/\"]}]},{\"@type\":\"BreadcrumbList\",\"@id\":\"https:\/\/menabeplongee.com\/galerie\/escales\/#breadcrumb\",\"itemListElement\":[{\"@type\":\"ListItem\",\"position\":1,\"name\":\"Home\",\"item\":\"https:\/\/menabeplongee.com\/en\/\"},{\"@type\":\"ListItem\",\"position\":2,\"name\":\"Gallery\",\"item\":\"https:\/\/menabeplongee.com\/galerie\/\"},{\"@type\":\"ListItem\",\"position\":3,\"name\":\"Islands stops\"}]},{\"@type\":\"WebSite\",\"@id\":\"https:\/\/menabeplongee.com\/#website\",\"url\":\"https:\/\/menabeplongee.com\/\",\"name\":\"Menabe Plong\u00e9e\",\"description\":\"Croisi\u00e8re plong\u00e9e a Nosy be MADAGASCAR\",\"potentialAction\":[{\"@type\":\"SearchAction\",\"target\":{\"@type\":\"EntryPoint\",\"urlTemplate\":\"https:\/\/menabeplongee.com\/?s={search_term_string}\"},\"query-input\":{\"@type\":\"PropertyValueSpecification\",\"valueRequired\":true,\"valueName\":\"search_term_string\"}}],\"inLanguage\":\"en-US\"}]}<\/script>\n<!-- \/ Yoast SEO plugin. -->","yoast_head_json":{"title":"Islands stops - Menabe Plong\u00e9e","robots":{"index":"index","follow":"follow","max-snippet":"max-snippet:-1","max-image-preview":"max-image-preview:large","max-video-preview":"max-video-preview:-1"},"canonical":"https:\/\/menabeplongee.com\/galerie\/escales\/","og_locale":"en_US","og_type":"article","og_title":"Islands stops - Menabe Plong\u00e9e","og_description":"[vc_row][vc_column][vc_empty_space height=&#8221;150px&#8221; hide_on_mobile=&#8221;&#8221;][\/vc_column][\/vc_row][vc_row css=&#8221;.vc_custom_1517650280354{margin-right: -150px !important;margin-left: -150px !important;}&#8221; el_id=&#8221;galerie&#8221;][vc_column][\/vc_column][\/vc_row]","og_url":"https:\/\/menabeplongee.com\/galerie\/escales\/","og_site_name":"Menabe Plong\u00e9e","article_publisher":"https:\/\/www.facebook.com\/croisiereplongeeNosybe\/","article_modified_time":"2020-02-04T07:08:05+00:00","og_image":[{"url":"https:\/\/menabeplongee.com\/wp-content\/uploads\/2018\/02\/LOGO-menabe-plongee.png","type":"","width":"","height":""}],"twitter_card":"summary_large_image","twitter_misc":{"Est. reading time":"1 minute"},"schema":{"@context":"https:\/\/schema.org","@graph":[{"@type":"WebPage","@id":"https:\/\/menabeplongee.com\/galerie\/escales\/","url":"https:\/\/menabeplongee.com\/galerie\/escales\/","name":"Islands stops - Menabe Plong\u00e9e","isPartOf":{"@id":"https:\/\/menabeplongee.com\/#website"},"datePublished":"2018-01-31T12:41:33+00:00","dateModified":"2020-02-04T07:08:05+00:00","breadcrumb":{"@id":"https:\/\/menabeplongee.com\/galerie\/escales\/#breadcrumb"},"inLanguage":"en-US","potentialAction":[{"@type":"ReadAction","target":["https:\/\/menabeplongee.com\/galerie\/escales\/"]}]},{"@type":"BreadcrumbList","@id":"https:\/\/menabeplongee.com\/galerie\/escales\/#breadcrumb","itemListElement":[{"@type":"ListItem","position":1,"name":"Home","item":"https:\/\/menabeplongee.com\/en\/"},{"@type":"ListItem","position":2,"name":"Gallery","item":"https:\/\/menabeplongee.com\/galerie\/"},{"@type":"ListItem","position":3,"name":"Islands stops"}]},{"@type":"WebSite","@id":"https:\/\/menabeplongee.com\/#website","url":"https:\/\/menabeplongee.com\/","name":"Menabe Plong\u00e9e","description":"Croisi\u00e8re plong\u00e9e a Nosy be MADAGASCAR","potentialAction":[{"@type":"SearchAction","target":{"@type":"EntryPoint","urlTemplate":"https:\/\/menabeplongee.com\/?s={search_term_string}"},"query-input":{"@type":"PropertyValueSpecification","valueRequired":true,"valueName":"search_term_string"}}],"inLanguage":"en-US"}]}},"_links":{"self":[{"href":"https:\/\/menabeplongee.com\/en\/wp-json\/wp\/v2\/pages\/2516","targetHints":{"allow":["GET"]}}],"collection":[{"href":"https:\/\/menabeplongee.com\/en\/wp-json\/wp\/v2\/pages"}],"about":[{"href":"https:\/\/menabeplongee.com\/en\/wp-json\/wp\/v2\/types\/page"}],"author":[{"embeddable":true,"href":"https:\/\/menabeplongee.com\/en\/wp-json\/wp\/v2\/users\/1"}],"replies":[{"embeddable":true,"href":"https:\/\/menabeplongee.com\/en\/wp-json\/wp\/v2\/comments?post=2516"}],"version-history":[{"count":5,"href":"https:\/\/menabeplongee.com\/en\/wp-json\/wp\/v2\/pages\/2516\/revisions"}],"predecessor-version":[{"id":2537,"href":"https:\/\/menabeplongee.com\/en\/wp-json\/wp\/v2\/pages\/2516\/revisions\/2537"}],"up":[{"embeddable":true,"href":"https:\/\/menabeplongee.com\/en\/wp-json\/wp\/v2\/pages\/2512"}],"wp:attachment":[{"href":"https:\/\/menabeplongee.com\/en\/wp-json\/wp\/v2\/media?parent=2516"}],"curies":[{"name":"wp","href":"https:\/\/api.w.org\/{rel}","templated":true}]}}