{"id":2510,"date":"2018-01-23T10:19:02","date_gmt":"2018-01-23T09:19:02","guid":{"rendered":"http:\/\/menabeplongee.com\/croisiere-plongee\/"},"modified":"2020-02-04T07:41:51","modified_gmt":"2020-02-04T06:41:51","slug":"diving-cruise","status":"publish","type":"page","link":"https:\/\/menabeplongee.com\/en\/diving-cruise\/","title":{"rendered":"Safari Diving cruise"},"content":{"rendered":"<p>[vc_row full_width=&#8221;stretch_row&#8221; css=&#8221;.vc_custom_1516966498202{padding-top: 2.5em !important;padding-bottom: 2.5em !important;}&#8221;][vc_column]<div id=\"sc_title_1198433870\"\n\t\tclass=\"sc_title sc_title_default  vc_custom_1580801869709\"><h3 class=\"sc_item_title sc_title_title sc_align_center sc_item_title_style_title-medium-size-style\">The different ways<\/h3><\/div><!-- \/.sc_title -->[vc_empty_space hide_on_mobile=&#8221;&#8221;][vc_column_text]<\/p>\n<p style=\"text-align: center;\"><strong>From Nosy Be<\/strong>, we offer diving cruises to different archipelagos in <strong>northern Madagascar<\/strong>.<br \/>\nChoose your destination, <strong>your catamaran<\/strong>\u00a0for an <strong>unforgettable diving cruise.<\/strong><\/p>\n<p>[\/vc_column_text][\/vc_column][\/vc_row][vc_row][vc_column width=&#8221;1\/3&#8243;]<div class=\" cq-flipbox-container cq-bottomtop\" data-frontbg=\"#CCD1D9\" data-backbg=\"#AAB2BD\" data-fontcolor=\"\" data-face1=\"cq-flipbox-left\" data-face2=\"cq-flipbox-right\" data-flipdirection=\"bottomtop\" data-elementheight=\"269\" data-avatarsize=\"86\" data-frontcontentcolor=\"\" data-backcontentcolor=\"#2d4059\" data-titlesize=\"1.4em\" data-contentsize=\"1.2em\" data-contentwidth=\"\" data-iconcolor=\"\" data-iconbg=\"#fdda7f\" data-elementmargin=\"30px 0 0\" data-elementwidth=\"\" data-cardborder=\"\" data-cardbordersize=\"\" data-bordercolor=\"#999\" data-backbuttonbg=\"\" data-backbuttonhoverbg=\"\" data-contentmargintop=\"\" data-cardshape=\"square\" data-frontfullimage=\"https:\/\/menabeplongee.com\/wp-content\/uploads\/2016\/10\/mer-radama.jpg\" data-avatartype=\"none\" data-backfullimage=\"https:\/\/menabeplongee.com\/wp-content\/uploads\/2016\/10\/background-3.jpg\" data-backavatar=\"icon\"><a href=\"https:\/\/menabeplongee.com\/en\/services\/radama-archipelago\/\" title=\"\" target=\"\" class=\"cq-flipbox-link\"><div class=\"cq-flipbox-flipper\"><div class=\"cq-flipbox-item cq-flipbox-left\" onclick=\"\"><div class=\"cq-flipbox-content\"><h4 class=\"cq-flipbox-title\">The Radama Archipelago<\/h4><\/div><\/div><div class=\"cq-flipbox-item cq-flipbox-right\" onclick=\"\"><div class=\"cq-flipbox-content\">More than 100km south of NOSY BE are the RADAMA Islands.<br \/>\n4 beautiful islands, only habited by fishermen.<\/div><\/div><\/div><\/a><\/div>[\/vc_column][vc_column width=&#8221;1\/3&#8243;]<div class=\" cq-flipbox-container cq-bottomtop\" data-frontbg=\"#CCD1D9\" data-backbg=\"#AAB2BD\" data-fontcolor=\"\" data-face1=\"cq-flipbox-left\" data-face2=\"cq-flipbox-right\" data-flipdirection=\"bottomtop\" data-elementheight=\"269\" data-avatarsize=\"86\" data-frontcontentcolor=\"\" data-backcontentcolor=\"#2d4059\" data-titlesize=\"1.4em\" data-contentsize=\"1.2em\" data-contentwidth=\"\" data-iconcolor=\"\" data-iconbg=\"#fdda7f\" data-elementmargin=\"30px 0 0\" data-elementwidth=\"\" data-cardborder=\"\" data-cardbordersize=\"\" data-bordercolor=\"#999\" data-backbuttonbg=\"\" data-backbuttonhoverbg=\"\" data-contentmargintop=\"\" data-cardshape=\"square\" data-frontfullimage=\"https:\/\/menabeplongee.com\/wp-content\/uploads\/2018\/01\/belle-plage2.jpg\" data-avatartype=\"none\" data-backfullimage=\"https:\/\/menabeplongee.com\/wp-content\/uploads\/2016\/10\/background-3.jpg\" data-backavatar=\"icon\"><a href=\"https:\/\/menabeplongee.com\/en\/services\/mitsio-archipelago\/\" title=\"\" target=\"\" class=\"cq-flipbox-link\"><div class=\"cq-flipbox-flipper\"><div class=\"cq-flipbox-item cq-flipbox-left\" onclick=\"\"><div class=\"cq-flipbox-content\"><h4 class=\"cq-flipbox-title\">The Mitsio Archipelago<\/h4><\/div><\/div><div class=\"cq-flipbox-item cq-flipbox-right\" onclick=\"\"><div class=\"cq-flipbox-content\">North of Nosy Be, at a 60th of kilometres are islands and rocky islets with small sandy beaches... MITSIO<\/div><\/div><\/div><\/a><\/div>[\/vc_column][vc_column width=&#8221;1\/3&#8243;]<div class=\" cq-flipbox-container cq-bottomtop\" data-frontbg=\"#CCD1D9\" data-backbg=\"#AAB2BD\" data-fontcolor=\"\" data-face1=\"cq-flipbox-left\" data-face2=\"cq-flipbox-right\" data-flipdirection=\"bottomtop\" data-elementheight=\"269\" data-avatarsize=\"86\" data-frontcontentcolor=\"\" data-backcontentcolor=\"#2d4059\" data-titlesize=\"1.4em\" data-contentsize=\"1.2em\" data-contentwidth=\"\" data-iconcolor=\"\" data-iconbg=\"#fdda7f\" data-elementmargin=\"30px 0 0\" data-elementwidth=\"\" data-cardborder=\"\" data-cardbordersize=\"\" data-bordercolor=\"#999\" data-backbuttonbg=\"\" data-backbuttonhoverbg=\"\" data-contentmargintop=\"\" data-cardshape=\"square\" data-frontfullimage=\"https:\/\/menabeplongee.com\/wp-content\/uploads\/2018\/01\/queue-de-baleine.jpg\" data-avatartype=\"none\" data-backfullimage=\"https:\/\/menabeplongee.com\/wp-content\/uploads\/2016\/10\/background-3.jpg\" data-backavatar=\"icon\"><a href=\"https:\/\/menabeplongee.com\/en\/services\/your-choice\/\" title=\"\" target=\"\" class=\"cq-flipbox-link\"><div class=\"cq-flipbox-flipper\"><div class=\"cq-flipbox-item cq-flipbox-left\" onclick=\"\"><div class=\"cq-flipbox-content\"><h4 class=\"cq-flipbox-title\">Your choice<\/h4><\/div><\/div><div class=\"cq-flipbox-item cq-flipbox-right\" onclick=\"\"><div class=\"cq-flipbox-content\">The cruise range from 3 to 15 days.<br \/>\nMake your choice to discover exceptional cruises.<\/div><\/div><\/div><\/a><\/div>[\/vc_column][\/vc_row][vc_row][vc_column][vc_empty_space height=&#8221;50px&#8221; hide_on_mobile=&#8221;&#8221;]<div id=\"sc_googlemap_1763584299_wrap\" class=\"sc_googlemap_wrap\"><div id=\"sc_googlemap_1763584299\"\n\t\t\tclass=\"sc_googlemap sc_googlemap_default\"\n\t\t\t style=\"width:100%;height:450px;\"\t\t\tdata-zoom=\"7\"\n\t\t\tdata-style=\"default\"\n\t\t\t><div id=\"sc_googlemap_1763584299_1\" class=\"sc_googlemap_marker\"\n\t\t\t\t\t\tdata-latlng=\"\"\n\t\t\t\t\t\tdata-address=\"Archipel des Radama\"\n\t\t\t\t\t\tdata-description=\"Archipel des Radama\"\n\t\t\t\t\t\tdata-title=\"Archipel des Radama\"\n\t\t\t\t\t\tdata-icon=\"https:\/\/menabeplongee.com\/wp-content\/uploads\/2016\/07\/pointer.png\"\n\t\t\t\t\t\t><\/div><div id=\"sc_googlemap_1763584299_2\" class=\"sc_googlemap_marker\"\n\t\t\t\t\t\tdata-latlng=\"\"\n\t\t\t\t\t\tdata-address=\"Nosy Be Madagascar\"\n\t\t\t\t\t\tdata-description=\"Nosy Be Madagascar\"\n\t\t\t\t\t\tdata-title=\"Nosy Be Madagascar\"\n\t\t\t\t\t\tdata-icon=\"https:\/\/menabeplongee.com\/wp-content\/uploads\/2016\/07\/pointer.png\"\n\t\t\t\t\t\t><\/div><div id=\"sc_googlemap_1763584299_3\" class=\"sc_googlemap_marker\"\n\t\t\t\t\t\tdata-latlng=\"\"\n\t\t\t\t\t\tdata-address=\"Archipel des Mitsio\"\n\t\t\t\t\t\tdata-description=\"Archipel des Mitsio\"\n\t\t\t\t\t\tdata-title=\"Archipel des Mitsio\"\n\t\t\t\t\t\tdata-icon=\"https:\/\/menabeplongee.com\/wp-content\/uploads\/2016\/07\/pointer.png\"\n\t\t\t\t\t\t><\/div><div id=\"sc_googlemap_1763584299_4\" class=\"sc_googlemap_marker\"\n\t\t\t\t\t\tdata-latlng=\"-12.4565195,48.656667\"\n\t\t\t\t\t\tdata-address=\"\"\n\t\t\t\t\t\tdata-description=\"Cap St S\u00e9bastien\"\n\t\t\t\t\t\tdata-title=\"Cap St S\u00e9bastien\"\n\t\t\t\t\t\tdata-icon=\"https:\/\/menabeplongee.com\/wp-content\/uploads\/2016\/07\/pointer.png\"\n\t\t\t\t\t\t><\/div><div id=\"sc_googlemap_1763584299_5\" class=\"sc_googlemap_marker\"\n\t\t\t\t\t\tdata-latlng=\"-12.2396537,48.993545\"\n\t\t\t\t\t\tdata-address=\"\"\n\t\t\t\t\t\tdata-description=\"Baie du courrier\"\n\t\t\t\t\t\tdata-title=\"Baie du courrier\"\n\t\t\t\t\t\tdata-icon=\"https:\/\/menabeplongee.com\/wp-content\/uploads\/2016\/07\/pointer.png\"\n\t\t\t\t\t\t><\/div><div id=\"sc_googlemap_1763584299_6\" class=\"sc_googlemap_marker\"\n\t\t\t\t\t\tdata-latlng=\"-14.8800178,47.352046\"\n\t\t\t\t\t\tdata-address=\"\"\n\t\t\t\t\t\tdata-description=\"Baie de Moramba\"\n\t\t\t\t\t\tdata-title=\"Baie de Moramba\"\n\t\t\t\t\t\tdata-icon=\"https:\/\/menabeplongee.com\/wp-content\/uploads\/2016\/07\/pointer.png\"\n\t\t\t\t\t\t><\/div><\/div><\/div><!-- \/.sc_googlemap_wrap -->[\/vc_column][\/vc_row]<\/p>\n","protected":false},"excerpt":{"rendered":"<p>[vc_row full_width=&#8221;stretch_row&#8221; css=&#8221;.vc_custom_1516966498202{padding-top: 2.5em !important;padding-bottom: 2.5em !important;}&#8221;][vc_column][vc_empty_space hide_on_mobile=&#8221;&#8221;][vc_column_text] From Nosy Be, we offer diving cruises to different archipelagos in northern&hellip;<\/p>\n","protected":false},"author":1,"featured_media":2168,"parent":0,"menu_order":0,"comment_status":"closed","ping_status":"closed","template":"","meta":{"footnotes":""},"class_list":["post-2510","page","type-page","status-publish","has-post-thumbnail","hentry"],"yoast_head":"<!-- This site is optimized with the Yoast SEO plugin v25.3.1 - https:\/\/yoast.com\/wordpress\/plugins\/seo\/ -->\n<title>Safari Diving cruise - Menabe Plong\u00e9e<\/title>\n<meta name=\"robots\" content=\"index, follow, max-snippet:-1, max-image-preview:large, max-video-preview:-1\" \/>\n<link rel=\"canonical\" href=\"https:\/\/menabeplongee.com\/croisiere-plongee\/\" \/>\n<meta property=\"og:locale\" content=\"en_US\" \/>\n<meta property=\"og:type\" content=\"article\" \/>\n<meta property=\"og:title\" content=\"Safari Diving cruise - Menabe Plong\u00e9e\" \/>\n<meta property=\"og:description\" content=\"[vc_row full_width=&#8221;stretch_row&#8221; css=&#8221;.vc_custom_1516966498202{padding-top: 2.5em !important;padding-bottom: 2.5em !important;}&#8221;][vc_column][vc_empty_space hide_on_mobile=&#8221;&#8221;][vc_column_text] From Nosy Be, we offer diving cruises to different archipelagos in northern&hellip;\" \/>\n<meta property=\"og:url\" content=\"https:\/\/menabeplongee.com\/croisiere-plongee\/\" \/>\n<meta property=\"og:site_name\" content=\"Menabe Plong\u00e9e\" \/>\n<meta property=\"article:publisher\" content=\"https:\/\/www.facebook.com\/croisiereplongeeNosybe\/\" \/>\n<meta property=\"article:modified_time\" content=\"2020-02-04T06:41:51+00:00\" \/>\n<meta property=\"og:image\" content=\"https:\/\/menabeplongee.com\/wp-content\/uploads\/2018\/02\/dauphin.png\" \/>\n\t<meta property=\"og:image:width\" content=\"2050\" \/>\n\t<meta property=\"og:image:height\" content=\"452\" \/>\n\t<meta property=\"og:image:type\" content=\"image\/png\" \/>\n<meta name=\"twitter:card\" content=\"summary_large_image\" \/>\n<meta name=\"twitter:label1\" content=\"Est. reading time\" \/>\n\t<meta name=\"twitter:data1\" content=\"2 minutes\" \/>\n<script type=\"application\/ld+json\" class=\"yoast-schema-graph\">{\"@context\":\"https:\/\/schema.org\",\"@graph\":[{\"@type\":\"WebPage\",\"@id\":\"https:\/\/menabeplongee.com\/croisiere-plongee\/\",\"url\":\"https:\/\/menabeplongee.com\/croisiere-plongee\/\",\"name\":\"Safari Diving cruise - Menabe Plong\u00e9e\",\"isPartOf\":{\"@id\":\"https:\/\/menabeplongee.com\/#website\"},\"primaryImageOfPage\":{\"@id\":\"https:\/\/menabeplongee.com\/croisiere-plongee\/#primaryimage\"},\"image\":{\"@id\":\"https:\/\/menabeplongee.com\/croisiere-plongee\/#primaryimage\"},\"thumbnailUrl\":\"https:\/\/menabeplongee.com\/wp-content\/uploads\/2018\/02\/dauphin.png\",\"datePublished\":\"2018-01-23T09:19:02+00:00\",\"dateModified\":\"2020-02-04T06:41:51+00:00\",\"breadcrumb\":{\"@id\":\"https:\/\/menabeplongee.com\/croisiere-plongee\/#breadcrumb\"},\"inLanguage\":\"en-US\",\"potentialAction\":[{\"@type\":\"ReadAction\",\"target\":[\"https:\/\/menabeplongee.com\/croisiere-plongee\/\"]}]},{\"@type\":\"ImageObject\",\"inLanguage\":\"en-US\",\"@id\":\"https:\/\/menabeplongee.com\/croisiere-plongee\/#primaryimage\",\"url\":\"https:\/\/menabeplongee.com\/wp-content\/uploads\/2018\/02\/dauphin.png\",\"contentUrl\":\"https:\/\/menabeplongee.com\/wp-content\/uploads\/2018\/02\/dauphin.png\",\"width\":2050,\"height\":452},{\"@type\":\"BreadcrumbList\",\"@id\":\"https:\/\/menabeplongee.com\/croisiere-plongee\/#breadcrumb\",\"itemListElement\":[{\"@type\":\"ListItem\",\"position\":1,\"name\":\"Home\",\"item\":\"https:\/\/menabeplongee.com\/en\/\"},{\"@type\":\"ListItem\",\"position\":2,\"name\":\"Safari Diving cruise\"}]},{\"@type\":\"WebSite\",\"@id\":\"https:\/\/menabeplongee.com\/#website\",\"url\":\"https:\/\/menabeplongee.com\/\",\"name\":\"Menabe Plong\u00e9e\",\"description\":\"Croisi\u00e8re plong\u00e9e a Nosy be MADAGASCAR\",\"potentialAction\":[{\"@type\":\"SearchAction\",\"target\":{\"@type\":\"EntryPoint\",\"urlTemplate\":\"https:\/\/menabeplongee.com\/?s={search_term_string}\"},\"query-input\":{\"@type\":\"PropertyValueSpecification\",\"valueRequired\":true,\"valueName\":\"search_term_string\"}}],\"inLanguage\":\"en-US\"}]}<\/script>\n<!-- \/ Yoast SEO plugin. -->","yoast_head_json":{"title":"Safari Diving cruise - Menabe Plong\u00e9e","robots":{"index":"index","follow":"follow","max-snippet":"max-snippet:-1","max-image-preview":"max-image-preview:large","max-video-preview":"max-video-preview:-1"},"canonical":"https:\/\/menabeplongee.com\/croisiere-plongee\/","og_locale":"en_US","og_type":"article","og_title":"Safari Diving cruise - Menabe Plong\u00e9e","og_description":"[vc_row full_width=&#8221;stretch_row&#8221; css=&#8221;.vc_custom_1516966498202{padding-top: 2.5em !important;padding-bottom: 2.5em !important;}&#8221;][vc_column][vc_empty_space hide_on_mobile=&#8221;&#8221;][vc_column_text] From Nosy Be, we offer diving cruises to different archipelagos in northern&hellip;","og_url":"https:\/\/menabeplongee.com\/croisiere-plongee\/","og_site_name":"Menabe Plong\u00e9e","article_publisher":"https:\/\/www.facebook.com\/croisiereplongeeNosybe\/","article_modified_time":"2020-02-04T06:41:51+00:00","og_image":[{"width":2050,"height":452,"url":"https:\/\/menabeplongee.com\/wp-content\/uploads\/2018\/02\/dauphin.png","type":"image\/png"}],"twitter_card":"summary_large_image","twitter_misc":{"Est. reading time":"2 minutes"},"schema":{"@context":"https:\/\/schema.org","@graph":[{"@type":"WebPage","@id":"https:\/\/menabeplongee.com\/croisiere-plongee\/","url":"https:\/\/menabeplongee.com\/croisiere-plongee\/","name":"Safari Diving cruise - Menabe Plong\u00e9e","isPartOf":{"@id":"https:\/\/menabeplongee.com\/#website"},"primaryImageOfPage":{"@id":"https:\/\/menabeplongee.com\/croisiere-plongee\/#primaryimage"},"image":{"@id":"https:\/\/menabeplongee.com\/croisiere-plongee\/#primaryimage"},"thumbnailUrl":"https:\/\/menabeplongee.com\/wp-content\/uploads\/2018\/02\/dauphin.png","datePublished":"2018-01-23T09:19:02+00:00","dateModified":"2020-02-04T06:41:51+00:00","breadcrumb":{"@id":"https:\/\/menabeplongee.com\/croisiere-plongee\/#breadcrumb"},"inLanguage":"en-US","potentialAction":[{"@type":"ReadAction","target":["https:\/\/menabeplongee.com\/croisiere-plongee\/"]}]},{"@type":"ImageObject","inLanguage":"en-US","@id":"https:\/\/menabeplongee.com\/croisiere-plongee\/#primaryimage","url":"https:\/\/menabeplongee.com\/wp-content\/uploads\/2018\/02\/dauphin.png","contentUrl":"https:\/\/menabeplongee.com\/wp-content\/uploads\/2018\/02\/dauphin.png","width":2050,"height":452},{"@type":"BreadcrumbList","@id":"https:\/\/menabeplongee.com\/croisiere-plongee\/#breadcrumb","itemListElement":[{"@type":"ListItem","position":1,"name":"Home","item":"https:\/\/menabeplongee.com\/en\/"},{"@type":"ListItem","position":2,"name":"Safari Diving cruise"}]},{"@type":"WebSite","@id":"https:\/\/menabeplongee.com\/#website","url":"https:\/\/menabeplongee.com\/","name":"Menabe Plong\u00e9e","description":"Croisi\u00e8re plong\u00e9e a Nosy be MADAGASCAR","potentialAction":[{"@type":"SearchAction","target":{"@type":"EntryPoint","urlTemplate":"https:\/\/menabeplongee.com\/?s={search_term_string}"},"query-input":{"@type":"PropertyValueSpecification","valueRequired":true,"valueName":"search_term_string"}}],"inLanguage":"en-US"}]}},"_links":{"self":[{"href":"https:\/\/menabeplongee.com\/en\/wp-json\/wp\/v2\/pages\/2510","targetHints":{"allow":["GET"]}}],"collection":[{"href":"https:\/\/menabeplongee.com\/en\/wp-json\/wp\/v2\/pages"}],"about":[{"href":"https:\/\/menabeplongee.com\/en\/wp-json\/wp\/v2\/types\/page"}],"author":[{"embeddable":true,"href":"https:\/\/menabeplongee.com\/en\/wp-json\/wp\/v2\/users\/1"}],"replies":[{"embeddable":true,"href":"https:\/\/menabeplongee.com\/en\/wp-json\/wp\/v2\/comments?post=2510"}],"version-history":[{"count":7,"href":"https:\/\/menabeplongee.com\/en\/wp-json\/wp\/v2\/pages\/2510\/revisions"}],"predecessor-version":[{"id":2651,"href":"https:\/\/menabeplongee.com\/en\/wp-json\/wp\/v2\/pages\/2510\/revisions\/2651"}],"wp:featuredmedia":[{"embeddable":true,"href":"https:\/\/menabeplongee.com\/en\/wp-json\/wp\/v2\/media\/2168"}],"wp:attachment":[{"href":"https:\/\/menabeplongee.com\/en\/wp-json\/wp\/v2\/media?parent=2510"}],"curies":[{"name":"wp","href":"https:\/\/api.w.org\/{rel}","templated":true}]}}