{"id":2504,"date":"2018-01-23T10:15:58","date_gmt":"2018-01-23T09:15:58","guid":{"rendered":"http:\/\/menabeplongee.com\/a-propos\/"},"modified":"2020-02-04T07:36:33","modified_gmt":"2020-02-04T06:36:33","slug":"about-us","status":"publish","type":"page","link":"https:\/\/menabeplongee.com\/en\/about-us\/","title":{"rendered":"About Us"},"content":{"rendered":"<p>[vc_row][vc_column width=&#8221;1\/2&#8243;]<div id=\"sc_title_110842891\"\n\t\tclass=\"sc_title sc_title_default\"><h3 class=\"sc_item_title sc_title_title sc_align_default sc_item_title_style_default\">Menabe Diving<\/h3><\/div><!-- \/.sc_title -->[vc_empty_space hide_on_mobile=&#8221;&#8221;][vc_column_text]Located in the southwestern basin of <strong>INDIAN OCEAN,<\/strong><\/p>\n<p><strong>MADAGASCAR<\/strong>, the 4th largest island on the planet, is bordered on its <strong>WEST coas<\/strong>t by the MOZAMBIQUE CANAL.<\/p>\n<p>Its tropical waters are full of a diversity of fish and a coral reefs.<\/p>\n<p><strong>The MENABE PLONGEE,<\/strong> MADAGASCAR diving cruise, opens the waters of the Mozambique Canal&#8230;<\/p>\n<p>MENABE PLONGEE offers you to discover very little exploited waters, where you will enjoy privileged courses and dives in <strong>MADAGASCAR<\/strong>.<\/p>\n<p>Composed of many islands and bays to discover at anchorage .. reefs, waterfalls or deep sea in <strong>underwater exploration<\/strong>&#8230;<\/p>\n<p><strong>MADAGASCAR<\/strong>, a natural sanctuary to explore by the sea.<\/p>\n<p>Exclusively dedicated to <strong>diving cruise<\/strong>, the MENABE PLONGEE is the only structure to offer you such a diversity of cruises routes and dives spots.<\/p>\n<p>Discover and exploration at MADAGASCAR ![\/vc_column_text][vc_empty_space hide_on_mobile=&#8221;&#8221;][\/vc_column][vc_column width=&#8221;1\/2&#8243;]<div class=\"cq-stackgallery\" data-width=\"640\" data-height=\"580\" data-easein=\"easeInBack\" data-easeout=\"easeOutBack\" data-containerheight=\"\" data-slideshow=\"yes\" data-slideshowdelay=\"4500\" data-notooltip=\"off\" style=\"background: url() \"><img loading=\"lazy\" decoding=\"async\" class=\"stackgallery-item\" style=\"border: px solid #FFF\" src=\"https:\/\/menabeplongee.com\/wp-content\/uploads\/2018\/02\/1-2-1280x1080.jpg\" width=\"640\" height=\"580\" title=\"\" alt=\"\" \/><img loading=\"lazy\" decoding=\"async\" class=\"stackgallery-item\" style=\"border: px solid #FFF\" src=\"https:\/\/menabeplongee.com\/wp-content\/uploads\/2018\/02\/IMGP4662-1-1280x1080.jpg\" width=\"640\" height=\"580\" title=\"\" alt=\"\" \/><img loading=\"lazy\" decoding=\"async\" class=\"stackgallery-item\" style=\"border: px solid #FFF\" src=\"https:\/\/menabeplongee.com\/wp-content\/uploads\/2018\/02\/IMG_0700-1-1280x1080.jpg\" width=\"640\" height=\"580\" title=\"\" alt=\"\" \/><img loading=\"lazy\" decoding=\"async\" class=\"stackgallery-item\" style=\"border: px solid #FFF\" src=\"https:\/\/menabeplongee.com\/wp-content\/uploads\/2016\/10\/IMG_0651-1280x1080.jpg\" width=\"640\" height=\"580\" title=\"\" alt=\"\" \/><img loading=\"lazy\" decoding=\"async\" class=\"stackgallery-item\" style=\"border: px solid #FFF\" src=\"https:\/\/menabeplongee.com\/wp-content\/uploads\/2018\/01\/soleil-mer-1-1080x1160.jpg\" width=\"640\" height=\"580\" title=\"\" alt=\"\" \/><img loading=\"lazy\" decoding=\"async\" class=\"stackgallery-item\" style=\"border: px solid #FFF\" src=\"https:\/\/menabeplongee.com\/wp-content\/uploads\/2018\/01\/pirogue-plage-1-1280x1080.jpg\" width=\"640\" height=\"580\" title=\"\" alt=\"\" \/><img loading=\"lazy\" decoding=\"async\" class=\"stackgallery-item\" style=\"border: px solid #FFF\" src=\"https:\/\/menabeplongee.com\/wp-content\/uploads\/2018\/01\/2014-03-18-0831-268.jpg\" width=\"640\" height=\"580\" title=\"\" alt=\"\" \/><div><a href=\"#\"><span class=\" stackgallery-prev\"><\/span><\/a><\/div><div><a href=\"#\"><span class=\" stackgallery-next\"><\/span><\/a><\/div><\/div>[\/vc_column][\/vc_row][vc_row][vc_column][vc_empty_space height=&#8221;50px&#8221; hide_on_mobile=&#8221;&#8221;][\/vc_column][\/vc_row][vc_row][vc_column width=&#8221;1\/6&#8243;][vc_single_image image=&#8221;2033&#8243; img_size=&#8221;full&#8221; style=&#8221;vc_box_border&#8221; border_color=&#8221;orange&#8221; onclick=&#8221;link_image&#8221; css_animation=&#8221;fadeInLeft&#8221;][\/vc_column][vc_column width=&#8221;3\/6&#8243;][vc_column_text]<strong>Nicolas<\/strong>, manager and instructor at Menabe Diving since 2004,<br \/>\nwill take you on a<strong> diving cruise<\/strong> to share his passion and discover marine life in <strong>Madagascar<\/strong>.<\/p>\n<ul>\n<li>COACHING \/ TRAINING \/ EXPLORATION<\/li>\n<li>IDC STAFF PADI INSTRUCTOR<\/li>\n<li>EFR INSTRUCTOR<\/li>\n<li>DAN OXYGENOTHERAPIE INSTRUCTOR<\/li>\n<li>SPECIALITY INSTRUCTOR:\n<ul>\n<li>Enrichied air<\/li>\n<li>Deep<\/li>\n<li>Ship Wreck<\/li>\n<li>Nocturnal<\/li>\n<li>Photography<\/li>\n<li>Reef conservation<\/li>\n<\/ul>\n<\/li>\n<\/ul>\n<p>[\/vc_column_text][\/vc_column][vc_column width=&#8221;2\/6&#8243;][vc_single_image image=&#8221;2053&#8243; img_size=&#8221;full&#8221; style=&#8221;vc_box_border&#8221; border_color=&#8221;orange&#8221; onclick=&#8221;link_image&#8221; css_animation=&#8221;fadeInUp&#8221;][\/vc_column][\/vc_row]<\/p>\n","protected":false},"excerpt":{"rendered":"<p>[vc_row][vc_column width=&#8221;1\/2&#8243;][vc_empty_space hide_on_mobile=&#8221;&#8221;][vc_column_text]Located in the southwestern basin of INDIAN OCEAN, MADAGASCAR, the 4th largest island on the planet, is bordered&hellip;<\/p>\n","protected":false},"author":1,"featured_media":2088,"parent":0,"menu_order":0,"comment_status":"closed","ping_status":"closed","template":"","meta":{"footnotes":""},"class_list":["post-2504","page","type-page","status-publish","has-post-thumbnail","hentry"],"yoast_head":"<!-- This site is optimized with the Yoast SEO plugin v25.3.1 - https:\/\/yoast.com\/wordpress\/plugins\/seo\/ -->\n<title>About Us - Menabe Plong\u00e9e<\/title>\n<meta name=\"robots\" content=\"index, follow, max-snippet:-1, max-image-preview:large, max-video-preview:-1\" \/>\n<link rel=\"canonical\" href=\"https:\/\/menabeplongee.com\/a-propos\/\" \/>\n<meta property=\"og:locale\" content=\"en_US\" \/>\n<meta property=\"og:type\" content=\"article\" \/>\n<meta property=\"og:title\" content=\"About Us - Menabe Plong\u00e9e\" \/>\n<meta property=\"og:description\" content=\"[vc_row][vc_column width=&#8221;1\/2&#8243;][vc_empty_space hide_on_mobile=&#8221;&#8221;][vc_column_text]Located in the southwestern basin of INDIAN OCEAN, MADAGASCAR, the 4th largest island on the planet, is bordered&hellip;\" \/>\n<meta property=\"og:url\" content=\"https:\/\/menabeplongee.com\/a-propos\/\" \/>\n<meta property=\"og:site_name\" content=\"Menabe Plong\u00e9e\" \/>\n<meta property=\"article:publisher\" content=\"https:\/\/www.facebook.com\/croisiereplongeeNosybe\/\" \/>\n<meta property=\"article:modified_time\" content=\"2020-02-04T06:36:33+00:00\" \/>\n<meta property=\"og:image\" content=\"https:\/\/menabeplongee.com\/wp-content\/uploads\/2018\/01\/APropos.png\" \/>\n\t<meta property=\"og:image:width\" content=\"2050\" \/>\n\t<meta property=\"og:image:height\" content=\"452\" \/>\n\t<meta property=\"og:image:type\" content=\"image\/png\" \/>\n<meta name=\"twitter:card\" content=\"summary_large_image\" \/>\n<meta name=\"twitter:label1\" content=\"Est. reading time\" \/>\n\t<meta name=\"twitter:data1\" content=\"2 minutes\" \/>\n<script type=\"application\/ld+json\" class=\"yoast-schema-graph\">{\"@context\":\"https:\/\/schema.org\",\"@graph\":[{\"@type\":\"WebPage\",\"@id\":\"https:\/\/menabeplongee.com\/a-propos\/\",\"url\":\"https:\/\/menabeplongee.com\/a-propos\/\",\"name\":\"About Us - Menabe Plong\u00e9e\",\"isPartOf\":{\"@id\":\"https:\/\/menabeplongee.com\/#website\"},\"primaryImageOfPage\":{\"@id\":\"https:\/\/menabeplongee.com\/a-propos\/#primaryimage\"},\"image\":{\"@id\":\"https:\/\/menabeplongee.com\/a-propos\/#primaryimage\"},\"thumbnailUrl\":\"https:\/\/menabeplongee.com\/wp-content\/uploads\/2018\/01\/APropos.png\",\"datePublished\":\"2018-01-23T09:15:58+00:00\",\"dateModified\":\"2020-02-04T06:36:33+00:00\",\"breadcrumb\":{\"@id\":\"https:\/\/menabeplongee.com\/a-propos\/#breadcrumb\"},\"inLanguage\":\"en-US\",\"potentialAction\":[{\"@type\":\"ReadAction\",\"target\":[\"https:\/\/menabeplongee.com\/a-propos\/\"]}]},{\"@type\":\"ImageObject\",\"inLanguage\":\"en-US\",\"@id\":\"https:\/\/menabeplongee.com\/a-propos\/#primaryimage\",\"url\":\"https:\/\/menabeplongee.com\/wp-content\/uploads\/2018\/01\/APropos.png\",\"contentUrl\":\"https:\/\/menabeplongee.com\/wp-content\/uploads\/2018\/01\/APropos.png\",\"width\":2050,\"height\":452},{\"@type\":\"BreadcrumbList\",\"@id\":\"https:\/\/menabeplongee.com\/a-propos\/#breadcrumb\",\"itemListElement\":[{\"@type\":\"ListItem\",\"position\":1,\"name\":\"Home\",\"item\":\"https:\/\/menabeplongee.com\/en\/\"},{\"@type\":\"ListItem\",\"position\":2,\"name\":\"About Us\"}]},{\"@type\":\"WebSite\",\"@id\":\"https:\/\/menabeplongee.com\/#website\",\"url\":\"https:\/\/menabeplongee.com\/\",\"name\":\"Menabe Plong\u00e9e\",\"description\":\"Croisi\u00e8re plong\u00e9e a Nosy be MADAGASCAR\",\"potentialAction\":[{\"@type\":\"SearchAction\",\"target\":{\"@type\":\"EntryPoint\",\"urlTemplate\":\"https:\/\/menabeplongee.com\/?s={search_term_string}\"},\"query-input\":{\"@type\":\"PropertyValueSpecification\",\"valueRequired\":true,\"valueName\":\"search_term_string\"}}],\"inLanguage\":\"en-US\"}]}<\/script>\n<!-- \/ Yoast SEO plugin. -->","yoast_head_json":{"title":"About Us - Menabe Plong\u00e9e","robots":{"index":"index","follow":"follow","max-snippet":"max-snippet:-1","max-image-preview":"max-image-preview:large","max-video-preview":"max-video-preview:-1"},"canonical":"https:\/\/menabeplongee.com\/a-propos\/","og_locale":"en_US","og_type":"article","og_title":"About Us - Menabe Plong\u00e9e","og_description":"[vc_row][vc_column width=&#8221;1\/2&#8243;][vc_empty_space hide_on_mobile=&#8221;&#8221;][vc_column_text]Located in the southwestern basin of INDIAN OCEAN, MADAGASCAR, the 4th largest island on the planet, is bordered&hellip;","og_url":"https:\/\/menabeplongee.com\/a-propos\/","og_site_name":"Menabe Plong\u00e9e","article_publisher":"https:\/\/www.facebook.com\/croisiereplongeeNosybe\/","article_modified_time":"2020-02-04T06:36:33+00:00","og_image":[{"width":2050,"height":452,"url":"https:\/\/menabeplongee.com\/wp-content\/uploads\/2018\/01\/APropos.png","type":"image\/png"}],"twitter_card":"summary_large_image","twitter_misc":{"Est. reading time":"2 minutes"},"schema":{"@context":"https:\/\/schema.org","@graph":[{"@type":"WebPage","@id":"https:\/\/menabeplongee.com\/a-propos\/","url":"https:\/\/menabeplongee.com\/a-propos\/","name":"About Us - Menabe Plong\u00e9e","isPartOf":{"@id":"https:\/\/menabeplongee.com\/#website"},"primaryImageOfPage":{"@id":"https:\/\/menabeplongee.com\/a-propos\/#primaryimage"},"image":{"@id":"https:\/\/menabeplongee.com\/a-propos\/#primaryimage"},"thumbnailUrl":"https:\/\/menabeplongee.com\/wp-content\/uploads\/2018\/01\/APropos.png","datePublished":"2018-01-23T09:15:58+00:00","dateModified":"2020-02-04T06:36:33+00:00","breadcrumb":{"@id":"https:\/\/menabeplongee.com\/a-propos\/#breadcrumb"},"inLanguage":"en-US","potentialAction":[{"@type":"ReadAction","target":["https:\/\/menabeplongee.com\/a-propos\/"]}]},{"@type":"ImageObject","inLanguage":"en-US","@id":"https:\/\/menabeplongee.com\/a-propos\/#primaryimage","url":"https:\/\/menabeplongee.com\/wp-content\/uploads\/2018\/01\/APropos.png","contentUrl":"https:\/\/menabeplongee.com\/wp-content\/uploads\/2018\/01\/APropos.png","width":2050,"height":452},{"@type":"BreadcrumbList","@id":"https:\/\/menabeplongee.com\/a-propos\/#breadcrumb","itemListElement":[{"@type":"ListItem","position":1,"name":"Home","item":"https:\/\/menabeplongee.com\/en\/"},{"@type":"ListItem","position":2,"name":"About Us"}]},{"@type":"WebSite","@id":"https:\/\/menabeplongee.com\/#website","url":"https:\/\/menabeplongee.com\/","name":"Menabe Plong\u00e9e","description":"Croisi\u00e8re plong\u00e9e a Nosy be MADAGASCAR","potentialAction":[{"@type":"SearchAction","target":{"@type":"EntryPoint","urlTemplate":"https:\/\/menabeplongee.com\/?s={search_term_string}"},"query-input":{"@type":"PropertyValueSpecification","valueRequired":true,"valueName":"search_term_string"}}],"inLanguage":"en-US"}]}},"_links":{"self":[{"href":"https:\/\/menabeplongee.com\/en\/wp-json\/wp\/v2\/pages\/2504","targetHints":{"allow":["GET"]}}],"collection":[{"href":"https:\/\/menabeplongee.com\/en\/wp-json\/wp\/v2\/pages"}],"about":[{"href":"https:\/\/menabeplongee.com\/en\/wp-json\/wp\/v2\/types\/page"}],"author":[{"embeddable":true,"href":"https:\/\/menabeplongee.com\/en\/wp-json\/wp\/v2\/users\/1"}],"replies":[{"embeddable":true,"href":"https:\/\/menabeplongee.com\/en\/wp-json\/wp\/v2\/comments?post=2504"}],"version-history":[{"count":5,"href":"https:\/\/menabeplongee.com\/en\/wp-json\/wp\/v2\/pages\/2504\/revisions"}],"predecessor-version":[{"id":2649,"href":"https:\/\/menabeplongee.com\/en\/wp-json\/wp\/v2\/pages\/2504\/revisions\/2649"}],"wp:featuredmedia":[{"embeddable":true,"href":"https:\/\/menabeplongee.com\/en\/wp-json\/wp\/v2\/media\/2088"}],"wp:attachment":[{"href":"https:\/\/menabeplongee.com\/en\/wp-json\/wp\/v2\/media?parent=2504"}],"curies":[{"name":"wp","href":"https:\/\/api.w.org\/{rel}","templated":true}]}}