{"id":2478,"date":"2016-10-11T08:28:05","date_gmt":"2016-10-11T08:28:05","guid":{"rendered":"http:\/\/menabeplongee.com\/accueil\/"},"modified":"2020-02-04T08:46:28","modified_gmt":"2020-02-04T07:46:28","slug":"home","status":"publish","type":"page","link":"https:\/\/menabeplongee.com\/en\/","title":{"rendered":"Home"},"content":{"rendered":"<p>[vc_row full_width=&#8221;stretch_row_content_no_spaces&#8221;][vc_column][rev_slider_vc alias=&#8221;home-en&#8221;][\/vc_column][\/vc_row][vc_row full_width=&#8221;stretch_row&#8221; css=&#8221;.vc_custom_1476947842768{padding-top: 5.8em !important;padding-bottom: 7.1em !important;}&#8221;][vc_column width=&#8221;1\/3&#8243; css=&#8221;.vc_custom_1476947699499{padding-right: 2em !important;}&#8221;][vc_single_image image=&#8221;1905&#8243; img_size=&#8221;300&#215;320&#8243; alignment=&#8221;right&#8221;][\/vc_column][vc_column width=&#8221;2\/3&#8243; css=&#8221;.vc_custom_1476947748964{padding-top: 2.5em !important;padding-left: 2.9em !important;}&#8221;]<div id=\"sc_title_23090907\"\n\t\tclass=\"scheme_default sc_title sc_title_default\"><h3 class=\"sc_item_title sc_title_title sc_align_left sc_item_title_style_title-medium-size-style\">Madagascar diving cruise<\/h3><\/div><!-- \/.sc_title -->[vc_column_text css=&#8221;.vc_custom_1580806013945{margin-top: 2em !important;margin-bottom: 2em !important;}&#8221;]The <strong>MENABE PLONGEE, MADAGASCAR<\/strong> diving cruise, opens the waters of the Mozambique Canal&#8230;<\/p>\n<p><strong>MENABE PLONGEE <\/strong>offers you to discover unexploited waters, where you will enjoy a private safari diving cruise in <strong>MADAGASCAR<\/strong>.[\/vc_column_text]<div class=\"sc_item_button sc_button_wrap\"><a href=\"\/en\/about-us\/\"\n\t id=\"sc_button_1337225621\" \n\tclass=\"sc_button sc_button_default sc_button_size_normal sc_button_icon_left\"\n\t\t><span class=\"sc_button_text\"><span class=\"sc_button_title\">FIND OUT MORE<\/span><\/span><!-- \/.sc_button_text --><\/a><!-- \/.sc_button --><\/div><!-- \/.sc_item_button -->[\/vc_column][\/vc_row][vc_row full_width=&#8221;stretch_row&#8221; parallax=&#8221;content-moving&#8221; parallax_image=&#8221;1374&#8243; css=&#8221;.vc_custom_1517905645710{padding-top: 12.8em !important;padding-bottom: 13.7em !important;background-image: url(https:\/\/menabeplongee.com\/wp-content\/uploads\/2018\/02\/2014-03-15-1116-108-1.jpg?id=1374) !important;}&#8221;][vc_column width=&#8221;1\/12&#8243;][\/vc_column][vc_column width=&#8221;5\/6&#8243;]<div id=\"sc_title_1629318509\"\n\t\tclass=\"sc_title sc_title_default\"><h3 class=\"sc_item_title sc_title_title sc_align_center sc_item_title_style_inverse-title-style\">Pure diving<\/h3><\/div><!-- \/.sc_title -->[vc_column_text css=&#8221;.vc_custom_1580801216230{margin-top: 2em !important;margin-bottom: 2em !important;}&#8221;]<\/p>\n<p style=\"text-align: center;\"><span style=\"color: #ffffff; text-shadow: 1px 0 0 #000, -1px 0 0 #000, 0 1px 0 #000, 0 -1px 0 #000, 1px 1px #000, -1px -1px 0 #000, 1px -1px 0 #000, -1px 1px 0 #000;\"><big>In privileged or in small groups, discover healthy reefs.<br \/>\nOur dive cruises allow you to immerse yourself in diving spots with remarkable biodiversity.<\/big><\/span><\/p>\n<p>[\/vc_column_text]<div class=\"sc_item_button sc_button_wrap sc_align_center\"><a href=\"\/en\/contact\/\"\n\t id=\"sc_button_380393218\" \n\tclass=\"sc_button sc_button_light-style sc_button_size_normal sc_button_icon_left\"\n\t\t><span class=\"sc_button_text\"><span class=\"sc_button_title\">BOOK NOW<\/span><\/span><!-- \/.sc_button_text --><\/a><!-- \/.sc_button --><\/div><!-- \/.sc_item_button -->[\/vc_column][\/vc_row][vc_row full_width=&#8221;stretch_row&#8221; css=&#8221;.vc_custom_1476961881109{padding-top: 6.9em !important;padding-bottom: 7.3em !important;background-image: url(https:\/\/menabeplongee.com\/wp-content\/uploads\/2016\/10\/background-1.jpg?id=320) !important;}&#8221;][vc_column]<div id=\"sc_title_1616594662\"\n\t\tclass=\"sc_title sc_title_default  vc_custom_1580569242694\"><h3 class=\"sc_item_title sc_title_title sc_align_center sc_item_title_style_title-medium-size-style\">What we do<\/h3><\/div><!-- \/.sc_title -->[vc_row_inner][vc_column_inner width=&#8221;1\/3&#8243;]<div class=\" cq-flipbox-container cq-bottomtop\" data-frontbg=\"#CCD1D9\" data-backbg=\"#AAB2BD\" data-fontcolor=\"\" data-face1=\"cq-flipbox-left\" data-face2=\"cq-flipbox-right\" data-flipdirection=\"bottomtop\" data-elementheight=\"269\" data-avatarsize=\"86\" data-frontcontentcolor=\"\" data-backcontentcolor=\"#2d4059\" data-titlesize=\"1.4em\" data-contentsize=\"1.2em\" data-contentwidth=\"\" data-iconcolor=\"\" data-iconbg=\"#fdda7f\" data-elementmargin=\"30px 0 0\" data-elementwidth=\"\" data-cardborder=\"\" data-cardbordersize=\"\" data-bordercolor=\"#999\" data-backbuttonbg=\"\" data-backbuttonhoverbg=\"\" data-contentmargintop=\"\" data-cardshape=\"square\" data-frontfullimage=\"https:\/\/menabeplongee.com\/wp-content\/uploads\/2018\/01\/saut-de-baleine-1.jpg\" data-avatartype=\"none\" data-backfullimage=\"https:\/\/menabeplongee.com\/wp-content\/uploads\/2016\/10\/background-3.jpg\" data-backavatar=\"icon\"><a href=\"https:\/\/menabeplongee.com\/en\/gallery\/whales\/\" title=\"\" target=\"\" class=\"cq-flipbox-link\"><div class=\"cq-flipbox-flipper\"><div class=\"cq-flipbox-item cq-flipbox-left\" onclick=\"\"><div class=\"cq-flipbox-content\"><h4 class=\"cq-flipbox-title\">Whale and Shark Whale Safari<\/h4><\/div><\/div><div class=\"cq-flipbox-item cq-flipbox-right\" onclick=\"\"><div class=\"cq-flipbox-content\">While your navigation, depending on the seasons observe the giants of the sea.<\/div><\/div><\/div><\/a><\/div>[\/vc_column_inner][vc_column_inner width=&#8221;1\/3&#8243;]<div class=\" cq-flipbox-container cq-bottomtop\" data-frontbg=\"#CCD1D9\" data-backbg=\"#AAB2BD\" data-fontcolor=\"\" data-face1=\"cq-flipbox-left\" data-face2=\"cq-flipbox-right\" data-flipdirection=\"bottomtop\" data-elementheight=\"269\" data-avatarsize=\"86\" data-frontcontentcolor=\"\" data-backcontentcolor=\"#2d4059\" data-titlesize=\"1.4em\" data-contentsize=\"1.2em\" data-contentwidth=\"\" data-iconcolor=\"\" data-iconbg=\"#fdda7f\" data-elementmargin=\"30px 0 0\" data-elementwidth=\"\" data-cardborder=\"\" data-cardbordersize=\"\" data-bordercolor=\"#999\" data-backbuttonbg=\"\" data-backbuttonhoverbg=\"\" data-contentmargintop=\"\" data-cardshape=\"square\" data-frontfullimage=\"https:\/\/menabeplongee.com\/wp-content\/uploads\/2018\/01\/1.jpg\" data-avatartype=\"none\" data-backfullimage=\"https:\/\/menabeplongee.com\/wp-content\/uploads\/2016\/10\/background-3.jpg\" data-backavatar=\"icon\"><a href=\"https:\/\/menabeplongee.com\/en\/gallery\/diving\/\" title=\"\" target=\"\" class=\"cq-flipbox-link\"><div class=\"cq-flipbox-flipper\"><div class=\"cq-flipbox-item cq-flipbox-left\" onclick=\"\"><div class=\"cq-flipbox-content\"><h4 class=\"cq-flipbox-title\">Scuba Diving<\/h4><\/div><\/div><div class=\"cq-flipbox-item cq-flipbox-right\" onclick=\"\"><div class=\"cq-flipbox-content\">The MENABE PLONGEE, MADAGASCAR safari diving cruise, makes you discover the Mozambique Canal waters ...<\/div><\/div><\/div><\/a><\/div>[\/vc_column_inner][vc_column_inner width=&#8221;1\/3&#8243;]<div class=\" cq-flipbox-container cq-bottomtop\" data-frontbg=\"#CCD1D9\" data-backbg=\"#AAB2BD\" data-fontcolor=\"\" data-face1=\"cq-flipbox-left\" data-face2=\"cq-flipbox-right\" data-flipdirection=\"bottomtop\" data-elementheight=\"269\" data-avatarsize=\"86\" data-frontcontentcolor=\"\" data-backcontentcolor=\"#2d4059\" data-titlesize=\"1.4em\" data-contentsize=\"1.2em\" data-contentwidth=\"\" data-iconcolor=\"\" data-iconbg=\"#fdda7f\" data-elementmargin=\"30px 0 0\" data-elementwidth=\"\" data-cardborder=\"\" data-cardbordersize=\"\" data-bordercolor=\"#999\" data-backbuttonbg=\"\" data-backbuttonhoverbg=\"\" data-contentmargintop=\"\" data-cardshape=\"square\" data-frontfullimage=\"https:\/\/menabeplongee.com\/wp-content\/uploads\/2018\/01\/lemurien-nosybe-1.jpg\" data-avatartype=\"none\" data-backfullimage=\"https:\/\/menabeplongee.com\/wp-content\/uploads\/2016\/10\/background-3.jpg\" data-backavatar=\"icon\"><a href=\"https:\/\/menabeplongee.com\/en\/gallery\/stopover\/\" title=\"\" target=\"\" class=\"cq-flipbox-link\"><div class=\"cq-flipbox-flipper\"><div class=\"cq-flipbox-item cq-flipbox-left\" onclick=\"\"><div class=\"cq-flipbox-content\"><h4 class=\"cq-flipbox-title\">Sailing and Discovery<\/h4><\/div><\/div><div class=\"cq-flipbox-item cq-flipbox-right\" onclick=\"\"><div class=\"cq-flipbox-content\">Sailing in a catamaran.<\/p>\n<p>Each mooring will offer you superb walks on the islands<\/div><\/div><\/div><\/a><\/div>[\/vc_column_inner][\/vc_row_inner][\/vc_column][\/vc_row][vc_row full_width=&#8221;stretch_row&#8221; parallax=&#8221;content-moving&#8221; parallax_image=&#8221;450&#8243; css=&#8221;.vc_custom_1516959847116{padding-top: 10.5em !important;padding-bottom: 10.3em !important;background-image: url(https:\/\/menabeplongee.com\/wp-content\/uploads\/2018\/01\/background-6.jpg?id=892) !important;}&#8221;][vc_column]<div class=\"sc_testimonials sc_testimonials_simple swiper-slider-container slider_swiper slider_controls slider_controls_bottom slider_nopagination\" data-slides-min-width=\"150\"\t\t>\n\t\t<h3 class=\"sc_item_title sc_testimonials_title sc_align_center sc_item_title_style_default\">Diver's advices<\/h3><div class=\"sc_testimonials_slider sc_item_slider slides swiper-wrapper\"><div class=\"swiper-slide\">\t\t\t<div class=\"sc_testimonials_item\">\n\t\t\t\t<div class=\"sc_testimonials_item_content\"><p><strong>Superbe croisi\u00e8re ! \u00e0 faire absolument !<\/strong><\/p>\n<p>Nous avons fait une croisi\u00e8re de 5 jours avec Menab\u00e9 Plong\u00e9e. Accueil sympa, plong\u00e9es superbes&#8230; Nicolas est un h\u00f4te agr\u00e9able et tr\u00e8s pro. Nous le recommandons chaleureusement.<br \/>\nEric et Mariane.<\/p>\n<\/div>\n\t\t\t\t<div class=\"sc_testimonials_item_author\">\n\t\t\t\t\t<div class=\"sc_testimonials_item_author_data\">\n\t\t\t\t\t\t<h4 class=\"sc_testimonials_item_author_title\">Mariane C<\/h4>\n\t\t\t\t\t\t<div class=\"sc_testimonials_item_author_subtitle\">New York<\/div>\n\t\t\t\t\t<\/div>\n\t\t\t\t<\/div>\n\t\t\t<\/div>\n\t\t\t<\/div><div class=\"swiper-slide\">\t\t\t<div class=\"sc_testimonials_item\">\n\t\t\t\t<div class=\"sc_testimonials_item_content\"><p><strong>Pro et Sympa : Que du bonheur!<\/strong><\/p>\n<p>Nous avons eu la chance de naviguer et plonger avec Nicolas : Disponible, passionn\u00e9, pro.<br \/>\nAllez y : Que du bonheur!!<br \/>\nNicolas met tout en oeuvre pour rendre les plong\u00e9es inoubliables, toujours avec le sourire.<br \/>\nUn grand MERCI &#8211; Les &#8220;bigoud\u00e8nes &#8221; en folie (HiHiHi)<\/p>\n<\/div>\n\t\t\t\t<div class=\"sc_testimonials_item_author\">\n\t\t\t\t\t<div class=\"sc_testimonials_item_author_data\">\n\t\t\t\t\t\t<h4 class=\"sc_testimonials_item_author_title\">Olivier et Virginie<\/h4>\n\t\t\t\t\t\t<div class=\"sc_testimonials_item_author_subtitle\">New York<\/div>\n\t\t\t\t\t<\/div>\n\t\t\t\t<\/div>\n\t\t\t<\/div>\n\t\t\t<\/div><div class=\"swiper-slide\">\t\t\t<div class=\"sc_testimonials_item\">\n\t\t\t\t<div class=\"sc_testimonials_item_content\"><p><strong>Croisi\u00e8re plong\u00e9e aux \u00eeles Radames<\/strong><\/p>\n<p>Magnifique semaine dans un cadre idyllique. Merci \u00e0 Nicolas pour son professionnalisme et la qualit\u00e9 des plong\u00e9es qu&#8217;il propose. Une belle rencontre!<\/p>\n<\/div>\n\t\t\t\t<div class=\"sc_testimonials_item_author\">\n\t\t\t\t\t<div class=\"sc_testimonials_item_author_data\">\n\t\t\t\t\t\t<h4 class=\"sc_testimonials_item_author_title\">Isabelle E<\/h4>\n\t\t\t\t\t\t<div class=\"sc_testimonials_item_author_subtitle\">New York<\/div>\n\t\t\t\t\t<\/div>\n\t\t\t\t<\/div>\n\t\t\t<\/div>\n\t\t\t<\/div><\/div><div class=\"slider_controls_wrap\"><a class=\"slider_prev swiper-button-prev\" href=\"#\"><\/a><a class=\"slider_next swiper-button-next\" href=\"#\"><\/a><\/div><\/div><!-- \/.sc_testimonials -->[\/vc_column][\/vc_row][vc_row full_width=&#8221;stretch_row&#8221; css=&#8221;.vc_custom_1476967711533{padding-top: 6.8em !important;padding-bottom: 2.85em !important;}&#8221;][vc_column]<div class=\"sc_blogger sc_blogger_classic\" data-slides-per-view=\"3\" data-slides-min-width=\"150\"\t\t>\n\t\t<h3 class=\"sc_item_title sc_blogger_title sc_align_center sc_item_title_style_title-medium-size-style\">The last news<\/h3><div class=\"sc_blogger_columns sc_item_columns trx_addons_columns_wrap columns_padding_bottom\"><div class=\"trx_addons_column-1_3\"><div id=\"post-3105\"\tclass=\"sc_blogger_item post_format_image post-3105 post type-post status-publish format-image has-post-thumbnail hentry category-croisiere category-important category-voyage post_format-post-format-image\"><div class=\"post_featured with_thumb hover_icons sc_blogger_item_featured\"><img loading=\"lazy\" decoding=\"async\" width=\"740\" height=\"560\" src=\"https:\/\/menabeplongee.com\/wp-content\/uploads\/2026\/03\/Mouillage-3-4-AV2-1-740x560.jpg\" class=\"attachment-malta-thumb-classic size-malta-thumb-classic wp-post-image\" alt=\"Saison 2026 : LEVONS L\u2019ANCRE !\" \/><div class=\"mask\"><\/div>\t\t\t<div class=\"icons\">\n\t\t\t\t<a href=\"https:\/\/menabeplongee.com\/saison-2026-levons-lancre\/\" aria-hidden=\"true\" class=\"icon-link\"><\/a>\n\t\t\t<\/div>\n\t\t\t<\/div><div class=\"sc_blogger_item_content entry-content\"><div class=\"sc_blogger_item_header entry-header\"><h4 class=\"sc_blogger_item_title entry-title\"><a href=\"https:\/\/menabeplongee.com\/saison-2026-levons-lancre\/\" rel=\"bookmark\">Saison 2026 : LEVONS L\u2019ANCRE !<\/a><\/h4><div class=\"sc_blogger_post_meta post_meta\"><span class=\"post_meta_item post_date\"><a href=\"https:\/\/menabeplongee.com\/saison-2026-levons-lancre\/\">26 March 2026<\/a><\/span> <a href=\"https:\/\/menabeplongee.com\/saison-2026-levons-lancre\/#respond\" class=\"post_meta_item post_counters_item post_counters_comments trx_addons_icon-comment\"><span class=\"post_counters_number\">0<\/span><span class=\"post_counters_label\">Comments<\/span><\/a> <\/div><!-- .post_meta --><\/div><!-- .entry-header --><\/div><!-- .entry-content --><\/div><!-- .sc_blogger_item --><\/div><div class=\"trx_addons_column-1_3\"><div id=\"post-3100\"\tclass=\"sc_blogger_item post_format_image post-3100 post type-post status-publish format-image has-post-thumbnail hentry category-croisiere category-important category-plongee category-promotion post_format-post-format-image\"><div class=\"post_featured with_thumb hover_icons sc_blogger_item_featured\"><img loading=\"lazy\" decoding=\"async\" width=\"740\" height=\"560\" src=\"https:\/\/menabeplongee.com\/wp-content\/uploads\/2026\/01\/IMG_1016-740x560.jpg\" class=\"attachment-malta-thumb-classic size-malta-thumb-classic wp-post-image\" alt=\"Fin de saison 2025 exceptionnelle\u00a0!!!\" \/><div class=\"mask\"><\/div>\t\t\t<div class=\"icons\">\n\t\t\t\t<a href=\"https:\/\/menabeplongee.com\/fin-de-saison-2025-exceptionnelle\/\" aria-hidden=\"true\" class=\"icon-link\"><\/a>\n\t\t\t<\/div>\n\t\t\t<\/div><div class=\"sc_blogger_item_content entry-content\"><div class=\"sc_blogger_item_header entry-header\"><h4 class=\"sc_blogger_item_title entry-title\"><a href=\"https:\/\/menabeplongee.com\/fin-de-saison-2025-exceptionnelle\/\" rel=\"bookmark\">Fin de saison 2025 exceptionnelle\u00a0!!!<\/a><\/h4><div class=\"sc_blogger_post_meta post_meta\"><span class=\"post_meta_item post_date\"><a href=\"https:\/\/menabeplongee.com\/fin-de-saison-2025-exceptionnelle\/\">4 January 2026<\/a><\/span> <a href=\"https:\/\/menabeplongee.com\/fin-de-saison-2025-exceptionnelle\/#respond\" class=\"post_meta_item post_counters_item post_counters_comments trx_addons_icon-comment\"><span class=\"post_counters_number\">0<\/span><span class=\"post_counters_label\">Comments<\/span><\/a> <\/div><!-- .post_meta --><\/div><!-- .entry-header --><\/div><!-- .entry-content --><\/div><!-- .sc_blogger_item --><\/div><div class=\"trx_addons_column-1_3\"><div id=\"post-3094\"\tclass=\"sc_blogger_item post_format_image post-3094 post type-post status-publish format-image has-post-thumbnail hentry category-croisiere category-important category-mitsio category-radama category-voyage post_format-post-format-image\"><div class=\"post_featured with_thumb hover_icons sc_blogger_item_featured\"><img loading=\"lazy\" decoding=\"async\" width=\"740\" height=\"560\" src=\"https:\/\/menabeplongee.com\/wp-content\/uploads\/2025\/05\/379635202_1041884790593770_8053887692628207020_n-740x560.jpg\" class=\"attachment-malta-thumb-classic size-malta-thumb-classic wp-post-image\" alt=\"Croisi\u00e8re privil\u00e8ge \u00e0 MADAGASCAR\" \/><div class=\"mask\"><\/div>\t\t\t<div class=\"icons\">\n\t\t\t\t<a href=\"https:\/\/menabeplongee.com\/croisiere-privilege-a-madagascar-2\/\" aria-hidden=\"true\" class=\"icon-link\"><\/a>\n\t\t\t<\/div>\n\t\t\t<\/div><div class=\"sc_blogger_item_content entry-content\"><div class=\"sc_blogger_item_header entry-header\"><h4 class=\"sc_blogger_item_title entry-title\"><a href=\"https:\/\/menabeplongee.com\/croisiere-privilege-a-madagascar-2\/\" rel=\"bookmark\">Croisi\u00e8re privil\u00e8ge \u00e0 MADAGASCAR<\/a><\/h4><div class=\"sc_blogger_post_meta post_meta\"><span class=\"post_meta_item post_date\"><a href=\"https:\/\/menabeplongee.com\/croisiere-privilege-a-madagascar-2\/\">11 May 2025<\/a><\/span> <a href=\"https:\/\/menabeplongee.com\/croisiere-privilege-a-madagascar-2\/#respond\" class=\"post_meta_item post_counters_item post_counters_comments trx_addons_icon-comment\"><span class=\"post_counters_number\">0<\/span><span class=\"post_counters_label\">Comments<\/span><\/a> <\/div><!-- .post_meta --><\/div><!-- .entry-header --><\/div><!-- .entry-content --><\/div><!-- .sc_blogger_item --><\/div><\/div><\/div><!-- \/.sc_blogger -->[\/vc_column][\/vc_row][vc_row full_width=&#8221;stretch_row&#8221; css=&#8221;.vc_custom_1476968457181{padding-top: 4em !important;padding-bottom: 4em !important;background-image: url(https:\/\/menabeplongee.com\/wp-content\/uploads\/2016\/10\/bg_example_logo.jpg?id=626) !important;}&#8221;][vc_column width=&#8221;1\/6&#8243;][vc_single_image image=&#8221;2073&#8243; img_size=&#8221;full&#8221; alignment=&#8221;center&#8221;][\/vc_column][vc_column width=&#8221;1\/6&#8243;][vc_single_image image=&#8221;2072&#8243; img_size=&#8221;full&#8221; alignment=&#8221;center&#8221;][\/vc_column][vc_column width=&#8221;1\/6&#8243;][vc_single_image image=&#8221;2071&#8243; img_size=&#8221;full&#8221; alignment=&#8221;center&#8221;][\/vc_column][vc_column width=&#8221;1\/6&#8243;][vc_single_image image=&#8221;2070&#8243; img_size=&#8221;full&#8221; alignment=&#8221;center&#8221;][\/vc_column][vc_column width=&#8221;1\/6&#8243;][vc_single_image image=&#8221;2074&#8243; img_size=&#8221;full&#8221; alignment=&#8221;center&#8221;][\/vc_column][vc_column width=&#8221;1\/6&#8243;][vc_single_image image=&#8221;1873&#8243; img_size=&#8221;full&#8221; alignment=&#8221;center&#8221;][\/vc_column][\/vc_row]<\/p>\n","protected":false},"excerpt":{"rendered":"<p>[vc_row full_width=&#8221;stretch_row_content_no_spaces&#8221;][vc_column][rev_slider_vc alias=&#8221;home-en&#8221;][\/vc_column][\/vc_row][vc_row full_width=&#8221;stretch_row&#8221; css=&#8221;.vc_custom_1476947842768{padding-top: 5.8em !important;padding-bottom: 7.1em !important;}&#8221;][vc_column width=&#8221;1\/3&#8243; css=&#8221;.vc_custom_1476947699499{padding-right: 2em !important;}&#8221;][vc_single_image image=&#8221;1905&#8243; img_size=&#8221;300&#215;320&#8243; alignment=&#8221;right&#8221;][\/vc_column][vc_column width=&#8221;2\/3&#8243; css=&#8221;.vc_custom_1476947748964{padding-top: 2.5em !important;padding-left:&hellip;<\/p>\n","protected":false},"author":1,"featured_media":0,"parent":0,"menu_order":0,"comment_status":"closed","ping_status":"closed","template":"","meta":{"footnotes":""},"class_list":["post-2478","page","type-page","status-publish","hentry"],"yoast_head":"<!-- This site is optimized with the Yoast SEO plugin v25.3.1 - https:\/\/yoast.com\/wordpress\/plugins\/seo\/ -->\n<title>Menabe Plong\u00e9e - Croisi\u00e8re Plong\u00e9e \u00e0 Nosy Be Madagascar<\/title>\n<meta name=\"description\" content=\"Croisi\u00e8res plong\u00e9es au d\u00e9part de Nosy Be. Ile Radama, archipel des Mitsio, baie du courrier. Parcours et prestations \u00e0 la carte\" \/>\n<meta name=\"robots\" content=\"index, follow, max-snippet:-1, max-image-preview:large, max-video-preview:-1\" \/>\n<link rel=\"canonical\" href=\"https:\/\/menabeplongee.com\/en\/\" \/>\n<meta property=\"og:locale\" content=\"en_US\" \/>\n<meta property=\"og:type\" content=\"article\" \/>\n<meta property=\"og:title\" content=\"Menabe Plong\u00e9e - Croisi\u00e8re Plong\u00e9e \u00e0 Nosy Be Madagascar\" \/>\n<meta property=\"og:description\" content=\"Croisi\u00e8res plong\u00e9es au d\u00e9part de Nosy Be. Ile Radama, archipel des Mitsio, baie du courrier. Parcours et prestations \u00e0 la carte\" \/>\n<meta property=\"og:url\" content=\"https:\/\/menabeplongee.com\/en\/\" \/>\n<meta property=\"og:site_name\" content=\"Menabe Plong\u00e9e\" \/>\n<meta property=\"article:publisher\" content=\"https:\/\/www.facebook.com\/croisiereplongeeNosybe\/\" \/>\n<meta property=\"article:modified_time\" content=\"2020-02-04T07:46:28+00:00\" \/>\n<meta property=\"og:image\" content=\"https:\/\/menabeplongee.com\/wp-content\/uploads\/2018\/02\/LOGO-menabe-plongee.png\" \/>\n<meta name=\"twitter:card\" content=\"summary_large_image\" \/>\n<meta name=\"twitter:label1\" content=\"Est. reading time\" \/>\n\t<meta name=\"twitter:data1\" content=\"4 minutes\" \/>\n<script type=\"application\/ld+json\" class=\"yoast-schema-graph\">{\"@context\":\"https:\/\/schema.org\",\"@graph\":[{\"@type\":\"WebPage\",\"@id\":\"https:\/\/menabeplongee.com\/en\/\",\"url\":\"https:\/\/menabeplongee.com\/en\/\",\"name\":\"Menabe Plong\u00e9e - Croisi\u00e8re Plong\u00e9e \u00e0 Nosy Be Madagascar\",\"isPartOf\":{\"@id\":\"https:\/\/menabeplongee.com\/#website\"},\"datePublished\":\"2016-10-11T08:28:05+00:00\",\"dateModified\":\"2020-02-04T07:46:28+00:00\",\"description\":\"Croisi\u00e8res plong\u00e9es au d\u00e9part de Nosy Be. Ile Radama, archipel des Mitsio, baie du courrier. Parcours et prestations \u00e0 la carte\",\"breadcrumb\":{\"@id\":\"https:\/\/menabeplongee.com\/en\/#breadcrumb\"},\"inLanguage\":\"en-US\",\"potentialAction\":[{\"@type\":\"ReadAction\",\"target\":[\"https:\/\/menabeplongee.com\/en\/\"]}]},{\"@type\":\"BreadcrumbList\",\"@id\":\"https:\/\/menabeplongee.com\/en\/#breadcrumb\",\"itemListElement\":[{\"@type\":\"ListItem\",\"position\":1,\"name\":\"Home\",\"item\":\"https:\/\/menabeplongee.com\/en\/\"},{\"@type\":\"ListItem\",\"position\":2,\"name\":\"Home\"}]},{\"@type\":\"WebSite\",\"@id\":\"https:\/\/menabeplongee.com\/#website\",\"url\":\"https:\/\/menabeplongee.com\/\",\"name\":\"Menabe Plong\u00e9e\",\"description\":\"Croisi\u00e8re plong\u00e9e a Nosy be MADAGASCAR\",\"potentialAction\":[{\"@type\":\"SearchAction\",\"target\":{\"@type\":\"EntryPoint\",\"urlTemplate\":\"https:\/\/menabeplongee.com\/?s={search_term_string}\"},\"query-input\":{\"@type\":\"PropertyValueSpecification\",\"valueRequired\":true,\"valueName\":\"search_term_string\"}}],\"inLanguage\":\"en-US\"}]}<\/script>\n<!-- \/ Yoast SEO plugin. -->","yoast_head_json":{"title":"Menabe Plong\u00e9e - Croisi\u00e8re Plong\u00e9e \u00e0 Nosy Be Madagascar","description":"Croisi\u00e8res plong\u00e9es au d\u00e9part de Nosy Be. Ile Radama, archipel des Mitsio, baie du courrier. Parcours et prestations \u00e0 la carte","robots":{"index":"index","follow":"follow","max-snippet":"max-snippet:-1","max-image-preview":"max-image-preview:large","max-video-preview":"max-video-preview:-1"},"canonical":"https:\/\/menabeplongee.com\/en\/","og_locale":"en_US","og_type":"article","og_title":"Menabe Plong\u00e9e - Croisi\u00e8re Plong\u00e9e \u00e0 Nosy Be Madagascar","og_description":"Croisi\u00e8res plong\u00e9es au d\u00e9part de Nosy Be. Ile Radama, archipel des Mitsio, baie du courrier. Parcours et prestations \u00e0 la carte","og_url":"https:\/\/menabeplongee.com\/en\/","og_site_name":"Menabe Plong\u00e9e","article_publisher":"https:\/\/www.facebook.com\/croisiereplongeeNosybe\/","article_modified_time":"2020-02-04T07:46:28+00:00","og_image":[{"url":"https:\/\/menabeplongee.com\/wp-content\/uploads\/2018\/02\/LOGO-menabe-plongee.png","type":"","width":"","height":""}],"twitter_card":"summary_large_image","twitter_misc":{"Est. reading time":"4 minutes"},"schema":{"@context":"https:\/\/schema.org","@graph":[{"@type":"WebPage","@id":"https:\/\/menabeplongee.com\/en\/","url":"https:\/\/menabeplongee.com\/en\/","name":"Menabe Plong\u00e9e - Croisi\u00e8re Plong\u00e9e \u00e0 Nosy Be Madagascar","isPartOf":{"@id":"https:\/\/menabeplongee.com\/#website"},"datePublished":"2016-10-11T08:28:05+00:00","dateModified":"2020-02-04T07:46:28+00:00","description":"Croisi\u00e8res plong\u00e9es au d\u00e9part de Nosy Be. Ile Radama, archipel des Mitsio, baie du courrier. Parcours et prestations \u00e0 la carte","breadcrumb":{"@id":"https:\/\/menabeplongee.com\/en\/#breadcrumb"},"inLanguage":"en-US","potentialAction":[{"@type":"ReadAction","target":["https:\/\/menabeplongee.com\/en\/"]}]},{"@type":"BreadcrumbList","@id":"https:\/\/menabeplongee.com\/en\/#breadcrumb","itemListElement":[{"@type":"ListItem","position":1,"name":"Home","item":"https:\/\/menabeplongee.com\/en\/"},{"@type":"ListItem","position":2,"name":"Home"}]},{"@type":"WebSite","@id":"https:\/\/menabeplongee.com\/#website","url":"https:\/\/menabeplongee.com\/","name":"Menabe Plong\u00e9e","description":"Croisi\u00e8re plong\u00e9e a Nosy be MADAGASCAR","potentialAction":[{"@type":"SearchAction","target":{"@type":"EntryPoint","urlTemplate":"https:\/\/menabeplongee.com\/?s={search_term_string}"},"query-input":{"@type":"PropertyValueSpecification","valueRequired":true,"valueName":"search_term_string"}}],"inLanguage":"en-US"}]}},"_links":{"self":[{"href":"https:\/\/menabeplongee.com\/en\/wp-json\/wp\/v2\/pages\/2478","targetHints":{"allow":["GET"]}}],"collection":[{"href":"https:\/\/menabeplongee.com\/en\/wp-json\/wp\/v2\/pages"}],"about":[{"href":"https:\/\/menabeplongee.com\/en\/wp-json\/wp\/v2\/types\/page"}],"author":[{"embeddable":true,"href":"https:\/\/menabeplongee.com\/en\/wp-json\/wp\/v2\/users\/1"}],"replies":[{"embeddable":true,"href":"https:\/\/menabeplongee.com\/en\/wp-json\/wp\/v2\/comments?post=2478"}],"version-history":[{"count":10,"href":"https:\/\/menabeplongee.com\/en\/wp-json\/wp\/v2\/pages\/2478\/revisions"}],"predecessor-version":[{"id":2663,"href":"https:\/\/menabeplongee.com\/en\/wp-json\/wp\/v2\/pages\/2478\/revisions\/2663"}],"wp:attachment":[{"href":"https:\/\/menabeplongee.com\/en\/wp-json\/wp\/v2\/media?parent=2478"}],"curies":[{"name":"wp","href":"https:\/\/api.w.org\/{rel}","templated":true}]}}